{"id":2084,"date":"2023-06-28T09:21:58","date_gmt":"2023-06-28T06:21:58","guid":{"rendered":"https:\/\/sintorislaw.gr\/?page_id=2084"},"modified":"2023-06-28T09:21:59","modified_gmt":"2023-06-28T06:21:59","slug":"astiko-dikaio","status":"publish","type":"page","link":"https:\/\/sintorislaw.gr\/it\/astiko-dikaio\/","title":{"rendered":"Diritto civile"},"content":{"rendered":"<p>I servizi legali nel campo del diritto civile greco sono forniti dallo studio legale specializzato \"<strong>G&amp;K Sidoris e soci<\/strong>\", con sede a Igoumenitsa e attivo nella pi\u00f9 ampia regione di Ioannina, che offre consulenza, rappresentanza legale e assistenza nella gestione di casi complessi di diritto civile.<\/p>\n\n\n\n<p>In particolare, il Codice civile greco \u00e8 suddiviso in cinque parti, ognuna delle quali tratta aspetti specifici del diritto civile:<\/p>\n\n\n\n<p><strong>Principi generali<\/strong>Questa parte descrive i principi e le definizioni fondamentali che si applicano a tutte le aree del diritto civile. Copre concetti quali la personalit\u00e0 giuridica, la capacit\u00e0, la rappresentanza e i negozi giuridici.<\/p>\n\n\n\n<p><strong>Diritto della responsabilit\u00e0 civile<\/strong>Questa parte regola le obbligazioni contrattuali ed extracontrattuali. Definisce gli elementi di un contratto valido, i diritti e gli obblighi delle parti coinvolte e le conseguenze dell'inadempimento o della violazione del contratto. Si occupa inoltre della responsabilit\u00e0 civile e del risarcimento dei danni causati da atti illeciti.<\/p>\n\n\n\n<p>A titolo indicativo, nel diritto della responsabilit\u00e0 civile si intraprendono cause per:<\/p>\n\n\n\n<ul class=\"wp-block-list\">\n<li>Locazioni residenziali e commerciali<\/li>\n\n\n\n<li>Cause legali o&nbsp;<strong>ordini per l'esecuzione del contratto di locazione<\/strong><\/li>\n\n\n\n<li>Azioni per responsabilit\u00e0 civile&nbsp;<\/li>\n<\/ul>\n\n\n\n<p><strong>Diritto reale<\/strong>Il diritto di propriet\u00e0 disciplina i diritti e gli obblighi relativi alla propriet\u00e0, al possesso e all'uso dei beni. Comprende le disposizioni relative ai beni immobili, ai beni mobili, alla propriet\u00e0 intellettuale e a vari tipi di diritti reali, come le servit\u00f9 e le ipoteche.<\/p>\n\n\n\n<p>A titolo indicativo, nel campo del diritto di propriet\u00e0, ci occupiamo di casi per:<\/p>\n\n\n\n<ul class=\"wp-block-list\">\n<li><strong>Comprare e vendere<\/strong>&nbsp;beni immobili e controllo dei titoli di propriet\u00e0<\/li>\n\n\n\n<li>Fornire consulenza sugli investimenti<\/li>\n\n\n\n<li>Azioni assertive<\/li>\n\n\n\n<li>Domande di rettifica di iscrizioni catastali<\/li>\n\n\n\n<li>Cause di distribuzione<\/li>\n<\/ul>\n\n\n\n<p><strong>Diritto di famiglia<\/strong>Il diritto di famiglia si occupa di questioni relative al matrimonio, al divorzio, ai diritti e ai doveri dei genitori, all'adozione e all'affidamento dei figli. Regola gli aspetti legali delle relazioni familiari, garantendo la tutela dei diritti e degli interessi di coniugi, genitori e figli.<\/p>\n\n\n\n<p>A titolo indicativo, nel diritto di famiglia affrontiamo casi per:<\/p>\n\n\n\n<ul class=\"wp-block-list\">\n<li>Azioni di divorzio&nbsp;<\/li>\n\n\n\n<li>Azioni di custodia e mantenimento e ingiunzioni<\/li>\n\n\n\n<li>Azioni di riconoscimento o di violazione della paternit\u00e0<\/li>\n\n\n\n<li>Domande di adozione<\/li>\n<\/ul>\n\n\n\n<p><strong>Diritto di successione<\/strong>Questa parte del diritto civile regola il trasferimento di propriet\u00e0 e beni immobili dopo la morte di una persona. Si occupa di questioni quali i testamenti, la successione intestata, i diritti e gli obblighi degli eredi e l'amministrazione e la distribuzione dei beni del defunto.<\/p>\n\n\n\n<p>A titolo indicativo, nel diritto successorio affrontiamo casi per:<\/p>\n\n\n\n<ul class=\"wp-block-list\">\n<li>Consulenza in materia testamentaria<\/li>\n\n\n\n<li>Questioni particolari di successione&nbsp;<\/li>\n\n\n\n<li>Azioni di impugnazione di testamenti<\/li>\n<\/ul>\n\n\n\n<p>Il diritto civile greco incorpora anche i principi del diritto dell'Unione Europea e dei trattati internazionali di cui la Grecia \u00e8 parte. \u00c8 interpretato e applicato dai tribunali e dai giuristi del Paese.<\/p>\n\n\n\n<p>Il nostro studio legale specializzato fornisce tutti questi servizi legali nel campo del diritto civile greco, offrendo consulenza, rappresentanza legale e assistenza nella gestione di casi complessi di diritto civile nella prefettura dell'Epiro e a Corf\u00f9.&nbsp;<a href=\"https:\/\/sintorislaw.gr\/it\/epikoinwnia\/\">Contattateci<\/a>oggi stesso per il vostro caso.<\/p>","protected":false},"excerpt":{"rendered":"<p>\u039f\u03b9 \u03bd\u03bf\u03bc\u03b9\u03ba\u03ad\u03c2 \u03c5\u03c0\u03b7\u03c1\u03b5\u03c3\u03af\u03b5\u03c2 \u03c3\u03c4\u03bf\u03bd \u03c4\u03bf\u03bc\u03ad\u03b1 \u03c4\u03bf\u03c5 \u03b5\u03bb\u03bb\u03b7\u03bd\u03b9\u03ba\u03bf\u03cd \u03b1\u03c3\u03c4\u03b9\u03ba\u03bf\u03cd \u03b4\u03b9\u03ba\u03b1\u03af\u03bf\u03c5 \u03c0\u03b1\u03c1\u03ad\u03c7\u03bf\u03bd\u03c4\u03b1\u03b9 \u03b1\u03c0\u03cc &#8230; <\/p>","protected":false},"author":1,"featured_media":0,"parent":0,"menu_order":0,"comment_status":"closed","ping_status":"closed","template":"","meta":{"footnotes":""},"class_list":["post-2084","page","type-page","status-publish","hentry"],"yoast_head":"<!-- This site is optimized with the Yoast SEO plugin v26.7 - https:\/\/yoast.com\/wordpress\/plugins\/seo\/ -->\n<title>\u0391\u03c3\u03c4\u03b9\u03ba\u03cc \u0394\u03af\u03ba\u03b1\u03b9\u03bf - \u039a\u03bb\u03b7\u03c1\u03bf\u03bd\u03bf\u03bc\u03b9\u03ba\u03cc, \u039f\u03b9\u03ba\u03bf\u03b3\u03b5\u03bd\u03b5\u03b9\u03b1\u03ba\u03cc \u03b4\u03af\u03ba\u03b1\u03b9\u03bf - \u0389\u03c0\u03b5\u03b9\u03c1\u03bf\u03c2 - \u039a\u03ad\u03c1\u03ba\u03c5\u03c1\u03b1<\/title>\n<meta name=\"description\" content=\"\u03a0\u03b1\u03c1\u03ad\u03c7\u03bf\u03c5\u03bc\u03b5 \u03bd\u03bf\u03bc\u03b9\u03ba\u03ad\u03c2 \u03c5\u03c0\u03b7\u03c1\u03b5\u03c3\u03af\u03b5\u03c2 \u03c3\u03c4\u03bf\u03bd \u03c4\u03bf\u03bc\u03ad\u03b1 \u03c4\u03bf\u03c5 \u03b5\u03bb\u03bb\u03b7\u03bd\u03b9\u03ba\u03bf\u03cd \u03b1\u03c3\u03c4\u03b9\u03ba\u03bf\u03cd \u03b4\u03b9\u03ba\u03b1\u03af\u03bf\u03c5, \u03bc\u03b5 \u03c3\u03c5\u03bc\u03b2\u03bf\u03c5\u03bb\u03ad\u03c2, \u03bd\u03bf\u03bc\u03b9\u03ba\u03ae \u03b5\u03ba\u03c0\u03c1\u03bf\u03c3\u03ce\u03c0\u03b7\u03c3\u03b7 \u03c3\u03b5 \u0389\u03c0\u03b5\u03b9\u03c1\u03bf, \u0398\u03b5\u03c3\u03c0\u03c1\u03c9\u03c4\u03af\u03b1 \u03ba\u03b1\u03b9 \u03c3\u03c4\u03b7\u03bd \u039a\u03ad\u03c1\u03ba\u03c5\u03c1\u03b1\" \/>\n<meta name=\"robots\" content=\"index, follow, max-snippet:-1, max-image-preview:large, max-video-preview:-1\" \/>\n<link rel=\"canonical\" href=\"https:\/\/sintorislaw.gr\/it\/astiko-dikaio\/\" \/>\n<meta property=\"og:locale\" content=\"it_IT\" \/>\n<meta property=\"og:type\" content=\"article\" \/>\n<meta property=\"og:title\" content=\"\u0391\u03c3\u03c4\u03b9\u03ba\u03cc \u0394\u03af\u03ba\u03b1\u03b9\u03bf - \u039a\u03bb\u03b7\u03c1\u03bf\u03bd\u03bf\u03bc\u03b9\u03ba\u03cc, \u039f\u03b9\u03ba\u03bf\u03b3\u03b5\u03bd\u03b5\u03b9\u03b1\u03ba\u03cc \u03b4\u03af\u03ba\u03b1\u03b9\u03bf - \u0389\u03c0\u03b5\u03b9\u03c1\u03bf\u03c2 - \u039a\u03ad\u03c1\u03ba\u03c5\u03c1\u03b1\" \/>\n<meta property=\"og:description\" content=\"\u03a0\u03b1\u03c1\u03ad\u03c7\u03bf\u03c5\u03bc\u03b5 \u03bd\u03bf\u03bc\u03b9\u03ba\u03ad\u03c2 \u03c5\u03c0\u03b7\u03c1\u03b5\u03c3\u03af\u03b5\u03c2 \u03c3\u03c4\u03bf\u03bd \u03c4\u03bf\u03bc\u03ad\u03b1 \u03c4\u03bf\u03c5 \u03b5\u03bb\u03bb\u03b7\u03bd\u03b9\u03ba\u03bf\u03cd \u03b1\u03c3\u03c4\u03b9\u03ba\u03bf\u03cd \u03b4\u03b9\u03ba\u03b1\u03af\u03bf\u03c5, \u03bc\u03b5 \u03c3\u03c5\u03bc\u03b2\u03bf\u03c5\u03bb\u03ad\u03c2, \u03bd\u03bf\u03bc\u03b9\u03ba\u03ae \u03b5\u03ba\u03c0\u03c1\u03bf\u03c3\u03ce\u03c0\u03b7\u03c3\u03b7 \u03c3\u03b5 \u0389\u03c0\u03b5\u03b9\u03c1\u03bf, \u0398\u03b5\u03c3\u03c0\u03c1\u03c9\u03c4\u03af\u03b1 \u03ba\u03b1\u03b9 \u03c3\u03c4\u03b7\u03bd \u039a\u03ad\u03c1\u03ba\u03c5\u03c1\u03b1\" \/>\n<meta property=\"og:url\" content=\"https:\/\/sintorislaw.gr\/it\/astiko-dikaio\/\" \/>\n<meta property=\"og:site_name\" content=\"\u0394\u03b9\u03ba\u03b7\u03b3\u03cc\u03c1\u03bf\u03b9 \u0393. \u03ba\u03b1\u03b9 \u039a. \u03a3\u03b9\u03bd\u03c4\u03cc\u03c1\u03b7\u03c2 \u03ba\u03b1\u03b9 \u03a3\u03c5\u03bd\u03b5\u03c1\u03b3\u03ac\u03c4\u03b5\u03c2 - \u0397\u03b3\u03bf\u03c5\u03bc\u03b5\u03bd\u03af\u03c4\u03c3\u03b1\" \/>\n<meta property=\"article:publisher\" content=\"https:\/\/www.facebook.com\/sintorislaw\/\" \/>\n<meta property=\"article:modified_time\" content=\"2023-06-28T06:21:59+00:00\" \/>\n<meta property=\"og:image\" content=\"https:\/\/sintorislaw.gr\/wp-content\/uploads\/2023\/04\/office-bg-1.jpg\" \/>\n\t<meta property=\"og:image:width\" content=\"1600\" \/>\n\t<meta property=\"og:image:height\" content=\"1067\" \/>\n\t<meta property=\"og:image:type\" content=\"image\/jpeg\" \/>\n<meta name=\"twitter:card\" content=\"summary_large_image\" \/>\n<meta name=\"twitter:label1\" content=\"Tempo di lettura stimato\" \/>\n\t<meta name=\"twitter:data1\" content=\"3 minuti\" \/>\n<script type=\"application\/ld+json\" class=\"yoast-schema-graph\">{\"@context\":\"https:\/\/schema.org\",\"@graph\":[{\"@type\":\"WebPage\",\"@id\":\"https:\/\/sintorislaw.gr\/astiko-dikaio\/\",\"url\":\"https:\/\/sintorislaw.gr\/astiko-dikaio\/\",\"name\":\"\u0391\u03c3\u03c4\u03b9\u03ba\u03cc \u0394\u03af\u03ba\u03b1\u03b9\u03bf - \u039a\u03bb\u03b7\u03c1\u03bf\u03bd\u03bf\u03bc\u03b9\u03ba\u03cc, \u039f\u03b9\u03ba\u03bf\u03b3\u03b5\u03bd\u03b5\u03b9\u03b1\u03ba\u03cc \u03b4\u03af\u03ba\u03b1\u03b9\u03bf - \u0389\u03c0\u03b5\u03b9\u03c1\u03bf\u03c2 - \u039a\u03ad\u03c1\u03ba\u03c5\u03c1\u03b1\",\"isPartOf\":{\"@id\":\"https:\/\/sintorislaw.gr\/#website\"},\"datePublished\":\"2023-06-28T06:21:58+00:00\",\"dateModified\":\"2023-06-28T06:21:59+00:00\",\"description\":\"\u03a0\u03b1\u03c1\u03ad\u03c7\u03bf\u03c5\u03bc\u03b5 \u03bd\u03bf\u03bc\u03b9\u03ba\u03ad\u03c2 \u03c5\u03c0\u03b7\u03c1\u03b5\u03c3\u03af\u03b5\u03c2 \u03c3\u03c4\u03bf\u03bd \u03c4\u03bf\u03bc\u03ad\u03b1 \u03c4\u03bf\u03c5 \u03b5\u03bb\u03bb\u03b7\u03bd\u03b9\u03ba\u03bf\u03cd \u03b1\u03c3\u03c4\u03b9\u03ba\u03bf\u03cd \u03b4\u03b9\u03ba\u03b1\u03af\u03bf\u03c5, \u03bc\u03b5 \u03c3\u03c5\u03bc\u03b2\u03bf\u03c5\u03bb\u03ad\u03c2, \u03bd\u03bf\u03bc\u03b9\u03ba\u03ae \u03b5\u03ba\u03c0\u03c1\u03bf\u03c3\u03ce\u03c0\u03b7\u03c3\u03b7 \u03c3\u03b5 \u0389\u03c0\u03b5\u03b9\u03c1\u03bf, \u0398\u03b5\u03c3\u03c0\u03c1\u03c9\u03c4\u03af\u03b1 \u03ba\u03b1\u03b9 \u03c3\u03c4\u03b7\u03bd \u039a\u03ad\u03c1\u03ba\u03c5\u03c1\u03b1\",\"breadcrumb\":{\"@id\":\"https:\/\/sintorislaw.gr\/astiko-dikaio\/#breadcrumb\"},\"inLanguage\":\"it-IT\",\"potentialAction\":[{\"@type\":\"ReadAction\",\"target\":[\"https:\/\/sintorislaw.gr\/astiko-dikaio\/\"]}]},{\"@type\":\"BreadcrumbList\",\"@id\":\"https:\/\/sintorislaw.gr\/astiko-dikaio\/#breadcrumb\",\"itemListElement\":[{\"@type\":\"ListItem\",\"position\":1,\"name\":\"\u0391\u03c1\u03c7\u03b9\u03ba\u03ae\",\"item\":\"https:\/\/sintorislaw.gr\/\"},{\"@type\":\"ListItem\",\"position\":2,\"name\":\"\u0391\u03c3\u03c4\u03b9\u03ba\u03cc \u0394\u03af\u03ba\u03b1\u03b9\u03bf\"}]},{\"@type\":\"WebSite\",\"@id\":\"https:\/\/sintorislaw.gr\/#website\",\"url\":\"https:\/\/sintorislaw.gr\/\",\"name\":\"\u0393\u03b5\u03ce\u03c1\u03b3\u03b9\u03bf\u03c2 \u03ba\u03b1\u03b9 \u039a\u03c9\u03bd\u03c3\u03c4\u03b1\u03bd\u03c4\u03af\u03bd\u03bf\u03c2 \u03a3\u03b9\u03bd\u03c4\u03cc\u03c1\u03b7\u03c2 \u03ba\u03b1\u03b9 \u03a3\u03c5\u03bd\u03b5\u03c1\u03b3\u03ac\u03c4\u03b5\u03c2 - \u0397\u03b3\u03bf\u03c5\u03bc\u03b5\u03bd\u03af\u03c4\u03c3\u03b1\",\"description\":\"\u0394\u03b9\u03ba\u03b7\u03b3\u03cc\u03c1\u03bf\u03b9 \u03bc\u03b5 \u03bc\u03b1\u03ba\u03c1\u03bf\u03c7\u03c1\u03cc\u03bd\u03b9\u03b1 \u03b5\u03bc\u03c0\u03b5\u03b9\u03c1\u03af\u03b1 \u03ba\u03b1\u03b9 \u03b5\u03c0\u03b9\u03c3\u03c4\u03b7\u03bc\u03bf\u03bd\u03b9\u03ba\u03ae \u03ba\u03b1\u03c4\u03ac\u03c1\u03c4\u03b9\u03c3\u03b7. \u039c\u03b5 \u03ad\u03b4\u03c1\u03b1 \u03c4\u03b7\u03bd \u0397\u03b3\u03bf\u03c5\u03bc\u03b5\u03bd\u03af\u03c4\u03c3\u03b1, \u03b4\u03c1\u03b1\u03c3\u03c4\u03b7\u03c1\u03b9\u03bf\u03c0\u03bf\u03b9\u03bf\u03cd\u03bc\u03b1\u03c3\u03c4\u03b5 \u03c3\u03c4\u03b1 \u0399\u03c9\u03ac\u03bd\u03bd\u03b9\u03bd\u03b1 \u03ba\u03b1\u03b9 \u03c4\u03b7\u03bd \u039a\u03ad\u03c1\u03ba\u03c5\u03c1\u03b1.\",\"publisher\":{\"@id\":\"https:\/\/sintorislaw.gr\/#organization\"},\"alternateName\":\"\u0394\u03b9\u03ba\u03b7\u03b3\u03bf\u03c1\u03b9\u03ba\u03cc \u03b3\u03c1\u03b1\u03c6\u03b5\u03af\u03bf - \u03a3\u03b9\u03bd\u03c4\u03cc\u03c1\u03b7\u03c2 \u03ba\u03b1\u03b9 \u03a3\u03c5\u03bd\u03b5\u03c1\u03b3\u03ac\u03c4\u03b5\u03c2\",\"potentialAction\":[{\"@type\":\"SearchAction\",\"target\":{\"@type\":\"EntryPoint\",\"urlTemplate\":\"https:\/\/sintorislaw.gr\/?s={search_term_string}\"},\"query-input\":{\"@type\":\"PropertyValueSpecification\",\"valueRequired\":true,\"valueName\":\"search_term_string\"}}],\"inLanguage\":\"it-IT\"},{\"@type\":\"Organization\",\"@id\":\"https:\/\/sintorislaw.gr\/#organization\",\"name\":\"\u0393\u03b5\u03ce\u03c1\u03b3\u03b9\u03bf\u03c2 \u03ba\u03b1\u03b9 \u039a\u03c9\u03bd\u03c3\u03c4\u03b1\u03bd\u03c4\u03af\u03bd\u03bf\u03c2 \u03a3\u03b9\u03bd\u03c4\u03cc\u03c1\u03b7\u03c2 \u03ba\u03b1\u03b9 \u03a3\u03c5\u03bd\u03b5\u03c1\u03b3\u03ac\u03c4\u03b5\u03c2 - \u0397\u03b3\u03bf\u03c5\u03bc\u03b5\u03bd\u03af\u03c4\u03c3\u03b1, \u0398\u03b5\u03c3\u03c0\u03c1\u03c9\u03c4\u03af\u03b1\",\"url\":\"https:\/\/sintorislaw.gr\/\",\"logo\":{\"@type\":\"ImageObject\",\"inLanguage\":\"it-IT\",\"@id\":\"https:\/\/sintorislaw.gr\/#\/schema\/logo\/image\/\",\"url\":\"https:\/\/sintorislaw.gr\/wp-content\/uploads\/2023\/04\/cropped-favicon-sintorislaw.jpg\",\"contentUrl\":\"https:\/\/sintorislaw.gr\/wp-content\/uploads\/2023\/04\/cropped-favicon-sintorislaw.jpg\",\"width\":512,\"height\":512,\"caption\":\"\u0393\u03b5\u03ce\u03c1\u03b3\u03b9\u03bf\u03c2 \u03ba\u03b1\u03b9 \u039a\u03c9\u03bd\u03c3\u03c4\u03b1\u03bd\u03c4\u03af\u03bd\u03bf\u03c2 \u03a3\u03b9\u03bd\u03c4\u03cc\u03c1\u03b7\u03c2 \u03ba\u03b1\u03b9 \u03a3\u03c5\u03bd\u03b5\u03c1\u03b3\u03ac\u03c4\u03b5\u03c2 - \u0397\u03b3\u03bf\u03c5\u03bc\u03b5\u03bd\u03af\u03c4\u03c3\u03b1, \u0398\u03b5\u03c3\u03c0\u03c1\u03c9\u03c4\u03af\u03b1\"},\"image\":{\"@id\":\"https:\/\/sintorislaw.gr\/#\/schema\/logo\/image\/\"},\"sameAs\":[\"https:\/\/www.facebook.com\/sintorislaw\/\"]}]}<\/script>\n<!-- \/ Yoast SEO plugin. -->","yoast_head_json":{"title":"Diritto civile - Successione, Diritto di famiglia - Epiro - Corf\u00f9","description":"Forniamo servizi legali nel campo del diritto civile greco, con consulenza e rappresentanza legale in Epiro, Tesprozia e Corf\u00f9.","robots":{"index":"index","follow":"follow","max-snippet":"max-snippet:-1","max-image-preview":"max-image-preview:large","max-video-preview":"max-video-preview:-1"},"canonical":"https:\/\/sintorislaw.gr\/it\/astiko-dikaio\/","og_locale":"it_IT","og_type":"article","og_title":"\u0391\u03c3\u03c4\u03b9\u03ba\u03cc \u0394\u03af\u03ba\u03b1\u03b9\u03bf - \u039a\u03bb\u03b7\u03c1\u03bf\u03bd\u03bf\u03bc\u03b9\u03ba\u03cc, \u039f\u03b9\u03ba\u03bf\u03b3\u03b5\u03bd\u03b5\u03b9\u03b1\u03ba\u03cc \u03b4\u03af\u03ba\u03b1\u03b9\u03bf - \u0389\u03c0\u03b5\u03b9\u03c1\u03bf\u03c2 - \u039a\u03ad\u03c1\u03ba\u03c5\u03c1\u03b1","og_description":"\u03a0\u03b1\u03c1\u03ad\u03c7\u03bf\u03c5\u03bc\u03b5 \u03bd\u03bf\u03bc\u03b9\u03ba\u03ad\u03c2 \u03c5\u03c0\u03b7\u03c1\u03b5\u03c3\u03af\u03b5\u03c2 \u03c3\u03c4\u03bf\u03bd \u03c4\u03bf\u03bc\u03ad\u03b1 \u03c4\u03bf\u03c5 \u03b5\u03bb\u03bb\u03b7\u03bd\u03b9\u03ba\u03bf\u03cd \u03b1\u03c3\u03c4\u03b9\u03ba\u03bf\u03cd \u03b4\u03b9\u03ba\u03b1\u03af\u03bf\u03c5, \u03bc\u03b5 \u03c3\u03c5\u03bc\u03b2\u03bf\u03c5\u03bb\u03ad\u03c2, \u03bd\u03bf\u03bc\u03b9\u03ba\u03ae \u03b5\u03ba\u03c0\u03c1\u03bf\u03c3\u03ce\u03c0\u03b7\u03c3\u03b7 \u03c3\u03b5 \u0389\u03c0\u03b5\u03b9\u03c1\u03bf, \u0398\u03b5\u03c3\u03c0\u03c1\u03c9\u03c4\u03af\u03b1 \u03ba\u03b1\u03b9 \u03c3\u03c4\u03b7\u03bd \u039a\u03ad\u03c1\u03ba\u03c5\u03c1\u03b1","og_url":"https:\/\/sintorislaw.gr\/it\/astiko-dikaio\/","og_site_name":"\u0394\u03b9\u03ba\u03b7\u03b3\u03cc\u03c1\u03bf\u03b9 \u0393. \u03ba\u03b1\u03b9 \u039a. \u03a3\u03b9\u03bd\u03c4\u03cc\u03c1\u03b7\u03c2 \u03ba\u03b1\u03b9 \u03a3\u03c5\u03bd\u03b5\u03c1\u03b3\u03ac\u03c4\u03b5\u03c2 - \u0397\u03b3\u03bf\u03c5\u03bc\u03b5\u03bd\u03af\u03c4\u03c3\u03b1","article_publisher":"https:\/\/www.facebook.com\/sintorislaw\/","article_modified_time":"2023-06-28T06:21:59+00:00","og_image":[{"width":1600,"height":1067,"url":"https:\/\/sintorislaw.gr\/wp-content\/uploads\/2023\/04\/office-bg-1.jpg","type":"image\/jpeg"}],"twitter_card":"summary_large_image","twitter_misc":{"Tempo di lettura stimato":"3 minuti"},"schema":{"@context":"https:\/\/schema.org","@graph":[{"@type":"WebPage","@id":"https:\/\/sintorislaw.gr\/astiko-dikaio\/","url":"https:\/\/sintorislaw.gr\/astiko-dikaio\/","name":"Diritto civile - Successione, Diritto di famiglia - Epiro - Corf\u00f9","isPartOf":{"@id":"https:\/\/sintorislaw.gr\/#website"},"datePublished":"2023-06-28T06:21:58+00:00","dateModified":"2023-06-28T06:21:59+00:00","description":"Forniamo servizi legali nel campo del diritto civile greco, con consulenza e rappresentanza legale in Epiro, Tesprozia e Corf\u00f9.","breadcrumb":{"@id":"https:\/\/sintorislaw.gr\/astiko-dikaio\/#breadcrumb"},"inLanguage":"it-IT","potentialAction":[{"@type":"ReadAction","target":["https:\/\/sintorislaw.gr\/astiko-dikaio\/"]}]},{"@type":"BreadcrumbList","@id":"https:\/\/sintorislaw.gr\/astiko-dikaio\/#breadcrumb","itemListElement":[{"@type":"ListItem","position":1,"name":"\u0391\u03c1\u03c7\u03b9\u03ba\u03ae","item":"https:\/\/sintorislaw.gr\/"},{"@type":"ListItem","position":2,"name":"\u0391\u03c3\u03c4\u03b9\u03ba\u03cc \u0394\u03af\u03ba\u03b1\u03b9\u03bf"}]},{"@type":"WebSite","@id":"https:\/\/sintorislaw.gr\/#website","url":"https:\/\/sintorislaw.gr\/","name":"Georgios e Konstantinos Sidoris e associati - Igoumenitsa","description":"Avvocati con lunga esperienza e formazione scientifica. Con sede a Igoumenitsa, operiamo a Ioannina e Corf\u00f9.","publisher":{"@id":"https:\/\/sintorislaw.gr\/#organization"},"alternateName":"\u0394\u03b9\u03ba\u03b7\u03b3\u03bf\u03c1\u03b9\u03ba\u03cc \u03b3\u03c1\u03b1\u03c6\u03b5\u03af\u03bf - \u03a3\u03b9\u03bd\u03c4\u03cc\u03c1\u03b7\u03c2 \u03ba\u03b1\u03b9 \u03a3\u03c5\u03bd\u03b5\u03c1\u03b3\u03ac\u03c4\u03b5\u03c2","potentialAction":[{"@type":"SearchAction","target":{"@type":"EntryPoint","urlTemplate":"https:\/\/sintorislaw.gr\/?s={search_term_string}"},"query-input":{"@type":"PropertyValueSpecification","valueRequired":true,"valueName":"search_term_string"}}],"inLanguage":"it-IT"},{"@type":"Organization","@id":"https:\/\/sintorislaw.gr\/#organization","name":"Georgios e Konstantinos Sidoris e associati - Igoumenitsa, Thesprotia","url":"https:\/\/sintorislaw.gr\/","logo":{"@type":"ImageObject","inLanguage":"it-IT","@id":"https:\/\/sintorislaw.gr\/#\/schema\/logo\/image\/","url":"https:\/\/sintorislaw.gr\/wp-content\/uploads\/2023\/04\/cropped-favicon-sintorislaw.jpg","contentUrl":"https:\/\/sintorislaw.gr\/wp-content\/uploads\/2023\/04\/cropped-favicon-sintorislaw.jpg","width":512,"height":512,"caption":"\u0393\u03b5\u03ce\u03c1\u03b3\u03b9\u03bf\u03c2 \u03ba\u03b1\u03b9 \u039a\u03c9\u03bd\u03c3\u03c4\u03b1\u03bd\u03c4\u03af\u03bd\u03bf\u03c2 \u03a3\u03b9\u03bd\u03c4\u03cc\u03c1\u03b7\u03c2 \u03ba\u03b1\u03b9 \u03a3\u03c5\u03bd\u03b5\u03c1\u03b3\u03ac\u03c4\u03b5\u03c2 - \u0397\u03b3\u03bf\u03c5\u03bc\u03b5\u03bd\u03af\u03c4\u03c3\u03b1, \u0398\u03b5\u03c3\u03c0\u03c1\u03c9\u03c4\u03af\u03b1"},"image":{"@id":"https:\/\/sintorislaw.gr\/#\/schema\/logo\/image\/"},"sameAs":["https:\/\/www.facebook.com\/sintorislaw\/"]}]}},"_links":{"self":[{"href":"https:\/\/sintorislaw.gr\/it\/wp-json\/wp\/v2\/pages\/2084","targetHints":{"allow":["GET"]}}],"collection":[{"href":"https:\/\/sintorislaw.gr\/it\/wp-json\/wp\/v2\/pages"}],"about":[{"href":"https:\/\/sintorislaw.gr\/it\/wp-json\/wp\/v2\/types\/page"}],"author":[{"embeddable":true,"href":"https:\/\/sintorislaw.gr\/it\/wp-json\/wp\/v2\/users\/1"}],"replies":[{"embeddable":true,"href":"https:\/\/sintorislaw.gr\/it\/wp-json\/wp\/v2\/comments?post=2084"}],"version-history":[{"count":0,"href":"https:\/\/sintorislaw.gr\/it\/wp-json\/wp\/v2\/pages\/2084\/revisions"}],"wp:attachment":[{"href":"https:\/\/sintorislaw.gr\/it\/wp-json\/wp\/v2\/media?parent=2084"}],"curies":[{"name":"wp","href":"https:\/\/api.w.org\/{rel}","templated":true}]}}