{"id":2078,"date":"2023-06-28T08:22:35","date_gmt":"2023-06-28T05:22:35","guid":{"rendered":"https:\/\/sintorislaw.gr\/?page_id=2078"},"modified":"2023-06-28T08:24:32","modified_gmt":"2023-06-28T05:24:32","slug":"oroi-xrishs","status":"publish","type":"page","link":"https:\/\/sintorislaw.gr\/it\/oroi-xrishs\/","title":{"rendered":"Condizioni di utilizzo"},"content":{"rendered":"<p>L'utilizzo del sito web e dei servizi del nostro sito da parte dell'utente implica il suo accordo incondizionato con le presenti condizioni d'uso, che si applicano a tutti i contenuti, le immagini, i grafici, i file e le fotografie inclusi nel sito web. Pertanto, l'utente deve leggere attentamente le Condizioni d'uso prima di utilizzarlo e, se non \u00e8 d'accordo, non deve utilizzarlo.&nbsp;<\/p>\n\n\n\n<p>Lo Studio si riserva il diritto di modificare unilateralmente le Condizioni d'uso e qualsiasi loro parte integrante, in qualsiasi momento e senza preavviso, e le pubblicher\u00e0 sul proprio sito web. L'uso continuato del sito anche dopo eventuali modifiche implica l'accettazione incondizionata da parte dell'utente delle Condizioni d'uso modificate.<\/p>\n\n\n\n<p><strong>Diritti di propriet\u00e0 intellettuale<\/strong><\/p>\n\n\n\n<p>Il sito web contiene contenuti che sono propriet\u00e0 intellettuale dello Studio legale e sono protetti dalle relative disposizioni della legge greca ed europea, nonch\u00e9 dalle relative convenzioni internazionali. Tali contenuti comprendono, a titolo esemplificativo, testi, immagini, fotografie, disegni, grafici, servizi forniti, loghi, nomi di marchi e marchi di fabbrica appartenenti all'Amministratore, tutti protetti in conformit\u00e0 alla legislazione vigente in materia di propriet\u00e0 intellettuale.<strong><\/strong><\/p>\n\n\n\n<p><strong>Licenza d'uso<\/strong><\/p>\n\n\n\n<p>Lo Studio legale consente l'uso privato del contenuto del sito web per informazioni personali. L'uso nel contesto di un'azienda, di un servizio o di un'organizzazione non \u00e8 un uso privato. Solo per scopi didattici o di ricerca \u00e8 consentita la riproduzione o la memorizzazione di singoli dati, a condizione che vengano indicati la provenienza dei dati dal sito web e i nomi degli autori e che non vengano in alcun modo lesi i relativi diritti di propriet\u00e0 intellettuale.&nbsp;<\/p>\n\n\n\n<p>\u00c8 severamente vietato memorizzare, riprodurre, ripubblicare, trasmettere o distribuire qualsiasi parte del contenuto del sito web per scopi commerciali o per qualsiasi altro uso non previsto dal paragrafo precedente.<\/p>\n\n\n\n<p><strong>Responsabilit\u00e0 dell'utente<\/strong><\/p>\n\n\n\n<p>L'utilizzo del sito web deve avvenire esclusivamente per scopi leciti e in modo da non limitarne o impedirne l'uso da parte di terzi. Il visitatore \u00e8 tenuto a rispettare le norme e le disposizioni del diritto greco, europeo e internazionale applicabile ed \u00e8 obbligato a utilizzare il sito web in conformit\u00e0 alla legge, al buon costume e alle presenti Condizioni d'uso.&nbsp;<\/p>\n\n\n\n<p><strong>Utilizzo di link a siti web di terzi (link)<\/strong><\/p>\n\n\n\n<p>Il sito web pu\u00f2 contenere riferimenti a siti web di terzi e\/o fornire la possibilit\u00e0 di accedere a siti web di terzi tramite link, \"link\".<\/p>\n\n\n\n<p>Questi link sono forniti per comodit\u00e0 degli utenti e per fornire loro ulteriori informazioni utili; l'uso di questi link \u00e8 di esclusiva responsabilit\u00e0 dell'utente del sito web. Non si assume alcuna responsabilit\u00e0 per i collegamenti all'utente.<\/p>\n\n\n\n<p><strong>Validit\u00e0 del sito web - Limitazione di responsabilit\u00e0<\/strong><\/p>\n\n\n\n<p>Ogni utente deve adottare tutte le misure di sicurezza del caso (ad es. programmi antivirus, ecc.) prima di qualsiasi \"caricamento\" dal sito web. L'utente \u00e8 responsabile dell'accesso ai servizi del sito.&nbsp;<\/p>\n\n\n\n<p><strong>Altre condizioni<\/strong><\/p>\n\n\n\n<p>Queste sono le condizioni di utilizzo del sito web da parte del visitatore.  Nessuna modifica delle Condizioni d'uso sar\u00e0 presa in considerazione senza che sia evidenziata per iscritto. Le presenti Condizioni d'uso, cos\u00ec come qualsiasi loro modifica, sono regolate dalla legge greca. I tribunali competenti per la risoluzione di qualsiasi controversia sono esclusivamente quelli di Igoumenitsa in Grecia.&nbsp;<\/p>","protected":false},"excerpt":{"rendered":"<p>L'utilizzo del sito web e dei servizi del nostro sito ... <\/p>","protected":false},"author":1,"featured_media":0,"parent":0,"menu_order":0,"comment_status":"closed","ping_status":"closed","template":"","meta":{"footnotes":""},"class_list":["post-2078","page","type-page","status-publish","hentry"],"yoast_head":"<!-- This site is optimized with the Yoast SEO plugin v26.7 - https:\/\/yoast.com\/wordpress\/plugins\/seo\/ -->\n<title>\u038c\u03c1\u03bf\u03b9 \u03a7\u03c1\u03ae\u03c3\u03b7\u03c2<\/title>\n<meta name=\"robots\" content=\"index, follow, max-snippet:-1, max-image-preview:large, max-video-preview:-1\" \/>\n<link rel=\"canonical\" href=\"https:\/\/sintorislaw.gr\/it\/oroi-xrishs\/\" \/>\n<meta property=\"og:locale\" content=\"it_IT\" \/>\n<meta property=\"og:type\" content=\"article\" \/>\n<meta property=\"og:title\" content=\"\u038c\u03c1\u03bf\u03b9 \u03a7\u03c1\u03ae\u03c3\u03b7\u03c2\" \/>\n<meta property=\"og:description\" content=\"\u0397 \u03c7\u03c1\u03ae\u03c3\u03b7 \u03c4\u03b7\u03c2 \u03b7\u03bb\u03b5\u03ba\u03c4\u03c1\u03bf\u03bd\u03b9\u03ba\u03ae\u03c2 \u03c3\u03b5\u03bb\u03af\u03b4\u03b1\u03c2 \u03ba\u03b1\u03b9 \u03c4\u03c9\u03bd \u03c5\u03c0\u03b7\u03c1\u03b5\u03c3\u03b9\u03ce\u03bd \u03c4\u03b7\u03c2 \u03b9\u03c3\u03c4\u03bf\u03c3\u03b5\u03bb\u03af\u03b4\u03b1\u03c2 \u03bc\u03b1\u03c2 ...\" \/>\n<meta property=\"og:url\" content=\"https:\/\/sintorislaw.gr\/it\/oroi-xrishs\/\" \/>\n<meta property=\"og:site_name\" content=\"\u0394\u03b9\u03ba\u03b7\u03b3\u03cc\u03c1\u03bf\u03b9 \u0393. \u03ba\u03b1\u03b9 \u039a. \u03a3\u03b9\u03bd\u03c4\u03cc\u03c1\u03b7\u03c2 \u03ba\u03b1\u03b9 \u03a3\u03c5\u03bd\u03b5\u03c1\u03b3\u03ac\u03c4\u03b5\u03c2 - \u0397\u03b3\u03bf\u03c5\u03bc\u03b5\u03bd\u03af\u03c4\u03c3\u03b1\" \/>\n<meta property=\"article:publisher\" content=\"https:\/\/www.facebook.com\/sintorislaw\/\" \/>\n<meta property=\"article:modified_time\" content=\"2023-06-28T05:24:32+00:00\" \/>\n<meta property=\"og:image\" content=\"https:\/\/sintorislaw.gr\/wp-content\/uploads\/2023\/04\/office-bg-1.jpg\" \/>\n\t<meta property=\"og:image:width\" content=\"1600\" \/>\n\t<meta property=\"og:image:height\" content=\"1067\" \/>\n\t<meta property=\"og:image:type\" content=\"image\/jpeg\" \/>\n<meta name=\"twitter:card\" content=\"summary_large_image\" \/>\n<meta name=\"twitter:label1\" content=\"Tempo di lettura stimato\" \/>\n\t<meta name=\"twitter:data1\" content=\"3 minuti\" \/>\n<script type=\"application\/ld+json\" class=\"yoast-schema-graph\">{\"@context\":\"https:\/\/schema.org\",\"@graph\":[{\"@type\":\"WebPage\",\"@id\":\"https:\/\/sintorislaw.gr\/oroi-xrishs\/\",\"url\":\"https:\/\/sintorislaw.gr\/oroi-xrishs\/\",\"name\":\"\u038c\u03c1\u03bf\u03b9 \u03a7\u03c1\u03ae\u03c3\u03b7\u03c2\",\"isPartOf\":{\"@id\":\"https:\/\/sintorislaw.gr\/#website\"},\"datePublished\":\"2023-06-28T05:22:35+00:00\",\"dateModified\":\"2023-06-28T05:24:32+00:00\",\"breadcrumb\":{\"@id\":\"https:\/\/sintorislaw.gr\/oroi-xrishs\/#breadcrumb\"},\"inLanguage\":\"it-IT\",\"potentialAction\":[{\"@type\":\"ReadAction\",\"target\":[\"https:\/\/sintorislaw.gr\/oroi-xrishs\/\"]}]},{\"@type\":\"BreadcrumbList\",\"@id\":\"https:\/\/sintorislaw.gr\/oroi-xrishs\/#breadcrumb\",\"itemListElement\":[{\"@type\":\"ListItem\",\"position\":1,\"name\":\"\u0391\u03c1\u03c7\u03b9\u03ba\u03ae\",\"item\":\"https:\/\/sintorislaw.gr\/\"},{\"@type\":\"ListItem\",\"position\":2,\"name\":\"\u038c\u03c1\u03bf\u03b9 \u03a7\u03c1\u03ae\u03c3\u03b7\u03c2\"}]},{\"@type\":\"WebSite\",\"@id\":\"https:\/\/sintorislaw.gr\/#website\",\"url\":\"https:\/\/sintorislaw.gr\/\",\"name\":\"\u0393\u03b5\u03ce\u03c1\u03b3\u03b9\u03bf\u03c2 \u03ba\u03b1\u03b9 \u039a\u03c9\u03bd\u03c3\u03c4\u03b1\u03bd\u03c4\u03af\u03bd\u03bf\u03c2 \u03a3\u03b9\u03bd\u03c4\u03cc\u03c1\u03b7\u03c2 \u03ba\u03b1\u03b9 \u03a3\u03c5\u03bd\u03b5\u03c1\u03b3\u03ac\u03c4\u03b5\u03c2 - \u0397\u03b3\u03bf\u03c5\u03bc\u03b5\u03bd\u03af\u03c4\u03c3\u03b1\",\"description\":\"\u0394\u03b9\u03ba\u03b7\u03b3\u03cc\u03c1\u03bf\u03b9 \u03bc\u03b5 \u03bc\u03b1\u03ba\u03c1\u03bf\u03c7\u03c1\u03cc\u03bd\u03b9\u03b1 \u03b5\u03bc\u03c0\u03b5\u03b9\u03c1\u03af\u03b1 \u03ba\u03b1\u03b9 \u03b5\u03c0\u03b9\u03c3\u03c4\u03b7\u03bc\u03bf\u03bd\u03b9\u03ba\u03ae \u03ba\u03b1\u03c4\u03ac\u03c1\u03c4\u03b9\u03c3\u03b7. \u039c\u03b5 \u03ad\u03b4\u03c1\u03b1 \u03c4\u03b7\u03bd \u0397\u03b3\u03bf\u03c5\u03bc\u03b5\u03bd\u03af\u03c4\u03c3\u03b1, \u03b4\u03c1\u03b1\u03c3\u03c4\u03b7\u03c1\u03b9\u03bf\u03c0\u03bf\u03b9\u03bf\u03cd\u03bc\u03b1\u03c3\u03c4\u03b5 \u03c3\u03c4\u03b1 \u0399\u03c9\u03ac\u03bd\u03bd\u03b9\u03bd\u03b1 \u03ba\u03b1\u03b9 \u03c4\u03b7\u03bd \u039a\u03ad\u03c1\u03ba\u03c5\u03c1\u03b1.\",\"publisher\":{\"@id\":\"https:\/\/sintorislaw.gr\/#organization\"},\"alternateName\":\"\u0394\u03b9\u03ba\u03b7\u03b3\u03bf\u03c1\u03b9\u03ba\u03cc \u03b3\u03c1\u03b1\u03c6\u03b5\u03af\u03bf - \u03a3\u03b9\u03bd\u03c4\u03cc\u03c1\u03b7\u03c2 \u03ba\u03b1\u03b9 \u03a3\u03c5\u03bd\u03b5\u03c1\u03b3\u03ac\u03c4\u03b5\u03c2\",\"potentialAction\":[{\"@type\":\"SearchAction\",\"target\":{\"@type\":\"EntryPoint\",\"urlTemplate\":\"https:\/\/sintorislaw.gr\/?s={search_term_string}\"},\"query-input\":{\"@type\":\"PropertyValueSpecification\",\"valueRequired\":true,\"valueName\":\"search_term_string\"}}],\"inLanguage\":\"it-IT\"},{\"@type\":\"Organization\",\"@id\":\"https:\/\/sintorislaw.gr\/#organization\",\"name\":\"\u0393\u03b5\u03ce\u03c1\u03b3\u03b9\u03bf\u03c2 \u03ba\u03b1\u03b9 \u039a\u03c9\u03bd\u03c3\u03c4\u03b1\u03bd\u03c4\u03af\u03bd\u03bf\u03c2 \u03a3\u03b9\u03bd\u03c4\u03cc\u03c1\u03b7\u03c2 \u03ba\u03b1\u03b9 \u03a3\u03c5\u03bd\u03b5\u03c1\u03b3\u03ac\u03c4\u03b5\u03c2 - \u0397\u03b3\u03bf\u03c5\u03bc\u03b5\u03bd\u03af\u03c4\u03c3\u03b1, \u0398\u03b5\u03c3\u03c0\u03c1\u03c9\u03c4\u03af\u03b1\",\"url\":\"https:\/\/sintorislaw.gr\/\",\"logo\":{\"@type\":\"ImageObject\",\"inLanguage\":\"it-IT\",\"@id\":\"https:\/\/sintorislaw.gr\/#\/schema\/logo\/image\/\",\"url\":\"https:\/\/sintorislaw.gr\/wp-content\/uploads\/2023\/04\/cropped-favicon-sintorislaw.jpg\",\"contentUrl\":\"https:\/\/sintorislaw.gr\/wp-content\/uploads\/2023\/04\/cropped-favicon-sintorislaw.jpg\",\"width\":512,\"height\":512,\"caption\":\"\u0393\u03b5\u03ce\u03c1\u03b3\u03b9\u03bf\u03c2 \u03ba\u03b1\u03b9 \u039a\u03c9\u03bd\u03c3\u03c4\u03b1\u03bd\u03c4\u03af\u03bd\u03bf\u03c2 \u03a3\u03b9\u03bd\u03c4\u03cc\u03c1\u03b7\u03c2 \u03ba\u03b1\u03b9 \u03a3\u03c5\u03bd\u03b5\u03c1\u03b3\u03ac\u03c4\u03b5\u03c2 - \u0397\u03b3\u03bf\u03c5\u03bc\u03b5\u03bd\u03af\u03c4\u03c3\u03b1, \u0398\u03b5\u03c3\u03c0\u03c1\u03c9\u03c4\u03af\u03b1\"},\"image\":{\"@id\":\"https:\/\/sintorislaw.gr\/#\/schema\/logo\/image\/\"},\"sameAs\":[\"https:\/\/www.facebook.com\/sintorislaw\/\"]}]}<\/script>\n<!-- \/ Yoast SEO plugin. -->","yoast_head_json":{"title":"Condizioni di utilizzo","robots":{"index":"index","follow":"follow","max-snippet":"max-snippet:-1","max-image-preview":"max-image-preview:large","max-video-preview":"max-video-preview:-1"},"canonical":"https:\/\/sintorislaw.gr\/it\/oroi-xrishs\/","og_locale":"it_IT","og_type":"article","og_title":"\u038c\u03c1\u03bf\u03b9 \u03a7\u03c1\u03ae\u03c3\u03b7\u03c2","og_description":"\u0397 \u03c7\u03c1\u03ae\u03c3\u03b7 \u03c4\u03b7\u03c2 \u03b7\u03bb\u03b5\u03ba\u03c4\u03c1\u03bf\u03bd\u03b9\u03ba\u03ae\u03c2 \u03c3\u03b5\u03bb\u03af\u03b4\u03b1\u03c2 \u03ba\u03b1\u03b9 \u03c4\u03c9\u03bd \u03c5\u03c0\u03b7\u03c1\u03b5\u03c3\u03b9\u03ce\u03bd \u03c4\u03b7\u03c2 \u03b9\u03c3\u03c4\u03bf\u03c3\u03b5\u03bb\u03af\u03b4\u03b1\u03c2 \u03bc\u03b1\u03c2 ...","og_url":"https:\/\/sintorislaw.gr\/it\/oroi-xrishs\/","og_site_name":"\u0394\u03b9\u03ba\u03b7\u03b3\u03cc\u03c1\u03bf\u03b9 \u0393. \u03ba\u03b1\u03b9 \u039a. \u03a3\u03b9\u03bd\u03c4\u03cc\u03c1\u03b7\u03c2 \u03ba\u03b1\u03b9 \u03a3\u03c5\u03bd\u03b5\u03c1\u03b3\u03ac\u03c4\u03b5\u03c2 - \u0397\u03b3\u03bf\u03c5\u03bc\u03b5\u03bd\u03af\u03c4\u03c3\u03b1","article_publisher":"https:\/\/www.facebook.com\/sintorislaw\/","article_modified_time":"2023-06-28T05:24:32+00:00","og_image":[{"width":1600,"height":1067,"url":"https:\/\/sintorislaw.gr\/wp-content\/uploads\/2023\/04\/office-bg-1.jpg","type":"image\/jpeg"}],"twitter_card":"summary_large_image","twitter_misc":{"Tempo di lettura stimato":"3 minuti"},"schema":{"@context":"https:\/\/schema.org","@graph":[{"@type":"WebPage","@id":"https:\/\/sintorislaw.gr\/oroi-xrishs\/","url":"https:\/\/sintorislaw.gr\/oroi-xrishs\/","name":"Condizioni di utilizzo","isPartOf":{"@id":"https:\/\/sintorislaw.gr\/#website"},"datePublished":"2023-06-28T05:22:35+00:00","dateModified":"2023-06-28T05:24:32+00:00","breadcrumb":{"@id":"https:\/\/sintorislaw.gr\/oroi-xrishs\/#breadcrumb"},"inLanguage":"it-IT","potentialAction":[{"@type":"ReadAction","target":["https:\/\/sintorislaw.gr\/oroi-xrishs\/"]}]},{"@type":"BreadcrumbList","@id":"https:\/\/sintorislaw.gr\/oroi-xrishs\/#breadcrumb","itemListElement":[{"@type":"ListItem","position":1,"name":"\u0391\u03c1\u03c7\u03b9\u03ba\u03ae","item":"https:\/\/sintorislaw.gr\/"},{"@type":"ListItem","position":2,"name":"\u038c\u03c1\u03bf\u03b9 \u03a7\u03c1\u03ae\u03c3\u03b7\u03c2"}]},{"@type":"WebSite","@id":"https:\/\/sintorislaw.gr\/#website","url":"https:\/\/sintorislaw.gr\/","name":"Georgios e Konstantinos Sidoris e associati - Igoumenitsa","description":"Avvocati con lunga esperienza e formazione scientifica. Con sede a Igoumenitsa, operiamo a Ioannina e Corf\u00f9.","publisher":{"@id":"https:\/\/sintorislaw.gr\/#organization"},"alternateName":"\u0394\u03b9\u03ba\u03b7\u03b3\u03bf\u03c1\u03b9\u03ba\u03cc \u03b3\u03c1\u03b1\u03c6\u03b5\u03af\u03bf - \u03a3\u03b9\u03bd\u03c4\u03cc\u03c1\u03b7\u03c2 \u03ba\u03b1\u03b9 \u03a3\u03c5\u03bd\u03b5\u03c1\u03b3\u03ac\u03c4\u03b5\u03c2","potentialAction":[{"@type":"SearchAction","target":{"@type":"EntryPoint","urlTemplate":"https:\/\/sintorislaw.gr\/?s={search_term_string}"},"query-input":{"@type":"PropertyValueSpecification","valueRequired":true,"valueName":"search_term_string"}}],"inLanguage":"it-IT"},{"@type":"Organization","@id":"https:\/\/sintorislaw.gr\/#organization","name":"Georgios e Konstantinos Sidoris e associati - Igoumenitsa, Thesprotia","url":"https:\/\/sintorislaw.gr\/","logo":{"@type":"ImageObject","inLanguage":"it-IT","@id":"https:\/\/sintorislaw.gr\/#\/schema\/logo\/image\/","url":"https:\/\/sintorislaw.gr\/wp-content\/uploads\/2023\/04\/cropped-favicon-sintorislaw.jpg","contentUrl":"https:\/\/sintorislaw.gr\/wp-content\/uploads\/2023\/04\/cropped-favicon-sintorislaw.jpg","width":512,"height":512,"caption":"\u0393\u03b5\u03ce\u03c1\u03b3\u03b9\u03bf\u03c2 \u03ba\u03b1\u03b9 \u039a\u03c9\u03bd\u03c3\u03c4\u03b1\u03bd\u03c4\u03af\u03bd\u03bf\u03c2 \u03a3\u03b9\u03bd\u03c4\u03cc\u03c1\u03b7\u03c2 \u03ba\u03b1\u03b9 \u03a3\u03c5\u03bd\u03b5\u03c1\u03b3\u03ac\u03c4\u03b5\u03c2 - \u0397\u03b3\u03bf\u03c5\u03bc\u03b5\u03bd\u03af\u03c4\u03c3\u03b1, \u0398\u03b5\u03c3\u03c0\u03c1\u03c9\u03c4\u03af\u03b1"},"image":{"@id":"https:\/\/sintorislaw.gr\/#\/schema\/logo\/image\/"},"sameAs":["https:\/\/www.facebook.com\/sintorislaw\/"]}]}},"_links":{"self":[{"href":"https:\/\/sintorislaw.gr\/it\/wp-json\/wp\/v2\/pages\/2078","targetHints":{"allow":["GET"]}}],"collection":[{"href":"https:\/\/sintorislaw.gr\/it\/wp-json\/wp\/v2\/pages"}],"about":[{"href":"https:\/\/sintorislaw.gr\/it\/wp-json\/wp\/v2\/types\/page"}],"author":[{"embeddable":true,"href":"https:\/\/sintorislaw.gr\/it\/wp-json\/wp\/v2\/users\/1"}],"replies":[{"embeddable":true,"href":"https:\/\/sintorislaw.gr\/it\/wp-json\/wp\/v2\/comments?post=2078"}],"version-history":[{"count":0,"href":"https:\/\/sintorislaw.gr\/it\/wp-json\/wp\/v2\/pages\/2078\/revisions"}],"wp:attachment":[{"href":"https:\/\/sintorislaw.gr\/it\/wp-json\/wp\/v2\/media?parent=2078"}],"curies":[{"name":"wp","href":"https:\/\/api.w.org\/{rel}","templated":true}]}}