{"id":1980,"date":"2023-06-09T18:13:18","date_gmt":"2023-06-09T15:13:18","guid":{"rendered":"https:\/\/sintorislaw.gr\/?page_id=1980"},"modified":"2024-01-04T09:45:11","modified_gmt":"2024-01-04T06:45:11","slug":"aristoula-sintori","status":"publish","type":"page","link":"https:\/\/sintorislaw.gr\/it\/aristoula-sintori\/","title":{"rendered":"Aristoula K. Sidori\u00a0"},"content":{"rendered":"<div data-elementor-type=\"wp-page\" data-elementor-id=\"1980\" class=\"elementor elementor-1980\" data-elementor-post-type=\"page\">\n\t\t\t\t\t\t<section class=\"elementor-section elementor-top-section elementor-element elementor-element-0feb49d elementor-section-boxed elementor-section-height-default elementor-section-height-default\" data-id=\"0feb49d\" data-element_type=\"section\">\n\t\t\t\t\t\t<div class=\"elementor-container elementor-column-gap-default\">\n\t\t\t\t\t<div class=\"elementor-column elementor-col-100 elementor-top-column elementor-element elementor-element-adb972b\" data-id=\"adb972b\" data-element_type=\"column\">\n\t\t\t<div class=\"elementor-widget-wrap elementor-element-populated\">\n\t\t\t\t\t\t<section class=\"elementor-section elementor-inner-section elementor-element elementor-element-867a250 elementor-section-boxed elementor-section-height-default elementor-section-height-default\" data-id=\"867a250\" data-element_type=\"section\">\n\t\t\t\t\t\t<div class=\"elementor-container elementor-column-gap-default\">\n\t\t\t\t\t<div class=\"elementor-column elementor-col-50 elementor-inner-column elementor-element elementor-element-25592d4\" data-id=\"25592d4\" data-element_type=\"column\">\n\t\t\t<div class=\"elementor-widget-wrap elementor-element-populated\">\n\t\t\t\t\t\t<div class=\"elementor-element elementor-element-42d3f86 elementor-widget elementor-widget-image\" data-id=\"42d3f86\" data-element_type=\"widget\" data-widget_type=\"image.default\">\n\t\t\t\t<div class=\"elementor-widget-container\">\n\t\t\t\t\t\t\t\t\t\t\t\t<figure class=\"wp-caption\">\n\t\t\t\t\t\t\t\t\t\t<img loading=\"lazy\" decoding=\"async\" width=\"1024\" height=\"1024\" src=\"https:\/\/sintorislaw.gr\/wp-content\/uploads\/2023\/06\/aristoula-sintori-1024x1024.jpg\" class=\"attachment-large size-large wp-image-2018\" alt=\"Aristoula sintori 1024x1024\" srcset=\"https:\/\/sintorislaw.gr\/wp-content\/uploads\/2023\/06\/aristoula-sintori-1024x1024.jpg 1024w, https:\/\/sintorislaw.gr\/wp-content\/uploads\/2023\/06\/aristoula-sintori-300x300.jpg 300w, https:\/\/sintorislaw.gr\/wp-content\/uploads\/2023\/06\/aristoula-sintori-150x150.jpg 150w, https:\/\/sintorislaw.gr\/wp-content\/uploads\/2023\/06\/aristoula-sintori-768x768.jpg 768w, https:\/\/sintorislaw.gr\/wp-content\/uploads\/2023\/06\/aristoula-sintori-600x600.jpg 600w, https:\/\/sintorislaw.gr\/wp-content\/uploads\/2023\/06\/aristoula-sintori.jpg 1080w\" sizes=\"auto, (max-width: 1024px) 100vw, 1024px\" \/>\t\t\t\t\t\t\t\t\t\t\t<figcaption class=\"widget-image-caption wp-caption-text\">Aristoula K. Sidori<\/figcaption>\n\t\t\t\t\t\t\t\t\t\t<\/figure>\n\t\t\t\t\t\t\t\t\t<\/div>\n\t\t\t\t<\/div>\n\t\t\t\t<div class=\"elementor-element elementor-element-7557d54 elementor-widget elementor-widget-cz_title\" data-id=\"7557d54\" data-element_type=\"widget\" data-widget_type=\"cz_title.default\">\n\t\t\t\t<div class=\"elementor-widget-container\">\n\t\t\t\t\t\t\r\n\t\t<div>\r\n\t\t\t<div class=\"cz_title clr cz_mobile_text_center cz_title_pos_center tac\"><a href=\"mailto:asintori@gmail.com\"><div class=\"cz_title_content\"><div class=\"cz_wpe_content\"><h3 style=\"text-align: center;\">E-mail<\/h3><p style=\"text-align: center;\">asintori@gmail.com<\/p><\/div><\/div><\/a><\/div>\r\n\t\t<\/div>\r\n\t\t\r\n\t\t\t\t\t\t<\/div>\n\t\t\t\t<\/div>\n\t\t\t\t<div class=\"elementor-element elementor-element-2c00048 elementor-widget elementor-widget-cz_title\" data-id=\"2c00048\" data-element_type=\"widget\" data-widget_type=\"cz_title.default\">\n\t\t\t\t<div class=\"elementor-widget-container\">\n\t\t\t\t\t\t\r\n\t\t<div>\r\n\t\t\t<div class=\"cz_title clr cz_mobile_text_center cz_title_pos_center tac\"><a href=\"tel:+306946993086\"><div class=\"cz_title_content\"><div class=\"cz_wpe_content\"><h3 style=\"text-align: center;\">Telefono<\/h3><p style=\"text-align: center;\">+306946993086<\/p><\/div><\/div><\/a><\/div>\r\n\t\t<\/div>\r\n\t\t\r\n\t\t\t\t\t\t<\/div>\n\t\t\t\t<\/div>\n\t\t\t\t<div class=\"elementor-element elementor-element-998fd99 elementor-widget elementor-widget-cz_title\" data-id=\"998fd99\" data-element_type=\"widget\" data-widget_type=\"cz_title.default\">\n\t\t\t\t<div class=\"elementor-widget-container\">\n\t\t\t\t\t\t\r\n\t\t<div>\r\n\t\t\t<div class=\"cz_title clr cz_mobile_text_center cz_title_pos_center tac\"><a href=\"https:\/\/goo.gl\/maps\/3mUD9nmAFeeFh8wTA\"><div class=\"cz_title_content\"><div class=\"cz_wpe_content\"><h3 style=\"text-align: center;\"><span style=\"color: #000001;\">Indirizzo<\/span><\/h3><p style=\"text-align: center;\"><span style=\"font-size: 14px;\">29 Gregorios Lambrakis 29,<br \/>Igoumenitsa Thesprotia, 46100<\/span><\/p><\/div><\/div><\/a><\/div>\r\n\t\t<\/div>\r\n\t\t\r\n\t\t\t\t\t\t<\/div>\n\t\t\t\t<\/div>\n\t\t\t\t\t<\/div>\n\t\t<\/div>\n\t\t\t\t<div class=\"elementor-column elementor-col-50 elementor-inner-column elementor-element elementor-element-940179f\" data-id=\"940179f\" data-element_type=\"column\">\n\t\t\t<div class=\"elementor-widget-wrap elementor-element-populated\">\n\t\t\t\t\t\t<div class=\"elementor-element elementor-element-33afa29 elementor-widget elementor-widget-text-editor\" data-id=\"33afa29\" data-element_type=\"widget\" data-widget_type=\"text-editor.default\">\n\t\t\t\t<div class=\"elementor-widget-container\">\n\t\t\t\t\t\t\t\t\t<p><b>Avvocato del ricorrente.<\/b><\/p>\n<p>\u00c8 nato a Ioannina nel 1989. Si \u00e8 laureato all'Universit\u00e0 Aristotele di Salonicco con il massimo dei voti nel 2013 e dal 2014 \u00e8 membro dell'Ordine degli avvocati di Thesprotia.<\/p>\n<p>\u00c8 specializzata in negoziazioni e risoluzione dei conflitti, in quanto nel 2013-2014 ha frequentato il programma post-laurea dell'Universit\u00e0 di Economia e Commercio di Atene sulle negoziazioni, ottenendo il relativo diploma, \"Diploma in Negoziazioni\".<\/p>\n<p>Nel 2015 ha ottenuto la certificazione di mediatore presso l'Istituto di formazione dei mediatori di Larissa.<br>Lingue: Inglese, tedesco<\/p>\n<p>Settori di attivit\u00e0 indicativi: Diritto civile, Diritto commerciale, Diritto bancario, Mediazione, Negoziazione, Negoziazione, Persone fisiche sovraindebitate, Diritto della previdenza sociale, Diritto dei trasporti (Logistica)<\/p>\t\t\t\t\t\t\t\t<\/div>\n\t\t\t\t<\/div>\n\t\t\t\t\t<\/div>\n\t\t<\/div>\n\t\t\t\t\t<\/div>\n\t\t<\/section>\n\t\t\t\t\t<\/div>\n\t\t<\/div>\n\t\t\t\t\t<\/div>\n\t\t<\/section>\n\t\t\t\t<section class=\"elementor-section elementor-top-section elementor-element elementor-element-51f3e14 elementor-section-boxed elementor-section-height-default elementor-section-height-default\" data-id=\"51f3e14\" data-element_type=\"section\">\n\t\t\t\t\t\t<div class=\"elementor-container elementor-column-gap-default\">\n\t\t\t\t\t<div class=\"elementor-column elementor-col-100 elementor-top-column elementor-element elementor-element-9030566\" data-id=\"9030566\" data-element_type=\"column\">\n\t\t\t<div class=\"elementor-widget-wrap elementor-element-populated\">\n\t\t\t\t\t\t<div class=\"elementor-element elementor-element-dc8dd0a elementor-widget elementor-widget-cz_button\" data-id=\"dc8dd0a\" data-element_type=\"widget\" data-widget_type=\"cz_button.default\">\n\t\t\t\t<div class=\"elementor-widget-container\">\n\t\t\t\t\t\t\t<div class=\"cz_btn_center\">\r\n\t\t\t<div>\r\n\t\t\t\t<a href=\"https:\/\/sintorislaw.gr\/it\/stelexi-i-omada-mas\/\" class=\"cz_btn cz_btn_txt_no_fx cz_btn_no_fx\">\r\n\r\n\t\t\t\t\t<span><i class=\"czi czico-023-guarantee\"><\/i>\t\t\t\t\t\t<strong>Vedi tutti i nostri partner\t\t\t\t\t\t\t\t\t\t\t\t\t<\/strong>\r\n\t\t\t\t\t\t\t\t\t\t\t<\/span>\r\n\r\n\t\t\t\t\t<b class=\"cz_btn_onhover\">\r\n\t\t\t\t\t\t<i class=\"czi czico-023-guarantee\"><\/i>\t\t\t\t\t\t<strong>\r\n\t\t\t\t\t\t\tVedi tutti i nostri partner\t\t\t\t\t\t\t\t\t\t\t\t\t<\/strong>\r\n\t\t\t\t\t\t\t\t\t\t\t<\/b>\r\n\r\n\t\t\t\t<\/a>\r\n\t\t\t<\/div>\r\n\t\t<\/div> \t\t\t\t\t\t<\/div>\n\t\t\t\t<\/div>\n\t\t\t\t\t<\/div>\n\t\t<\/div>\n\t\t\t\t\t<\/div>\n\t\t<\/section>\n\t\t\t\t<\/div>","protected":false},"excerpt":{"rendered":"<p>Aristoula K. Sidori E-mail asintori@gmail.com Telefono +306946993086 Indirizzo 29 Gregoriu Lambraki 29,Igoumenitsa ... <\/p>","protected":false},"author":1,"featured_media":0,"parent":0,"menu_order":0,"comment_status":"closed","ping_status":"closed","template":"","meta":{"footnotes":""},"class_list":["post-1980","page","type-page","status-publish","hentry"],"yoast_head":"<!-- This site is optimized with the Yoast SEO plugin v26.7 - https:\/\/yoast.com\/wordpress\/plugins\/seo\/ -->\n<title>\u0391\u03c1\u03b9\u03c3\u03c4\u03bf\u03cd\u03bb\u03b1 \u039a. \u03a3\u03b9\u03bd\u03c4\u03cc\u03c1\u03b7\u00a0 - \u0394\u03b9\u03ba\u03b7\u03b3\u03cc\u03c1\u03bf\u03c2 - \u0398\u03b5\u03c3\u03c0\u03c1\u03c9\u03c4\u03af\u03b1 - \u0389\u03c0\u03b5\u03b9\u03c1\u03bf\u03c2<\/title>\n<meta name=\"description\" content=\"\u0394\u03b9\u03ba\u03b7\u03b3\u03cc\u03c1\u03bf\u03c2 \u03a0\u03b1\u03c1\u2019 \u03b5\u03c6\u03ad\u03c4\u03b1\u03b9\u03c2.\u0395\u03af\u03bd\u03b1\u03b9 \u03b5\u03be\u03b5\u03b9\u03b4\u03b9\u03ba\u03b5\u03c5\u03bc\u03ad\u03bd\u03b7 \u03c3\u03c4\u03b9\u03c2 \u03b4\u03b9\u03b1\u03c0\u03c1\u03b1\u03b3\u03bc\u03b1\u03c4\u03b5\u03cd\u03c3\u03b5\u03b9\u03c2 \u03ba\u03b1\u03b9 \u03c3\u03c4\u03b7\u03bd \u03b5\u03c0\u03af\u03bb\u03c5\u03c3\u03b7 \u03c3\u03c5\u03b3\u03ba\u03c1\u03bf\u03cd\u03c3\u03b5\u03c9\u03bd.To \u03ad\u03c4\u03bf\u03c2 2015 \u03c0\u03b9\u03c3\u03c4\u03bf\u03c0\u03bf\u03b9\u03ae\u03b8\u03b7\u03ba\u03b5 \u03c9\u03c2 \u0394\u03b9\u03b1\u03bc\u03b5\u03c3\u03bf\u03bb\u03b1\u03b2\u03ae\u03c4\u03c1\u03b9\u03b1.\" \/>\n<meta name=\"robots\" content=\"index, follow, max-snippet:-1, max-image-preview:large, max-video-preview:-1\" \/>\n<link rel=\"canonical\" href=\"https:\/\/sintorislaw.gr\/it\/aristoula-sintori\/\" \/>\n<meta property=\"og:locale\" content=\"it_IT\" \/>\n<meta property=\"og:type\" content=\"article\" \/>\n<meta property=\"og:title\" content=\"\u0391\u03c1\u03b9\u03c3\u03c4\u03bf\u03cd\u03bb\u03b1 \u039a. \u03a3\u03b9\u03bd\u03c4\u03cc\u03c1\u03b7\u00a0 - \u0394\u03b9\u03ba\u03b7\u03b3\u03cc\u03c1\u03bf\u03c2 - \u0398\u03b5\u03c3\u03c0\u03c1\u03c9\u03c4\u03af\u03b1 - \u0389\u03c0\u03b5\u03b9\u03c1\u03bf\u03c2\" \/>\n<meta property=\"og:description\" content=\"\u0394\u03b9\u03ba\u03b7\u03b3\u03cc\u03c1\u03bf\u03c2 \u03a0\u03b1\u03c1\u2019 \u03b5\u03c6\u03ad\u03c4\u03b1\u03b9\u03c2.\u0395\u03af\u03bd\u03b1\u03b9 \u03b5\u03be\u03b5\u03b9\u03b4\u03b9\u03ba\u03b5\u03c5\u03bc\u03ad\u03bd\u03b7 \u03c3\u03c4\u03b9\u03c2 \u03b4\u03b9\u03b1\u03c0\u03c1\u03b1\u03b3\u03bc\u03b1\u03c4\u03b5\u03cd\u03c3\u03b5\u03b9\u03c2 \u03ba\u03b1\u03b9 \u03c3\u03c4\u03b7\u03bd \u03b5\u03c0\u03af\u03bb\u03c5\u03c3\u03b7 \u03c3\u03c5\u03b3\u03ba\u03c1\u03bf\u03cd\u03c3\u03b5\u03c9\u03bd.To \u03ad\u03c4\u03bf\u03c2 2015 \u03c0\u03b9\u03c3\u03c4\u03bf\u03c0\u03bf\u03b9\u03ae\u03b8\u03b7\u03ba\u03b5 \u03c9\u03c2 \u0394\u03b9\u03b1\u03bc\u03b5\u03c3\u03bf\u03bb\u03b1\u03b2\u03ae\u03c4\u03c1\u03b9\u03b1.\" \/>\n<meta property=\"og:url\" content=\"https:\/\/sintorislaw.gr\/it\/aristoula-sintori\/\" \/>\n<meta property=\"og:site_name\" content=\"\u0394\u03b9\u03ba\u03b7\u03b3\u03cc\u03c1\u03bf\u03b9 \u0393. \u03ba\u03b1\u03b9 \u039a. \u03a3\u03b9\u03bd\u03c4\u03cc\u03c1\u03b7\u03c2 \u03ba\u03b1\u03b9 \u03a3\u03c5\u03bd\u03b5\u03c1\u03b3\u03ac\u03c4\u03b5\u03c2 - \u0397\u03b3\u03bf\u03c5\u03bc\u03b5\u03bd\u03af\u03c4\u03c3\u03b1\" \/>\n<meta property=\"article:publisher\" content=\"https:\/\/www.facebook.com\/sintorislaw\/\" \/>\n<meta property=\"article:modified_time\" content=\"2024-01-04T06:45:11+00:00\" \/>\n<meta property=\"og:image\" content=\"https:\/\/sintorislaw.gr\/wp-content\/uploads\/2023\/06\/aristoula-sintori-1024x1024.jpg\" \/>\n<meta name=\"twitter:card\" content=\"summary_large_image\" \/>\n<meta name=\"twitter:label1\" content=\"Tempo di lettura stimato\" \/>\n\t<meta name=\"twitter:data1\" content=\"1 minuto\" \/>\n<script type=\"application\/ld+json\" class=\"yoast-schema-graph\">{\"@context\":\"https:\/\/schema.org\",\"@graph\":[{\"@type\":\"WebPage\",\"@id\":\"https:\/\/sintorislaw.gr\/aristoula-sintori\/\",\"url\":\"https:\/\/sintorislaw.gr\/aristoula-sintori\/\",\"name\":\"\u0391\u03c1\u03b9\u03c3\u03c4\u03bf\u03cd\u03bb\u03b1 \u039a. \u03a3\u03b9\u03bd\u03c4\u03cc\u03c1\u03b7\u00a0 - \u0394\u03b9\u03ba\u03b7\u03b3\u03cc\u03c1\u03bf\u03c2 - \u0398\u03b5\u03c3\u03c0\u03c1\u03c9\u03c4\u03af\u03b1 - \u0389\u03c0\u03b5\u03b9\u03c1\u03bf\u03c2\",\"isPartOf\":{\"@id\":\"https:\/\/sintorislaw.gr\/#website\"},\"primaryImageOfPage\":{\"@id\":\"https:\/\/sintorislaw.gr\/aristoula-sintori\/#primaryimage\"},\"image\":{\"@id\":\"https:\/\/sintorislaw.gr\/aristoula-sintori\/#primaryimage\"},\"thumbnailUrl\":\"https:\/\/sintorislaw.gr\/wp-content\/uploads\/2023\/06\/aristoula-sintori-1024x1024.jpg\",\"datePublished\":\"2023-06-09T15:13:18+00:00\",\"dateModified\":\"2024-01-04T06:45:11+00:00\",\"description\":\"\u0394\u03b9\u03ba\u03b7\u03b3\u03cc\u03c1\u03bf\u03c2 \u03a0\u03b1\u03c1\u2019 \u03b5\u03c6\u03ad\u03c4\u03b1\u03b9\u03c2.\u0395\u03af\u03bd\u03b1\u03b9 \u03b5\u03be\u03b5\u03b9\u03b4\u03b9\u03ba\u03b5\u03c5\u03bc\u03ad\u03bd\u03b7 \u03c3\u03c4\u03b9\u03c2 \u03b4\u03b9\u03b1\u03c0\u03c1\u03b1\u03b3\u03bc\u03b1\u03c4\u03b5\u03cd\u03c3\u03b5\u03b9\u03c2 \u03ba\u03b1\u03b9 \u03c3\u03c4\u03b7\u03bd \u03b5\u03c0\u03af\u03bb\u03c5\u03c3\u03b7 \u03c3\u03c5\u03b3\u03ba\u03c1\u03bf\u03cd\u03c3\u03b5\u03c9\u03bd.To \u03ad\u03c4\u03bf\u03c2 2015 \u03c0\u03b9\u03c3\u03c4\u03bf\u03c0\u03bf\u03b9\u03ae\u03b8\u03b7\u03ba\u03b5 \u03c9\u03c2 \u0394\u03b9\u03b1\u03bc\u03b5\u03c3\u03bf\u03bb\u03b1\u03b2\u03ae\u03c4\u03c1\u03b9\u03b1.\",\"breadcrumb\":{\"@id\":\"https:\/\/sintorislaw.gr\/aristoula-sintori\/#breadcrumb\"},\"inLanguage\":\"it-IT\",\"potentialAction\":[{\"@type\":\"ReadAction\",\"target\":[\"https:\/\/sintorislaw.gr\/aristoula-sintori\/\"]}]},{\"@type\":\"ImageObject\",\"inLanguage\":\"it-IT\",\"@id\":\"https:\/\/sintorislaw.gr\/aristoula-sintori\/#primaryimage\",\"url\":\"https:\/\/sintorislaw.gr\/wp-content\/uploads\/2023\/06\/aristoula-sintori-1024x1024.jpg\",\"contentUrl\":\"https:\/\/sintorislaw.gr\/wp-content\/uploads\/2023\/06\/aristoula-sintori-1024x1024.jpg\"},{\"@type\":\"BreadcrumbList\",\"@id\":\"https:\/\/sintorislaw.gr\/aristoula-sintori\/#breadcrumb\",\"itemListElement\":[{\"@type\":\"ListItem\",\"position\":1,\"name\":\"\u0391\u03c1\u03c7\u03b9\u03ba\u03ae\",\"item\":\"https:\/\/sintorislaw.gr\/\"},{\"@type\":\"ListItem\",\"position\":2,\"name\":\"\u0391\u03c1\u03b9\u03c3\u03c4\u03bf\u03cd\u03bb\u03b1 \u039a. \u03a3\u03b9\u03bd\u03c4\u03cc\u03c1\u03b7\u00a0\"}]},{\"@type\":\"WebSite\",\"@id\":\"https:\/\/sintorislaw.gr\/#website\",\"url\":\"https:\/\/sintorislaw.gr\/\",\"name\":\"\u0393\u03b5\u03ce\u03c1\u03b3\u03b9\u03bf\u03c2 \u03ba\u03b1\u03b9 \u039a\u03c9\u03bd\u03c3\u03c4\u03b1\u03bd\u03c4\u03af\u03bd\u03bf\u03c2 \u03a3\u03b9\u03bd\u03c4\u03cc\u03c1\u03b7\u03c2 \u03ba\u03b1\u03b9 \u03a3\u03c5\u03bd\u03b5\u03c1\u03b3\u03ac\u03c4\u03b5\u03c2 - \u0397\u03b3\u03bf\u03c5\u03bc\u03b5\u03bd\u03af\u03c4\u03c3\u03b1\",\"description\":\"\u0394\u03b9\u03ba\u03b7\u03b3\u03cc\u03c1\u03bf\u03b9 \u03bc\u03b5 \u03bc\u03b1\u03ba\u03c1\u03bf\u03c7\u03c1\u03cc\u03bd\u03b9\u03b1 \u03b5\u03bc\u03c0\u03b5\u03b9\u03c1\u03af\u03b1 \u03ba\u03b1\u03b9 \u03b5\u03c0\u03b9\u03c3\u03c4\u03b7\u03bc\u03bf\u03bd\u03b9\u03ba\u03ae \u03ba\u03b1\u03c4\u03ac\u03c1\u03c4\u03b9\u03c3\u03b7. \u039c\u03b5 \u03ad\u03b4\u03c1\u03b1 \u03c4\u03b7\u03bd \u0397\u03b3\u03bf\u03c5\u03bc\u03b5\u03bd\u03af\u03c4\u03c3\u03b1, \u03b4\u03c1\u03b1\u03c3\u03c4\u03b7\u03c1\u03b9\u03bf\u03c0\u03bf\u03b9\u03bf\u03cd\u03bc\u03b1\u03c3\u03c4\u03b5 \u03c3\u03c4\u03b1 \u0399\u03c9\u03ac\u03bd\u03bd\u03b9\u03bd\u03b1 \u03ba\u03b1\u03b9 \u03c4\u03b7\u03bd \u039a\u03ad\u03c1\u03ba\u03c5\u03c1\u03b1.\",\"publisher\":{\"@id\":\"https:\/\/sintorislaw.gr\/#organization\"},\"alternateName\":\"\u0394\u03b9\u03ba\u03b7\u03b3\u03bf\u03c1\u03b9\u03ba\u03cc \u03b3\u03c1\u03b1\u03c6\u03b5\u03af\u03bf - \u03a3\u03b9\u03bd\u03c4\u03cc\u03c1\u03b7\u03c2 \u03ba\u03b1\u03b9 \u03a3\u03c5\u03bd\u03b5\u03c1\u03b3\u03ac\u03c4\u03b5\u03c2\",\"potentialAction\":[{\"@type\":\"SearchAction\",\"target\":{\"@type\":\"EntryPoint\",\"urlTemplate\":\"https:\/\/sintorislaw.gr\/?s={search_term_string}\"},\"query-input\":{\"@type\":\"PropertyValueSpecification\",\"valueRequired\":true,\"valueName\":\"search_term_string\"}}],\"inLanguage\":\"it-IT\"},{\"@type\":\"Organization\",\"@id\":\"https:\/\/sintorislaw.gr\/#organization\",\"name\":\"\u0393\u03b5\u03ce\u03c1\u03b3\u03b9\u03bf\u03c2 \u03ba\u03b1\u03b9 \u039a\u03c9\u03bd\u03c3\u03c4\u03b1\u03bd\u03c4\u03af\u03bd\u03bf\u03c2 \u03a3\u03b9\u03bd\u03c4\u03cc\u03c1\u03b7\u03c2 \u03ba\u03b1\u03b9 \u03a3\u03c5\u03bd\u03b5\u03c1\u03b3\u03ac\u03c4\u03b5\u03c2 - \u0397\u03b3\u03bf\u03c5\u03bc\u03b5\u03bd\u03af\u03c4\u03c3\u03b1, \u0398\u03b5\u03c3\u03c0\u03c1\u03c9\u03c4\u03af\u03b1\",\"url\":\"https:\/\/sintorislaw.gr\/\",\"logo\":{\"@type\":\"ImageObject\",\"inLanguage\":\"it-IT\",\"@id\":\"https:\/\/sintorislaw.gr\/#\/schema\/logo\/image\/\",\"url\":\"https:\/\/sintorislaw.gr\/wp-content\/uploads\/2023\/04\/cropped-favicon-sintorislaw.jpg\",\"contentUrl\":\"https:\/\/sintorislaw.gr\/wp-content\/uploads\/2023\/04\/cropped-favicon-sintorislaw.jpg\",\"width\":512,\"height\":512,\"caption\":\"\u0393\u03b5\u03ce\u03c1\u03b3\u03b9\u03bf\u03c2 \u03ba\u03b1\u03b9 \u039a\u03c9\u03bd\u03c3\u03c4\u03b1\u03bd\u03c4\u03af\u03bd\u03bf\u03c2 \u03a3\u03b9\u03bd\u03c4\u03cc\u03c1\u03b7\u03c2 \u03ba\u03b1\u03b9 \u03a3\u03c5\u03bd\u03b5\u03c1\u03b3\u03ac\u03c4\u03b5\u03c2 - \u0397\u03b3\u03bf\u03c5\u03bc\u03b5\u03bd\u03af\u03c4\u03c3\u03b1, \u0398\u03b5\u03c3\u03c0\u03c1\u03c9\u03c4\u03af\u03b1\"},\"image\":{\"@id\":\"https:\/\/sintorislaw.gr\/#\/schema\/logo\/image\/\"},\"sameAs\":[\"https:\/\/www.facebook.com\/sintorislaw\/\"]}]}<\/script>\n<!-- \/ Yoast SEO plugin. -->","yoast_head_json":{"title":"Aristoula K. Sidori - Avvocato - Thesprotia - Epiro","description":"Avvocato d'appello, \u00e8 specializzata in negoziazioni e risoluzione dei conflitti e nel 2015 ha ottenuto la certificazione di mediatore.","robots":{"index":"index","follow":"follow","max-snippet":"max-snippet:-1","max-image-preview":"max-image-preview:large","max-video-preview":"max-video-preview:-1"},"canonical":"https:\/\/sintorislaw.gr\/it\/aristoula-sintori\/","og_locale":"it_IT","og_type":"article","og_title":"\u0391\u03c1\u03b9\u03c3\u03c4\u03bf\u03cd\u03bb\u03b1 \u039a. \u03a3\u03b9\u03bd\u03c4\u03cc\u03c1\u03b7\u00a0 - \u0394\u03b9\u03ba\u03b7\u03b3\u03cc\u03c1\u03bf\u03c2 - \u0398\u03b5\u03c3\u03c0\u03c1\u03c9\u03c4\u03af\u03b1 - \u0389\u03c0\u03b5\u03b9\u03c1\u03bf\u03c2","og_description":"\u0394\u03b9\u03ba\u03b7\u03b3\u03cc\u03c1\u03bf\u03c2 \u03a0\u03b1\u03c1\u2019 \u03b5\u03c6\u03ad\u03c4\u03b1\u03b9\u03c2.\u0395\u03af\u03bd\u03b1\u03b9 \u03b5\u03be\u03b5\u03b9\u03b4\u03b9\u03ba\u03b5\u03c5\u03bc\u03ad\u03bd\u03b7 \u03c3\u03c4\u03b9\u03c2 \u03b4\u03b9\u03b1\u03c0\u03c1\u03b1\u03b3\u03bc\u03b1\u03c4\u03b5\u03cd\u03c3\u03b5\u03b9\u03c2 \u03ba\u03b1\u03b9 \u03c3\u03c4\u03b7\u03bd \u03b5\u03c0\u03af\u03bb\u03c5\u03c3\u03b7 \u03c3\u03c5\u03b3\u03ba\u03c1\u03bf\u03cd\u03c3\u03b5\u03c9\u03bd.To \u03ad\u03c4\u03bf\u03c2 2015 \u03c0\u03b9\u03c3\u03c4\u03bf\u03c0\u03bf\u03b9\u03ae\u03b8\u03b7\u03ba\u03b5 \u03c9\u03c2 \u0394\u03b9\u03b1\u03bc\u03b5\u03c3\u03bf\u03bb\u03b1\u03b2\u03ae\u03c4\u03c1\u03b9\u03b1.","og_url":"https:\/\/sintorislaw.gr\/it\/aristoula-sintori\/","og_site_name":"\u0394\u03b9\u03ba\u03b7\u03b3\u03cc\u03c1\u03bf\u03b9 \u0393. \u03ba\u03b1\u03b9 \u039a. \u03a3\u03b9\u03bd\u03c4\u03cc\u03c1\u03b7\u03c2 \u03ba\u03b1\u03b9 \u03a3\u03c5\u03bd\u03b5\u03c1\u03b3\u03ac\u03c4\u03b5\u03c2 - \u0397\u03b3\u03bf\u03c5\u03bc\u03b5\u03bd\u03af\u03c4\u03c3\u03b1","article_publisher":"https:\/\/www.facebook.com\/sintorislaw\/","article_modified_time":"2024-01-04T06:45:11+00:00","og_image":[{"url":"https:\/\/sintorislaw.gr\/wp-content\/uploads\/2023\/06\/aristoula-sintori-1024x1024.jpg","type":"","width":"","height":""}],"twitter_card":"summary_large_image","twitter_misc":{"Tempo di lettura stimato":"1 minuto"},"schema":{"@context":"https:\/\/schema.org","@graph":[{"@type":"WebPage","@id":"https:\/\/sintorislaw.gr\/aristoula-sintori\/","url":"https:\/\/sintorislaw.gr\/aristoula-sintori\/","name":"Aristoula K. Sidori - Avvocato - Thesprotia - Epiro","isPartOf":{"@id":"https:\/\/sintorislaw.gr\/#website"},"primaryImageOfPage":{"@id":"https:\/\/sintorislaw.gr\/aristoula-sintori\/#primaryimage"},"image":{"@id":"https:\/\/sintorislaw.gr\/aristoula-sintori\/#primaryimage"},"thumbnailUrl":"https:\/\/sintorislaw.gr\/wp-content\/uploads\/2023\/06\/aristoula-sintori-1024x1024.jpg","datePublished":"2023-06-09T15:13:18+00:00","dateModified":"2024-01-04T06:45:11+00:00","description":"Avvocato d'appello, \u00e8 specializzata in negoziazioni e risoluzione dei conflitti e nel 2015 ha ottenuto la certificazione di mediatore.","breadcrumb":{"@id":"https:\/\/sintorislaw.gr\/aristoula-sintori\/#breadcrumb"},"inLanguage":"it-IT","potentialAction":[{"@type":"ReadAction","target":["https:\/\/sintorislaw.gr\/aristoula-sintori\/"]}]},{"@type":"ImageObject","inLanguage":"it-IT","@id":"https:\/\/sintorislaw.gr\/aristoula-sintori\/#primaryimage","url":"https:\/\/sintorislaw.gr\/wp-content\/uploads\/2023\/06\/aristoula-sintori-1024x1024.jpg","contentUrl":"https:\/\/sintorislaw.gr\/wp-content\/uploads\/2023\/06\/aristoula-sintori-1024x1024.jpg"},{"@type":"BreadcrumbList","@id":"https:\/\/sintorislaw.gr\/aristoula-sintori\/#breadcrumb","itemListElement":[{"@type":"ListItem","position":1,"name":"\u0391\u03c1\u03c7\u03b9\u03ba\u03ae","item":"https:\/\/sintorislaw.gr\/"},{"@type":"ListItem","position":2,"name":"\u0391\u03c1\u03b9\u03c3\u03c4\u03bf\u03cd\u03bb\u03b1 \u039a. \u03a3\u03b9\u03bd\u03c4\u03cc\u03c1\u03b7\u00a0"}]},{"@type":"WebSite","@id":"https:\/\/sintorislaw.gr\/#website","url":"https:\/\/sintorislaw.gr\/","name":"Georgios e Konstantinos Sidoris e associati - Igoumenitsa","description":"Avvocati con lunga esperienza e formazione scientifica. Con sede a Igoumenitsa, operiamo a Ioannina e Corf\u00f9.","publisher":{"@id":"https:\/\/sintorislaw.gr\/#organization"},"alternateName":"\u0394\u03b9\u03ba\u03b7\u03b3\u03bf\u03c1\u03b9\u03ba\u03cc \u03b3\u03c1\u03b1\u03c6\u03b5\u03af\u03bf - \u03a3\u03b9\u03bd\u03c4\u03cc\u03c1\u03b7\u03c2 \u03ba\u03b1\u03b9 \u03a3\u03c5\u03bd\u03b5\u03c1\u03b3\u03ac\u03c4\u03b5\u03c2","potentialAction":[{"@type":"SearchAction","target":{"@type":"EntryPoint","urlTemplate":"https:\/\/sintorislaw.gr\/?s={search_term_string}"},"query-input":{"@type":"PropertyValueSpecification","valueRequired":true,"valueName":"search_term_string"}}],"inLanguage":"it-IT"},{"@type":"Organization","@id":"https:\/\/sintorislaw.gr\/#organization","name":"Georgios e Konstantinos Sidoris e associati - Igoumenitsa, Thesprotia","url":"https:\/\/sintorislaw.gr\/","logo":{"@type":"ImageObject","inLanguage":"it-IT","@id":"https:\/\/sintorislaw.gr\/#\/schema\/logo\/image\/","url":"https:\/\/sintorislaw.gr\/wp-content\/uploads\/2023\/04\/cropped-favicon-sintorislaw.jpg","contentUrl":"https:\/\/sintorislaw.gr\/wp-content\/uploads\/2023\/04\/cropped-favicon-sintorislaw.jpg","width":512,"height":512,"caption":"\u0393\u03b5\u03ce\u03c1\u03b3\u03b9\u03bf\u03c2 \u03ba\u03b1\u03b9 \u039a\u03c9\u03bd\u03c3\u03c4\u03b1\u03bd\u03c4\u03af\u03bd\u03bf\u03c2 \u03a3\u03b9\u03bd\u03c4\u03cc\u03c1\u03b7\u03c2 \u03ba\u03b1\u03b9 \u03a3\u03c5\u03bd\u03b5\u03c1\u03b3\u03ac\u03c4\u03b5\u03c2 - \u0397\u03b3\u03bf\u03c5\u03bc\u03b5\u03bd\u03af\u03c4\u03c3\u03b1, \u0398\u03b5\u03c3\u03c0\u03c1\u03c9\u03c4\u03af\u03b1"},"image":{"@id":"https:\/\/sintorislaw.gr\/#\/schema\/logo\/image\/"},"sameAs":["https:\/\/www.facebook.com\/sintorislaw\/"]}]}},"_links":{"self":[{"href":"https:\/\/sintorislaw.gr\/it\/wp-json\/wp\/v2\/pages\/1980","targetHints":{"allow":["GET"]}}],"collection":[{"href":"https:\/\/sintorislaw.gr\/it\/wp-json\/wp\/v2\/pages"}],"about":[{"href":"https:\/\/sintorislaw.gr\/it\/wp-json\/wp\/v2\/types\/page"}],"author":[{"embeddable":true,"href":"https:\/\/sintorislaw.gr\/it\/wp-json\/wp\/v2\/users\/1"}],"replies":[{"embeddable":true,"href":"https:\/\/sintorislaw.gr\/it\/wp-json\/wp\/v2\/comments?post=1980"}],"version-history":[{"count":1,"href":"https:\/\/sintorislaw.gr\/it\/wp-json\/wp\/v2\/pages\/1980\/revisions"}],"predecessor-version":[{"id":2346,"href":"https:\/\/sintorislaw.gr\/it\/wp-json\/wp\/v2\/pages\/1980\/revisions\/2346"}],"wp:attachment":[{"href":"https:\/\/sintorislaw.gr\/it\/wp-json\/wp\/v2\/media?parent=1980"}],"curies":[{"name":"wp","href":"https:\/\/api.w.org\/{rel}","templated":true}]}}