{"id":1932,"date":"2023-06-09T17:13:41","date_gmt":"2023-06-09T14:13:41","guid":{"rendered":"https:\/\/sintorislaw.gr\/?page_id=1932"},"modified":"2023-07-13T11:19:59","modified_gmt":"2023-07-13T08:19:59","slug":"giorgos-b-sintoris-dikigoros","status":"publish","type":"page","link":"https:\/\/sintorislaw.gr\/it\/giorgos-b-sintoris-dikigoros\/","title":{"rendered":"Giorgio V. Sidoris"},"content":{"rendered":"<div data-elementor-type=\"wp-page\" data-elementor-id=\"1932\" class=\"elementor elementor-1932\" data-elementor-post-type=\"page\">\n\t\t\t\t\t\t<section class=\"elementor-section elementor-top-section elementor-element elementor-element-0feb49d elementor-section-boxed elementor-section-height-default elementor-section-height-default\" data-id=\"0feb49d\" data-element_type=\"section\">\n\t\t\t\t\t\t<div class=\"elementor-container elementor-column-gap-default\">\n\t\t\t\t\t<div class=\"elementor-column elementor-col-100 elementor-top-column elementor-element elementor-element-adb972b\" data-id=\"adb972b\" data-element_type=\"column\">\n\t\t\t<div class=\"elementor-widget-wrap elementor-element-populated\">\n\t\t\t\t\t\t<section class=\"elementor-section elementor-inner-section elementor-element elementor-element-867a250 elementor-section-boxed elementor-section-height-default elementor-section-height-default\" data-id=\"867a250\" data-element_type=\"section\">\n\t\t\t\t\t\t<div class=\"elementor-container elementor-column-gap-default\">\n\t\t\t\t\t<div class=\"elementor-column elementor-col-50 elementor-inner-column elementor-element elementor-element-25592d4\" data-id=\"25592d4\" data-element_type=\"column\">\n\t\t\t<div class=\"elementor-widget-wrap elementor-element-populated\">\n\t\t\t\t\t\t<div class=\"elementor-element elementor-element-42d3f86 elementor-widget elementor-widget-image\" data-id=\"42d3f86\" data-element_type=\"widget\" data-widget_type=\"image.default\">\n\t\t\t\t<div class=\"elementor-widget-container\">\n\t\t\t\t\t\t\t\t\t\t\t\t<figure class=\"wp-caption\">\n\t\t\t\t\t\t\t\t\t\t<img loading=\"lazy\" decoding=\"async\" width=\"400\" height=\"300\" src=\"https:\/\/sintorislaw.gr\/wp-content\/uploads\/2023\/04\/georgios-sintoris-dikigoros.jpg\" class=\"attachment-large size-large wp-image-1565\" alt=\"Georgios sintoris dikigoros\" srcset=\"https:\/\/sintorislaw.gr\/wp-content\/uploads\/2023\/04\/georgios-sintoris-dikigoros.jpg 400w, https:\/\/sintorislaw.gr\/wp-content\/uploads\/2023\/04\/georgios-sintoris-dikigoros-300x225.jpg 300w\" sizes=\"auto, (max-width: 400px) 100vw, 400px\" \/>\t\t\t\t\t\t\t\t\t\t\t<figcaption class=\"widget-image-caption wp-caption-text\">Giorgio V. Sidoris <\/figcaption>\n\t\t\t\t\t\t\t\t\t\t<\/figure>\n\t\t\t\t\t\t\t\t\t<\/div>\n\t\t\t\t<\/div>\n\t\t\t\t<div class=\"elementor-element elementor-element-9903ab6 elementor-widget elementor-widget-cz_title\" data-id=\"9903ab6\" data-element_type=\"widget\" data-widget_type=\"cz_title.default\">\n\t\t\t\t<div class=\"elementor-widget-container\">\n\t\t\t\t\t\t\r\n\t\t<div>\r\n\t\t\t<div class=\"cz_title clr cz_mobile_text_center cz_title_pos_center tac\"><a href=\"mailto:sidorisgiorgos@gmail.com\"><div class=\"cz_title_content\"><div class=\"cz_wpe_content\"><h3 style=\"text-align: center;\">E-mail<\/h3><p style=\"text-align: center;\">sidorisgiorgos@gmail.com<\/p><\/div><\/div><\/a><\/div>\r\n\t\t<\/div>\r\n\t\t\r\n\t\t\t\t\t\t<\/div>\n\t\t\t\t<\/div>\n\t\t\t\t<div class=\"elementor-element elementor-element-4e2aa3c elementor-widget elementor-widget-cz_title\" data-id=\"4e2aa3c\" data-element_type=\"widget\" data-widget_type=\"cz_title.default\">\n\t\t\t\t<div class=\"elementor-widget-container\">\n\t\t\t\t\t\t\r\n\t\t<div>\r\n\t\t\t<div class=\"cz_title clr cz_mobile_text_center cz_title_pos_center tac\"><a href=\"tel:+306944253331\"><div class=\"cz_title_content\"><div class=\"cz_wpe_content\"><h3 style=\"text-align: center;\">Telefono<\/h3><p style=\"text-align: center;\">+306944253331<\/p><\/div><\/div><\/a><\/div>\r\n\t\t<\/div>\r\n\t\t\r\n\t\t\t\t\t\t<\/div>\n\t\t\t\t<\/div>\n\t\t\t\t<div class=\"elementor-element elementor-element-c005fc3 elementor-widget elementor-widget-cz_title\" data-id=\"c005fc3\" data-element_type=\"widget\" data-widget_type=\"cz_title.default\">\n\t\t\t\t<div class=\"elementor-widget-container\">\n\t\t\t\t\t\t\r\n\t\t<div>\r\n\t\t\t<div class=\"cz_title clr cz_mobile_text_center cz_title_pos_center tac\"><a href=\"https:\/\/goo.gl\/maps\/3mUD9nmAFeeFh8wTA\"><div class=\"cz_title_content\"><div class=\"cz_wpe_content\"><h3 style=\"text-align: center;\"><span style=\"color: #000001;\">Indirizzo<\/span><\/h3><p style=\"text-align: center;\"><span style=\"font-size: 14px;\">29 Gregorios Lambrakis 29,<br \/>Igoumenitsa Thesprotia, 46100<\/span><\/p><\/div><\/div><\/a><\/div>\r\n\t\t<\/div>\r\n\t\t\r\n\t\t\t\t\t\t<\/div>\n\t\t\t\t<\/div>\n\t\t\t\t\t<\/div>\n\t\t<\/div>\n\t\t\t\t<div class=\"elementor-column elementor-col-50 elementor-inner-column elementor-element elementor-element-940179f\" data-id=\"940179f\" data-element_type=\"column\">\n\t\t\t<div class=\"elementor-widget-wrap elementor-element-populated\">\n\t\t\t\t\t\t<div class=\"elementor-element elementor-element-33afa29 elementor-widget elementor-widget-text-editor\" data-id=\"33afa29\" data-element_type=\"widget\" data-widget_type=\"text-editor.default\">\n\t\t\t\t<div class=\"elementor-widget-container\">\n\t\t\t\t\t\t\t\t\t<p><b>Avvocato<\/b><\/p><p>\u00c8 nato a Karvounari, nell'ex provincia di Souli, nel 1959. <br \/>Ha studiato alla Facolt\u00e0 di Giurisprudenza di Salonicco, dove si \u00e8 laureato nel 1980. Nel 1982 \u00e8 stato nominato avvocato a Thesprotia, ed \u00e8 membro dell'Ordine degli Avvocati fino ad oggi, essendo stato promosso a Procuratore legale. Dal 1983 al 2012 \u00e8 stato consulente legale della societ\u00e0 bancaria per azioni \"Agrotiki Bank\", con un'interruzione nel 1990-1991. Dal 2012 al 2013 \u00e8 stato consulente legale della societ\u00e0 bancaria per azioni \"Piraeus Bank\" e attualmente \u00e8 consulente legale della societ\u00e0 \"ATE S.A.\" in liquidazione straordinaria.\u00a0<\/p><p>Durante gli studi \u00e8 stato membro del PASP delle residenze studentesche di Salonicco. A Igoumenitsa si \u00e8 unito all'organizzazione PASOK di Igoumenitsa e ne \u00e8 stato segretario. Nell'amministrazione locale \u00e8 stato consigliere comunale di Karvounari dal 1986. Nel 1999 \u00e8 stato eletto nel Consiglio comunale di Igoumenitsa. Dal 1999 al 2000 ha ricoperto la carica di vicesindaco e dal 2000 al 2002 \u00e8 stato eletto presidente dell'Organizzazione culturale del suddetto Comune. Nel 2002-2006 \u00e8 stato eletto come indipendente a capo di una combinazione e da allora non ha pi\u00f9 partecipato alle elezioni.\u00a0<\/p><p>Nel 1993 e nel 1996 \u00e8 stato candidato come deputato del PASOK nella prefettura di Thesprotia. <br \/>Dal 1984 al 2004 \u00e8 stato presidente dell'Epsa di Thesprotia.<br \/>Dal 2000 al 2008 \u00e8 stato membro eletto del Consiglio di amministrazione della Federazione calcistica ellenica. Per quattro anni \u00e8 stato vicepresidente dell'EPO, membro del Comitato per le relazioni internazionali, responsabile dell'ufficio licenze UEFA e osservatore UEFA per due anni. <br \/>Lingue: Inglese<br \/>Settori di attivit\u00e0 indicativi: Diritto civile, Diritto commerciale, Diritto penale, Diritto pubblico, Diritto dello sport<\/p>\t\t\t\t\t\t\t\t<\/div>\n\t\t\t\t<\/div>\n\t\t\t\t\t<\/div>\n\t\t<\/div>\n\t\t\t\t\t<\/div>\n\t\t<\/section>\n\t\t\t\t\t<\/div>\n\t\t<\/div>\n\t\t\t\t\t<\/div>\n\t\t<\/section>\n\t\t\t\t<\/div>","protected":false},"excerpt":{"rendered":"<p>\u0393\u03b5\u03ce\u03c1\u03b3\u03b9\u03bf\u03c2 \u0392. \u03a3\u03b9\u03bd\u03c4\u03cc\u03c1\u03b7\u03c2 E-mail sidorisgiorgos@gmail.com \u03a4\u03b7\u03bb\u03ad\u03c6\u03c9\u03bd\u03bf +306944253331 \u0394\u03b9\u03b5\u03cd\u03b8\u03c5\u03bd\u03c3\u03b7 \u0393\u03c1\u03b7\u03b3\u03bf\u03c1\u03af\u03bf\u03c5 \u039b\u03b1\u03bc\u03c0\u03c1\u03ac\u03ba\u03b7 29,\u0397\u03b3\u03bf\u03c5\u03bc\u03b5\u03bd\u03af\u03c4\u03c3\u03b1 &#8230; <\/p>","protected":false},"author":1,"featured_media":0,"parent":0,"menu_order":0,"comment_status":"closed","ping_status":"closed","template":"","meta":{"footnotes":""},"class_list":["post-1932","page","type-page","status-publish","hentry"],"yoast_head":"<!-- This site is optimized with the Yoast SEO plugin v26.7 - https:\/\/yoast.com\/wordpress\/plugins\/seo\/ -->\n<title>\u0393\u03b5\u03ce\u03c1\u03b3\u03b9\u03bf\u03c2 \u0392. \u03a3\u03b9\u03bd\u03c4\u03cc\u03c1\u03b7\u03c2 - \u0394\u03b9\u03ba\u03b7\u03b3\u03cc\u03c1\u03bf\u03c2 - \u0398\u03b5\u03c3\u03c0\u03c1\u03c4\u03c9\u03c4\u03af\u03b1 - \u0389\u03c0\u03b5\u03b9\u03c1\u03bf\u03c2<\/title>\n<meta name=\"description\" content=\"\u03a4\u03bf 1982 \u03b4\u03b9\u03bf\u03c1\u03af\u03c3\u03c4\u03b7\u03ba\u03b5 \u03b4\u03b9\u03ba\u03b7\u03b3\u03cc\u03c1\u03bf\u03c2 \u03c3\u03c4\u03b7\u03bd \u0398\u03b5\u03c3\u03c0\u03c1\u03c9\u03c4\u03af\u03b1, \u03b5\u03bd\u03ce \u03b5\u03af\u03bd\u03b1\u03b9 \u03bc\u03ad\u03bb\u03bf\u03c2 \u03c4\u03bf\u03c5 \u0394\u03b9\u03ba\u03b7\u03b3\u03bf\u03c1\u03b9\u03ba\u03bf\u03cd \u03a3\u03c5\u03bb\u03bb\u03cc\u03b3\u03bf\u03c5 \u03bc\u03ad\u03c7\u03c1\u03b9 \u03ba\u03b1\u03b9 \u03c3\u03ae\u03bc\u03b5\u03c1\u03b1, \u03c0\u03c1\u03bf\u03b1\u03c7\u03b8\u03b5\u03af\u03c2 \u03c3\u03b5 \u03b4\u03b9\u03ba\u03b7\u03b3\u03cc\u03c1\u03bf \u03a0\u03b1\u03c1\u0384\u0391\u03c1\u03b5\u03af\u03c9 \u03a0\u03ac\u03b3\u03c9.\" \/>\n<meta name=\"robots\" content=\"index, follow, max-snippet:-1, max-image-preview:large, max-video-preview:-1\" \/>\n<link rel=\"canonical\" href=\"https:\/\/sintorislaw.gr\/it\/giorgos-b-sintoris-dikigoros\/\" \/>\n<meta property=\"og:locale\" content=\"it_IT\" \/>\n<meta property=\"og:type\" content=\"article\" \/>\n<meta property=\"og:title\" content=\"\u0393\u03b5\u03ce\u03c1\u03b3\u03b9\u03bf\u03c2 \u0392. \u03a3\u03b9\u03bd\u03c4\u03cc\u03c1\u03b7\u03c2 - \u0394\u03b9\u03ba\u03b7\u03b3\u03cc\u03c1\u03bf\u03c2 - \u0398\u03b5\u03c3\u03c0\u03c1\u03c4\u03c9\u03c4\u03af\u03b1 - \u0389\u03c0\u03b5\u03b9\u03c1\u03bf\u03c2\" \/>\n<meta property=\"og:description\" content=\"\u03a4\u03bf 1982 \u03b4\u03b9\u03bf\u03c1\u03af\u03c3\u03c4\u03b7\u03ba\u03b5 \u03b4\u03b9\u03ba\u03b7\u03b3\u03cc\u03c1\u03bf\u03c2 \u03c3\u03c4\u03b7\u03bd \u0398\u03b5\u03c3\u03c0\u03c1\u03c9\u03c4\u03af\u03b1, \u03b5\u03bd\u03ce \u03b5\u03af\u03bd\u03b1\u03b9 \u03bc\u03ad\u03bb\u03bf\u03c2 \u03c4\u03bf\u03c5 \u0394\u03b9\u03ba\u03b7\u03b3\u03bf\u03c1\u03b9\u03ba\u03bf\u03cd \u03a3\u03c5\u03bb\u03bb\u03cc\u03b3\u03bf\u03c5 \u03bc\u03ad\u03c7\u03c1\u03b9 \u03ba\u03b1\u03b9 \u03c3\u03ae\u03bc\u03b5\u03c1\u03b1, \u03c0\u03c1\u03bf\u03b1\u03c7\u03b8\u03b5\u03af\u03c2 \u03c3\u03b5 \u03b4\u03b9\u03ba\u03b7\u03b3\u03cc\u03c1\u03bf \u03a0\u03b1\u03c1\u0384\u0391\u03c1\u03b5\u03af\u03c9 \u03a0\u03ac\u03b3\u03c9.\" \/>\n<meta property=\"og:url\" content=\"https:\/\/sintorislaw.gr\/it\/giorgos-b-sintoris-dikigoros\/\" \/>\n<meta property=\"og:site_name\" content=\"\u0394\u03b9\u03ba\u03b7\u03b3\u03cc\u03c1\u03bf\u03b9 \u0393. \u03ba\u03b1\u03b9 \u039a. \u03a3\u03b9\u03bd\u03c4\u03cc\u03c1\u03b7\u03c2 \u03ba\u03b1\u03b9 \u03a3\u03c5\u03bd\u03b5\u03c1\u03b3\u03ac\u03c4\u03b5\u03c2 - \u0397\u03b3\u03bf\u03c5\u03bc\u03b5\u03bd\u03af\u03c4\u03c3\u03b1\" \/>\n<meta property=\"article:publisher\" content=\"https:\/\/www.facebook.com\/sintorislaw\/\" \/>\n<meta property=\"article:modified_time\" content=\"2023-07-13T08:19:59+00:00\" \/>\n<meta property=\"og:image\" content=\"https:\/\/sintorislaw.gr\/wp-content\/uploads\/2023\/04\/georgios-sintoris-dikigoros.jpg\" \/>\n<meta name=\"twitter:card\" content=\"summary_large_image\" \/>\n<meta name=\"twitter:label1\" content=\"Tempo di lettura stimato\" \/>\n\t<meta name=\"twitter:data1\" content=\"2 minuti\" \/>\n<script type=\"application\/ld+json\" class=\"yoast-schema-graph\">{\"@context\":\"https:\/\/schema.org\",\"@graph\":[{\"@type\":\"WebPage\",\"@id\":\"https:\/\/sintorislaw.gr\/giorgos-b-sintoris-dikigoros\/\",\"url\":\"https:\/\/sintorislaw.gr\/giorgos-b-sintoris-dikigoros\/\",\"name\":\"\u0393\u03b5\u03ce\u03c1\u03b3\u03b9\u03bf\u03c2 \u0392. \u03a3\u03b9\u03bd\u03c4\u03cc\u03c1\u03b7\u03c2 - \u0394\u03b9\u03ba\u03b7\u03b3\u03cc\u03c1\u03bf\u03c2 - \u0398\u03b5\u03c3\u03c0\u03c1\u03c4\u03c9\u03c4\u03af\u03b1 - \u0389\u03c0\u03b5\u03b9\u03c1\u03bf\u03c2\",\"isPartOf\":{\"@id\":\"https:\/\/sintorislaw.gr\/#website\"},\"primaryImageOfPage\":{\"@id\":\"https:\/\/sintorislaw.gr\/giorgos-b-sintoris-dikigoros\/#primaryimage\"},\"image\":{\"@id\":\"https:\/\/sintorislaw.gr\/giorgos-b-sintoris-dikigoros\/#primaryimage\"},\"thumbnailUrl\":\"https:\/\/sintorislaw.gr\/wp-content\/uploads\/2023\/04\/georgios-sintoris-dikigoros.jpg\",\"datePublished\":\"2023-06-09T14:13:41+00:00\",\"dateModified\":\"2023-07-13T08:19:59+00:00\",\"description\":\"\u03a4\u03bf 1982 \u03b4\u03b9\u03bf\u03c1\u03af\u03c3\u03c4\u03b7\u03ba\u03b5 \u03b4\u03b9\u03ba\u03b7\u03b3\u03cc\u03c1\u03bf\u03c2 \u03c3\u03c4\u03b7\u03bd \u0398\u03b5\u03c3\u03c0\u03c1\u03c9\u03c4\u03af\u03b1, \u03b5\u03bd\u03ce \u03b5\u03af\u03bd\u03b1\u03b9 \u03bc\u03ad\u03bb\u03bf\u03c2 \u03c4\u03bf\u03c5 \u0394\u03b9\u03ba\u03b7\u03b3\u03bf\u03c1\u03b9\u03ba\u03bf\u03cd \u03a3\u03c5\u03bb\u03bb\u03cc\u03b3\u03bf\u03c5 \u03bc\u03ad\u03c7\u03c1\u03b9 \u03ba\u03b1\u03b9 \u03c3\u03ae\u03bc\u03b5\u03c1\u03b1, \u03c0\u03c1\u03bf\u03b1\u03c7\u03b8\u03b5\u03af\u03c2 \u03c3\u03b5 \u03b4\u03b9\u03ba\u03b7\u03b3\u03cc\u03c1\u03bf \u03a0\u03b1\u03c1\u0384\u0391\u03c1\u03b5\u03af\u03c9 \u03a0\u03ac\u03b3\u03c9.\",\"breadcrumb\":{\"@id\":\"https:\/\/sintorislaw.gr\/giorgos-b-sintoris-dikigoros\/#breadcrumb\"},\"inLanguage\":\"it-IT\",\"potentialAction\":[{\"@type\":\"ReadAction\",\"target\":[\"https:\/\/sintorislaw.gr\/giorgos-b-sintoris-dikigoros\/\"]}]},{\"@type\":\"ImageObject\",\"inLanguage\":\"it-IT\",\"@id\":\"https:\/\/sintorislaw.gr\/giorgos-b-sintoris-dikigoros\/#primaryimage\",\"url\":\"https:\/\/sintorislaw.gr\/wp-content\/uploads\/2023\/04\/georgios-sintoris-dikigoros.jpg\",\"contentUrl\":\"https:\/\/sintorislaw.gr\/wp-content\/uploads\/2023\/04\/georgios-sintoris-dikigoros.jpg\"},{\"@type\":\"BreadcrumbList\",\"@id\":\"https:\/\/sintorislaw.gr\/giorgos-b-sintoris-dikigoros\/#breadcrumb\",\"itemListElement\":[{\"@type\":\"ListItem\",\"position\":1,\"name\":\"\u0391\u03c1\u03c7\u03b9\u03ba\u03ae\",\"item\":\"https:\/\/sintorislaw.gr\/\"},{\"@type\":\"ListItem\",\"position\":2,\"name\":\"\u0393\u03b5\u03ce\u03c1\u03b3\u03b9\u03bf\u03c2 \u0392. \u03a3\u03b9\u03bd\u03c4\u03cc\u03c1\u03b7\u03c2\"}]},{\"@type\":\"WebSite\",\"@id\":\"https:\/\/sintorislaw.gr\/#website\",\"url\":\"https:\/\/sintorislaw.gr\/\",\"name\":\"\u0393\u03b5\u03ce\u03c1\u03b3\u03b9\u03bf\u03c2 \u03ba\u03b1\u03b9 \u039a\u03c9\u03bd\u03c3\u03c4\u03b1\u03bd\u03c4\u03af\u03bd\u03bf\u03c2 \u03a3\u03b9\u03bd\u03c4\u03cc\u03c1\u03b7\u03c2 \u03ba\u03b1\u03b9 \u03a3\u03c5\u03bd\u03b5\u03c1\u03b3\u03ac\u03c4\u03b5\u03c2 - \u0397\u03b3\u03bf\u03c5\u03bc\u03b5\u03bd\u03af\u03c4\u03c3\u03b1\",\"description\":\"\u0394\u03b9\u03ba\u03b7\u03b3\u03cc\u03c1\u03bf\u03b9 \u03bc\u03b5 \u03bc\u03b1\u03ba\u03c1\u03bf\u03c7\u03c1\u03cc\u03bd\u03b9\u03b1 \u03b5\u03bc\u03c0\u03b5\u03b9\u03c1\u03af\u03b1 \u03ba\u03b1\u03b9 \u03b5\u03c0\u03b9\u03c3\u03c4\u03b7\u03bc\u03bf\u03bd\u03b9\u03ba\u03ae \u03ba\u03b1\u03c4\u03ac\u03c1\u03c4\u03b9\u03c3\u03b7. \u039c\u03b5 \u03ad\u03b4\u03c1\u03b1 \u03c4\u03b7\u03bd \u0397\u03b3\u03bf\u03c5\u03bc\u03b5\u03bd\u03af\u03c4\u03c3\u03b1, \u03b4\u03c1\u03b1\u03c3\u03c4\u03b7\u03c1\u03b9\u03bf\u03c0\u03bf\u03b9\u03bf\u03cd\u03bc\u03b1\u03c3\u03c4\u03b5 \u03c3\u03c4\u03b1 \u0399\u03c9\u03ac\u03bd\u03bd\u03b9\u03bd\u03b1 \u03ba\u03b1\u03b9 \u03c4\u03b7\u03bd \u039a\u03ad\u03c1\u03ba\u03c5\u03c1\u03b1.\",\"publisher\":{\"@id\":\"https:\/\/sintorislaw.gr\/#organization\"},\"alternateName\":\"\u0394\u03b9\u03ba\u03b7\u03b3\u03bf\u03c1\u03b9\u03ba\u03cc \u03b3\u03c1\u03b1\u03c6\u03b5\u03af\u03bf - \u03a3\u03b9\u03bd\u03c4\u03cc\u03c1\u03b7\u03c2 \u03ba\u03b1\u03b9 \u03a3\u03c5\u03bd\u03b5\u03c1\u03b3\u03ac\u03c4\u03b5\u03c2\",\"potentialAction\":[{\"@type\":\"SearchAction\",\"target\":{\"@type\":\"EntryPoint\",\"urlTemplate\":\"https:\/\/sintorislaw.gr\/?s={search_term_string}\"},\"query-input\":{\"@type\":\"PropertyValueSpecification\",\"valueRequired\":true,\"valueName\":\"search_term_string\"}}],\"inLanguage\":\"it-IT\"},{\"@type\":\"Organization\",\"@id\":\"https:\/\/sintorislaw.gr\/#organization\",\"name\":\"\u0393\u03b5\u03ce\u03c1\u03b3\u03b9\u03bf\u03c2 \u03ba\u03b1\u03b9 \u039a\u03c9\u03bd\u03c3\u03c4\u03b1\u03bd\u03c4\u03af\u03bd\u03bf\u03c2 \u03a3\u03b9\u03bd\u03c4\u03cc\u03c1\u03b7\u03c2 \u03ba\u03b1\u03b9 \u03a3\u03c5\u03bd\u03b5\u03c1\u03b3\u03ac\u03c4\u03b5\u03c2 - \u0397\u03b3\u03bf\u03c5\u03bc\u03b5\u03bd\u03af\u03c4\u03c3\u03b1, \u0398\u03b5\u03c3\u03c0\u03c1\u03c9\u03c4\u03af\u03b1\",\"url\":\"https:\/\/sintorislaw.gr\/\",\"logo\":{\"@type\":\"ImageObject\",\"inLanguage\":\"it-IT\",\"@id\":\"https:\/\/sintorislaw.gr\/#\/schema\/logo\/image\/\",\"url\":\"https:\/\/sintorislaw.gr\/wp-content\/uploads\/2023\/04\/cropped-favicon-sintorislaw.jpg\",\"contentUrl\":\"https:\/\/sintorislaw.gr\/wp-content\/uploads\/2023\/04\/cropped-favicon-sintorislaw.jpg\",\"width\":512,\"height\":512,\"caption\":\"\u0393\u03b5\u03ce\u03c1\u03b3\u03b9\u03bf\u03c2 \u03ba\u03b1\u03b9 \u039a\u03c9\u03bd\u03c3\u03c4\u03b1\u03bd\u03c4\u03af\u03bd\u03bf\u03c2 \u03a3\u03b9\u03bd\u03c4\u03cc\u03c1\u03b7\u03c2 \u03ba\u03b1\u03b9 \u03a3\u03c5\u03bd\u03b5\u03c1\u03b3\u03ac\u03c4\u03b5\u03c2 - \u0397\u03b3\u03bf\u03c5\u03bc\u03b5\u03bd\u03af\u03c4\u03c3\u03b1, \u0398\u03b5\u03c3\u03c0\u03c1\u03c9\u03c4\u03af\u03b1\"},\"image\":{\"@id\":\"https:\/\/sintorislaw.gr\/#\/schema\/logo\/image\/\"},\"sameAs\":[\"https:\/\/www.facebook.com\/sintorislaw\/\"]}]}<\/script>\n<!-- \/ Yoast SEO plugin. -->","yoast_head_json":{"title":"Giorgio V. Sidoris - Avvocato - Thesptotia - Epiro","description":"Nel 1982 \u00e8 stato nominato avvocato a Thesprotia, ed \u00e8 membro dell'Ordine degli Avvocati fino ad oggi, essendo stato promosso a Procuratore legale.","robots":{"index":"index","follow":"follow","max-snippet":"max-snippet:-1","max-image-preview":"max-image-preview:large","max-video-preview":"max-video-preview:-1"},"canonical":"https:\/\/sintorislaw.gr\/it\/giorgos-b-sintoris-dikigoros\/","og_locale":"it_IT","og_type":"article","og_title":"\u0393\u03b5\u03ce\u03c1\u03b3\u03b9\u03bf\u03c2 \u0392. \u03a3\u03b9\u03bd\u03c4\u03cc\u03c1\u03b7\u03c2 - \u0394\u03b9\u03ba\u03b7\u03b3\u03cc\u03c1\u03bf\u03c2 - \u0398\u03b5\u03c3\u03c0\u03c1\u03c4\u03c9\u03c4\u03af\u03b1 - \u0389\u03c0\u03b5\u03b9\u03c1\u03bf\u03c2","og_description":"\u03a4\u03bf 1982 \u03b4\u03b9\u03bf\u03c1\u03af\u03c3\u03c4\u03b7\u03ba\u03b5 \u03b4\u03b9\u03ba\u03b7\u03b3\u03cc\u03c1\u03bf\u03c2 \u03c3\u03c4\u03b7\u03bd \u0398\u03b5\u03c3\u03c0\u03c1\u03c9\u03c4\u03af\u03b1, \u03b5\u03bd\u03ce \u03b5\u03af\u03bd\u03b1\u03b9 \u03bc\u03ad\u03bb\u03bf\u03c2 \u03c4\u03bf\u03c5 \u0394\u03b9\u03ba\u03b7\u03b3\u03bf\u03c1\u03b9\u03ba\u03bf\u03cd \u03a3\u03c5\u03bb\u03bb\u03cc\u03b3\u03bf\u03c5 \u03bc\u03ad\u03c7\u03c1\u03b9 \u03ba\u03b1\u03b9 \u03c3\u03ae\u03bc\u03b5\u03c1\u03b1, \u03c0\u03c1\u03bf\u03b1\u03c7\u03b8\u03b5\u03af\u03c2 \u03c3\u03b5 \u03b4\u03b9\u03ba\u03b7\u03b3\u03cc\u03c1\u03bf \u03a0\u03b1\u03c1\u0384\u0391\u03c1\u03b5\u03af\u03c9 \u03a0\u03ac\u03b3\u03c9.","og_url":"https:\/\/sintorislaw.gr\/it\/giorgos-b-sintoris-dikigoros\/","og_site_name":"\u0394\u03b9\u03ba\u03b7\u03b3\u03cc\u03c1\u03bf\u03b9 \u0393. \u03ba\u03b1\u03b9 \u039a. \u03a3\u03b9\u03bd\u03c4\u03cc\u03c1\u03b7\u03c2 \u03ba\u03b1\u03b9 \u03a3\u03c5\u03bd\u03b5\u03c1\u03b3\u03ac\u03c4\u03b5\u03c2 - \u0397\u03b3\u03bf\u03c5\u03bc\u03b5\u03bd\u03af\u03c4\u03c3\u03b1","article_publisher":"https:\/\/www.facebook.com\/sintorislaw\/","article_modified_time":"2023-07-13T08:19:59+00:00","og_image":[{"url":"https:\/\/sintorislaw.gr\/wp-content\/uploads\/2023\/04\/georgios-sintoris-dikigoros.jpg","type":"","width":"","height":""}],"twitter_card":"summary_large_image","twitter_misc":{"Tempo di lettura stimato":"2 minuti"},"schema":{"@context":"https:\/\/schema.org","@graph":[{"@type":"WebPage","@id":"https:\/\/sintorislaw.gr\/giorgos-b-sintoris-dikigoros\/","url":"https:\/\/sintorislaw.gr\/giorgos-b-sintoris-dikigoros\/","name":"Giorgio V. Sidoris - Avvocato - Thesptotia - Epiro","isPartOf":{"@id":"https:\/\/sintorislaw.gr\/#website"},"primaryImageOfPage":{"@id":"https:\/\/sintorislaw.gr\/giorgos-b-sintoris-dikigoros\/#primaryimage"},"image":{"@id":"https:\/\/sintorislaw.gr\/giorgos-b-sintoris-dikigoros\/#primaryimage"},"thumbnailUrl":"https:\/\/sintorislaw.gr\/wp-content\/uploads\/2023\/04\/georgios-sintoris-dikigoros.jpg","datePublished":"2023-06-09T14:13:41+00:00","dateModified":"2023-07-13T08:19:59+00:00","description":"Nel 1982 \u00e8 stato nominato avvocato a Thesprotia, ed \u00e8 membro dell'Ordine degli Avvocati fino ad oggi, essendo stato promosso a Procuratore legale.","breadcrumb":{"@id":"https:\/\/sintorislaw.gr\/giorgos-b-sintoris-dikigoros\/#breadcrumb"},"inLanguage":"it-IT","potentialAction":[{"@type":"ReadAction","target":["https:\/\/sintorislaw.gr\/giorgos-b-sintoris-dikigoros\/"]}]},{"@type":"ImageObject","inLanguage":"it-IT","@id":"https:\/\/sintorislaw.gr\/giorgos-b-sintoris-dikigoros\/#primaryimage","url":"https:\/\/sintorislaw.gr\/wp-content\/uploads\/2023\/04\/georgios-sintoris-dikigoros.jpg","contentUrl":"https:\/\/sintorislaw.gr\/wp-content\/uploads\/2023\/04\/georgios-sintoris-dikigoros.jpg"},{"@type":"BreadcrumbList","@id":"https:\/\/sintorislaw.gr\/giorgos-b-sintoris-dikigoros\/#breadcrumb","itemListElement":[{"@type":"ListItem","position":1,"name":"\u0391\u03c1\u03c7\u03b9\u03ba\u03ae","item":"https:\/\/sintorislaw.gr\/"},{"@type":"ListItem","position":2,"name":"\u0393\u03b5\u03ce\u03c1\u03b3\u03b9\u03bf\u03c2 \u0392. \u03a3\u03b9\u03bd\u03c4\u03cc\u03c1\u03b7\u03c2"}]},{"@type":"WebSite","@id":"https:\/\/sintorislaw.gr\/#website","url":"https:\/\/sintorislaw.gr\/","name":"Georgios e Konstantinos Sidoris e associati - Igoumenitsa","description":"Avvocati con lunga esperienza e formazione scientifica. Con sede a Igoumenitsa, operiamo a Ioannina e Corf\u00f9.","publisher":{"@id":"https:\/\/sintorislaw.gr\/#organization"},"alternateName":"\u0394\u03b9\u03ba\u03b7\u03b3\u03bf\u03c1\u03b9\u03ba\u03cc \u03b3\u03c1\u03b1\u03c6\u03b5\u03af\u03bf - \u03a3\u03b9\u03bd\u03c4\u03cc\u03c1\u03b7\u03c2 \u03ba\u03b1\u03b9 \u03a3\u03c5\u03bd\u03b5\u03c1\u03b3\u03ac\u03c4\u03b5\u03c2","potentialAction":[{"@type":"SearchAction","target":{"@type":"EntryPoint","urlTemplate":"https:\/\/sintorislaw.gr\/?s={search_term_string}"},"query-input":{"@type":"PropertyValueSpecification","valueRequired":true,"valueName":"search_term_string"}}],"inLanguage":"it-IT"},{"@type":"Organization","@id":"https:\/\/sintorislaw.gr\/#organization","name":"Georgios e Konstantinos Sidoris e associati - Igoumenitsa, Thesprotia","url":"https:\/\/sintorislaw.gr\/","logo":{"@type":"ImageObject","inLanguage":"it-IT","@id":"https:\/\/sintorislaw.gr\/#\/schema\/logo\/image\/","url":"https:\/\/sintorislaw.gr\/wp-content\/uploads\/2023\/04\/cropped-favicon-sintorislaw.jpg","contentUrl":"https:\/\/sintorislaw.gr\/wp-content\/uploads\/2023\/04\/cropped-favicon-sintorislaw.jpg","width":512,"height":512,"caption":"\u0393\u03b5\u03ce\u03c1\u03b3\u03b9\u03bf\u03c2 \u03ba\u03b1\u03b9 \u039a\u03c9\u03bd\u03c3\u03c4\u03b1\u03bd\u03c4\u03af\u03bd\u03bf\u03c2 \u03a3\u03b9\u03bd\u03c4\u03cc\u03c1\u03b7\u03c2 \u03ba\u03b1\u03b9 \u03a3\u03c5\u03bd\u03b5\u03c1\u03b3\u03ac\u03c4\u03b5\u03c2 - \u0397\u03b3\u03bf\u03c5\u03bc\u03b5\u03bd\u03af\u03c4\u03c3\u03b1, \u0398\u03b5\u03c3\u03c0\u03c1\u03c9\u03c4\u03af\u03b1"},"image":{"@id":"https:\/\/sintorislaw.gr\/#\/schema\/logo\/image\/"},"sameAs":["https:\/\/www.facebook.com\/sintorislaw\/"]}]}},"_links":{"self":[{"href":"https:\/\/sintorislaw.gr\/it\/wp-json\/wp\/v2\/pages\/1932","targetHints":{"allow":["GET"]}}],"collection":[{"href":"https:\/\/sintorislaw.gr\/it\/wp-json\/wp\/v2\/pages"}],"about":[{"href":"https:\/\/sintorislaw.gr\/it\/wp-json\/wp\/v2\/types\/page"}],"author":[{"embeddable":true,"href":"https:\/\/sintorislaw.gr\/it\/wp-json\/wp\/v2\/users\/1"}],"replies":[{"embeddable":true,"href":"https:\/\/sintorislaw.gr\/it\/wp-json\/wp\/v2\/comments?post=1932"}],"version-history":[{"count":0,"href":"https:\/\/sintorislaw.gr\/it\/wp-json\/wp\/v2\/pages\/1932\/revisions"}],"wp:attachment":[{"href":"https:\/\/sintorislaw.gr\/it\/wp-json\/wp\/v2\/media?parent=1932"}],"curies":[{"name":"wp","href":"https:\/\/api.w.org\/{rel}","templated":true}]}}