{"id":2095,"date":"2023-06-28T10:03:42","date_gmt":"2023-06-28T07:03:42","guid":{"rendered":"https:\/\/sintorislaw.gr\/?page_id=2095"},"modified":"2023-06-28T10:03:43","modified_gmt":"2023-06-28T07:03:43","slug":"eglimata-plimelimata-adikimata-lathremporio","status":"publish","type":"page","link":"https:\/\/sintorislaw.gr\/de\/eglimata-plimelimata-adikimata-lathremporio\/","title":{"rendered":"Verbrechen - Schmuggel - Ordnungswidrigkeiten - Straftaten"},"content":{"rendered":"<p>Die Anwaltskanzlei \"<strong>G&amp;K Sidoris und Partner<\/strong>\"Die Kanzlei hat ihren Sitz in Igoumenitsa und ist auf die Bearbeitung eines breiten Spektrums von Strafsachen spezialisiert. Sie bietet umfassende Unterst\u00fctzung und Vertretung in verschiedenen Strafsachen, unter anderem in folgenden F\u00e4llen:<\/p>\n\n\n\n<ul class=\"wp-block-list\">\n<li>Steuerstrafrecht<\/li>\n\n\n\n<li>Marktrecht<\/li>\n\n\n\n<li>Verfassen und Einreichen von Strafanzeigen\/Berichten \u00fcber Straftaten<\/li>\n\n\n\n<li>Allgemeines Strafrecht<\/li>\n\n\n\n<li>Besonderes Strafrecht<\/li>\n\n\n\n<li>Gesetzgebung zum Schutz der Tiere<\/li>\n\n\n\n<li>Automatisches Verfahren bei Vergehen und Straftaten<\/li>\n\n\n\n<li>Drogendelikte<\/li>\n\n\n\n<li>Cyberkriminalit\u00e4t<\/li>\n\n\n\n<li>Schmuggel<\/li>\n\n\n\n<li>Abfassung von Rechtsmitteln und Berufungen in Strafsachen sowie von Antr\u00e4gen auf Aufhebung von Gerichtsentscheidungen und -verfahren<\/li>\n<\/ul>\n\n\n\n<p>Vertrauen Sie auf unsere Dienstleistungen, unsere langj\u00e4hrige Prozesserfahrung und unseren umfassenden Ansatz zur rechtlichen Vertretung in den komplexen Aspekten des Strafrechts. Das Anwaltsteam unserer Kanzlei ist bestrebt, in jeder Phase des Verfahrens eine zuverl\u00e4ssige Rechtsvertretung und Unterst\u00fctzung zu bieten.<\/p>\n\n\n\n<p>W\u00e4hrend des gesamten Strafverfahrens, einschlie\u00dflich des Vorverfahrens, der einstweiligen Verf\u00fcgungen und der Anh\u00f6rung selbst, sind wir bestrebt, unsere Mandanten konsequent und erfolgreich zu vertreten. Unser engagiertes Team stellt sicher, dass die Interessen unserer Mandanten in jeder Phase des Prozesses gesch\u00fctzt werden, indem wir die Gerichtsverfahren sorgf\u00e4ltig \u00fcberwachen und eine wirksame Verteidigungsstrategie pr\u00e4sentieren.<\/p>\n\n\n\n<p>Z\u00f6gern Sie nicht&nbsp;<a href=\"https:\/\/sintorislaw.gr\/de\/epikoinwnia\/\">Kontaktieren Sie uns<\/a>&nbsp;\u00fcber Ihren Fall oder wenn Sie Beratung ben\u00f6tigen.<\/p>","protected":false},"excerpt":{"rendered":"<p>Die Anwaltskanzlei \"G&amp;K Sidoris und Partner\" mit Sitz in Igoumenitsa ist eine Anwaltskanzlei ... <\/p>","protected":false},"author":1,"featured_media":0,"parent":0,"menu_order":0,"comment_status":"closed","ping_status":"closed","template":"","meta":{"footnotes":""},"class_list":["post-2095","page","type-page","status-publish","hentry"],"yoast_head":"<!-- This site is optimized with the Yoast SEO plugin v26.7 - https:\/\/yoast.com\/wordpress\/plugins\/seo\/ -->\n<title>\u0395\u03b3\u03ba\u03bb\u03ae\u03bc\u03b1\u03c4\u03b1 - \u039b\u03b1\u03b8\u03c1\u03b5\u03bc\u03c0\u03cc\u03c1\u03b9\u03bf - \u03a0\u03bb\u03b7\u03bc\u03bc\u03b5\u03bb\u03ae\u03bc\u03b1\u03c4\u03b1 - \u0391\u03b4\u03b9\u03ba\u03ae\u03bc\u03b1\u03c4\u03b1 - \u0389\u03c0\u03b5\u03b9\u03c1\u03bf\u03c2 - \u039a\u03ad\u03c1\u03ba\u03c5\u03c1\u03b1<\/title>\n<meta name=\"description\" content=\"\u0395\u03be\u03b5\u03b9\u03b4\u03b9\u03ba\u03b5\u03c5\u03cc\u03bc\u03b1\u03c3\u03c4\u03b5 \u03c3\u03c4\u03bf \u03c7\u03b5\u03b9\u03c1\u03b9\u03c3\u03bc\u03cc \u03b5\u03bd\u03cc\u03c2 \u03b5\u03c5\u03c1\u03ad\u03bf\u03c2 \u03c6\u03ac\u03c3\u03bc\u03b1\u03c4\u03bf\u03c2 \u03c0\u03bf\u03b9\u03bd\u03b9\u03ba\u03ce\u03bd \u03c5\u03c0\u03bf\u03b8\u03ad\u03c3\u03b5\u03c9\u03bd, \u03b5\u03be\u03b1\u03c3\u03c6\u03b1\u03bb\u03af\u03b6\u03bf\u03bd\u03c4\u03b1\u03c2 \u03c5\u03c0\u03bf\u03c3\u03c4\u03ae\u03c1\u03b9\u03be\u03b7 \u03ba\u03b1\u03b9 \u03b5\u03ba\u03c0\u03c1\u03bf\u03c3\u03ce\u03c0\u03b7\u03c3\u03b7 \u03c3\u03c4\u03b7\u03bd \u039a\u03ad\u03c1\u03ba\u03c5\u03c1\u03b1 \u03ba\u03b1\u03b9 \u03c4\u03b1 \u0399\u03c9\u03ac\u03bd\u03bd\u03b9\u03bd\u03b1.\" \/>\n<meta name=\"robots\" content=\"index, follow, max-snippet:-1, max-image-preview:large, max-video-preview:-1\" \/>\n<link rel=\"canonical\" href=\"https:\/\/sintorislaw.gr\/de\/eglimata-plimelimata-adikimata-lathremporio\/\" \/>\n<meta property=\"og:locale\" content=\"de_DE\" \/>\n<meta property=\"og:type\" content=\"article\" \/>\n<meta property=\"og:title\" content=\"\u0395\u03b3\u03ba\u03bb\u03ae\u03bc\u03b1\u03c4\u03b1 - \u039b\u03b1\u03b8\u03c1\u03b5\u03bc\u03c0\u03cc\u03c1\u03b9\u03bf - \u03a0\u03bb\u03b7\u03bc\u03bc\u03b5\u03bb\u03ae\u03bc\u03b1\u03c4\u03b1 - \u0391\u03b4\u03b9\u03ba\u03ae\u03bc\u03b1\u03c4\u03b1 - \u0389\u03c0\u03b5\u03b9\u03c1\u03bf\u03c2 - \u039a\u03ad\u03c1\u03ba\u03c5\u03c1\u03b1\" \/>\n<meta property=\"og:description\" content=\"\u0395\u03be\u03b5\u03b9\u03b4\u03b9\u03ba\u03b5\u03c5\u03cc\u03bc\u03b1\u03c3\u03c4\u03b5 \u03c3\u03c4\u03bf \u03c7\u03b5\u03b9\u03c1\u03b9\u03c3\u03bc\u03cc \u03b5\u03bd\u03cc\u03c2 \u03b5\u03c5\u03c1\u03ad\u03bf\u03c2 \u03c6\u03ac\u03c3\u03bc\u03b1\u03c4\u03bf\u03c2 \u03c0\u03bf\u03b9\u03bd\u03b9\u03ba\u03ce\u03bd \u03c5\u03c0\u03bf\u03b8\u03ad\u03c3\u03b5\u03c9\u03bd, \u03b5\u03be\u03b1\u03c3\u03c6\u03b1\u03bb\u03af\u03b6\u03bf\u03bd\u03c4\u03b1\u03c2 \u03c5\u03c0\u03bf\u03c3\u03c4\u03ae\u03c1\u03b9\u03be\u03b7 \u03ba\u03b1\u03b9 \u03b5\u03ba\u03c0\u03c1\u03bf\u03c3\u03ce\u03c0\u03b7\u03c3\u03b7 \u03c3\u03c4\u03b7\u03bd \u039a\u03ad\u03c1\u03ba\u03c5\u03c1\u03b1 \u03ba\u03b1\u03b9 \u03c4\u03b1 \u0399\u03c9\u03ac\u03bd\u03bd\u03b9\u03bd\u03b1.\" \/>\n<meta property=\"og:url\" content=\"https:\/\/sintorislaw.gr\/de\/eglimata-plimelimata-adikimata-lathremporio\/\" \/>\n<meta property=\"og:site_name\" content=\"\u0394\u03b9\u03ba\u03b7\u03b3\u03cc\u03c1\u03bf\u03b9 \u0393. \u03ba\u03b1\u03b9 \u039a. \u03a3\u03b9\u03bd\u03c4\u03cc\u03c1\u03b7\u03c2 \u03ba\u03b1\u03b9 \u03a3\u03c5\u03bd\u03b5\u03c1\u03b3\u03ac\u03c4\u03b5\u03c2 - \u0397\u03b3\u03bf\u03c5\u03bc\u03b5\u03bd\u03af\u03c4\u03c3\u03b1\" \/>\n<meta property=\"article:publisher\" content=\"https:\/\/www.facebook.com\/sintorislaw\/\" \/>\n<meta property=\"article:modified_time\" content=\"2023-06-28T07:03:43+00:00\" \/>\n<meta property=\"og:image\" content=\"https:\/\/sintorislaw.gr\/wp-content\/uploads\/2023\/04\/office-bg-1.jpg\" \/>\n\t<meta property=\"og:image:width\" content=\"1600\" \/>\n\t<meta property=\"og:image:height\" content=\"1067\" \/>\n\t<meta property=\"og:image:type\" content=\"image\/jpeg\" \/>\n<meta name=\"twitter:card\" content=\"summary_large_image\" \/>\n<meta name=\"twitter:label1\" content=\"Gesch\u00e4tzte Lesezeit\" \/>\n\t<meta name=\"twitter:data1\" content=\"2\u00a0Minuten\" \/>\n<script type=\"application\/ld+json\" class=\"yoast-schema-graph\">{\"@context\":\"https:\/\/schema.org\",\"@graph\":[{\"@type\":\"WebPage\",\"@id\":\"https:\/\/sintorislaw.gr\/eglimata-plimelimata-adikimata-lathremporio\/\",\"url\":\"https:\/\/sintorislaw.gr\/eglimata-plimelimata-adikimata-lathremporio\/\",\"name\":\"\u0395\u03b3\u03ba\u03bb\u03ae\u03bc\u03b1\u03c4\u03b1 - \u039b\u03b1\u03b8\u03c1\u03b5\u03bc\u03c0\u03cc\u03c1\u03b9\u03bf - \u03a0\u03bb\u03b7\u03bc\u03bc\u03b5\u03bb\u03ae\u03bc\u03b1\u03c4\u03b1 - \u0391\u03b4\u03b9\u03ba\u03ae\u03bc\u03b1\u03c4\u03b1 - \u0389\u03c0\u03b5\u03b9\u03c1\u03bf\u03c2 - \u039a\u03ad\u03c1\u03ba\u03c5\u03c1\u03b1\",\"isPartOf\":{\"@id\":\"https:\/\/sintorislaw.gr\/#website\"},\"datePublished\":\"2023-06-28T07:03:42+00:00\",\"dateModified\":\"2023-06-28T07:03:43+00:00\",\"description\":\"\u0395\u03be\u03b5\u03b9\u03b4\u03b9\u03ba\u03b5\u03c5\u03cc\u03bc\u03b1\u03c3\u03c4\u03b5 \u03c3\u03c4\u03bf \u03c7\u03b5\u03b9\u03c1\u03b9\u03c3\u03bc\u03cc \u03b5\u03bd\u03cc\u03c2 \u03b5\u03c5\u03c1\u03ad\u03bf\u03c2 \u03c6\u03ac\u03c3\u03bc\u03b1\u03c4\u03bf\u03c2 \u03c0\u03bf\u03b9\u03bd\u03b9\u03ba\u03ce\u03bd \u03c5\u03c0\u03bf\u03b8\u03ad\u03c3\u03b5\u03c9\u03bd, \u03b5\u03be\u03b1\u03c3\u03c6\u03b1\u03bb\u03af\u03b6\u03bf\u03bd\u03c4\u03b1\u03c2 \u03c5\u03c0\u03bf\u03c3\u03c4\u03ae\u03c1\u03b9\u03be\u03b7 \u03ba\u03b1\u03b9 \u03b5\u03ba\u03c0\u03c1\u03bf\u03c3\u03ce\u03c0\u03b7\u03c3\u03b7 \u03c3\u03c4\u03b7\u03bd \u039a\u03ad\u03c1\u03ba\u03c5\u03c1\u03b1 \u03ba\u03b1\u03b9 \u03c4\u03b1 \u0399\u03c9\u03ac\u03bd\u03bd\u03b9\u03bd\u03b1.\",\"breadcrumb\":{\"@id\":\"https:\/\/sintorislaw.gr\/eglimata-plimelimata-adikimata-lathremporio\/#breadcrumb\"},\"inLanguage\":\"de\",\"potentialAction\":[{\"@type\":\"ReadAction\",\"target\":[\"https:\/\/sintorislaw.gr\/eglimata-plimelimata-adikimata-lathremporio\/\"]}]},{\"@type\":\"BreadcrumbList\",\"@id\":\"https:\/\/sintorislaw.gr\/eglimata-plimelimata-adikimata-lathremporio\/#breadcrumb\",\"itemListElement\":[{\"@type\":\"ListItem\",\"position\":1,\"name\":\"\u0391\u03c1\u03c7\u03b9\u03ba\u03ae\",\"item\":\"https:\/\/sintorislaw.gr\/\"},{\"@type\":\"ListItem\",\"position\":2,\"name\":\"\u0395\u03b3\u03ba\u03bb\u03ae\u03bc\u03b1\u03c4\u03b1 &#8211; \u039b\u03b1\u03b8\u03c1\u03b5\u03bc\u03c0\u03cc\u03c1\u03b9\u03bf &#8211; \u03a0\u03bb\u03b7\u03bc\u03bc\u03b5\u03bb\u03ae\u03bc\u03b1\u03c4\u03b1 &#8211; \u0391\u03b4\u03b9\u03ba\u03ae\u03bc\u03b1\u03c4\u03b1\"}]},{\"@type\":\"WebSite\",\"@id\":\"https:\/\/sintorislaw.gr\/#website\",\"url\":\"https:\/\/sintorislaw.gr\/\",\"name\":\"\u0393\u03b5\u03ce\u03c1\u03b3\u03b9\u03bf\u03c2 \u03ba\u03b1\u03b9 \u039a\u03c9\u03bd\u03c3\u03c4\u03b1\u03bd\u03c4\u03af\u03bd\u03bf\u03c2 \u03a3\u03b9\u03bd\u03c4\u03cc\u03c1\u03b7\u03c2 \u03ba\u03b1\u03b9 \u03a3\u03c5\u03bd\u03b5\u03c1\u03b3\u03ac\u03c4\u03b5\u03c2 - \u0397\u03b3\u03bf\u03c5\u03bc\u03b5\u03bd\u03af\u03c4\u03c3\u03b1\",\"description\":\"\u0394\u03b9\u03ba\u03b7\u03b3\u03cc\u03c1\u03bf\u03b9 \u03bc\u03b5 \u03bc\u03b1\u03ba\u03c1\u03bf\u03c7\u03c1\u03cc\u03bd\u03b9\u03b1 \u03b5\u03bc\u03c0\u03b5\u03b9\u03c1\u03af\u03b1 \u03ba\u03b1\u03b9 \u03b5\u03c0\u03b9\u03c3\u03c4\u03b7\u03bc\u03bf\u03bd\u03b9\u03ba\u03ae \u03ba\u03b1\u03c4\u03ac\u03c1\u03c4\u03b9\u03c3\u03b7. \u039c\u03b5 \u03ad\u03b4\u03c1\u03b1 \u03c4\u03b7\u03bd \u0397\u03b3\u03bf\u03c5\u03bc\u03b5\u03bd\u03af\u03c4\u03c3\u03b1, \u03b4\u03c1\u03b1\u03c3\u03c4\u03b7\u03c1\u03b9\u03bf\u03c0\u03bf\u03b9\u03bf\u03cd\u03bc\u03b1\u03c3\u03c4\u03b5 \u03c3\u03c4\u03b1 \u0399\u03c9\u03ac\u03bd\u03bd\u03b9\u03bd\u03b1 \u03ba\u03b1\u03b9 \u03c4\u03b7\u03bd \u039a\u03ad\u03c1\u03ba\u03c5\u03c1\u03b1.\",\"publisher\":{\"@id\":\"https:\/\/sintorislaw.gr\/#organization\"},\"alternateName\":\"\u0394\u03b9\u03ba\u03b7\u03b3\u03bf\u03c1\u03b9\u03ba\u03cc \u03b3\u03c1\u03b1\u03c6\u03b5\u03af\u03bf - \u03a3\u03b9\u03bd\u03c4\u03cc\u03c1\u03b7\u03c2 \u03ba\u03b1\u03b9 \u03a3\u03c5\u03bd\u03b5\u03c1\u03b3\u03ac\u03c4\u03b5\u03c2\",\"potentialAction\":[{\"@type\":\"SearchAction\",\"target\":{\"@type\":\"EntryPoint\",\"urlTemplate\":\"https:\/\/sintorislaw.gr\/?s={search_term_string}\"},\"query-input\":{\"@type\":\"PropertyValueSpecification\",\"valueRequired\":true,\"valueName\":\"search_term_string\"}}],\"inLanguage\":\"de\"},{\"@type\":\"Organization\",\"@id\":\"https:\/\/sintorislaw.gr\/#organization\",\"name\":\"\u0393\u03b5\u03ce\u03c1\u03b3\u03b9\u03bf\u03c2 \u03ba\u03b1\u03b9 \u039a\u03c9\u03bd\u03c3\u03c4\u03b1\u03bd\u03c4\u03af\u03bd\u03bf\u03c2 \u03a3\u03b9\u03bd\u03c4\u03cc\u03c1\u03b7\u03c2 \u03ba\u03b1\u03b9 \u03a3\u03c5\u03bd\u03b5\u03c1\u03b3\u03ac\u03c4\u03b5\u03c2 - \u0397\u03b3\u03bf\u03c5\u03bc\u03b5\u03bd\u03af\u03c4\u03c3\u03b1, \u0398\u03b5\u03c3\u03c0\u03c1\u03c9\u03c4\u03af\u03b1\",\"url\":\"https:\/\/sintorislaw.gr\/\",\"logo\":{\"@type\":\"ImageObject\",\"inLanguage\":\"de\",\"@id\":\"https:\/\/sintorislaw.gr\/#\/schema\/logo\/image\/\",\"url\":\"https:\/\/sintorislaw.gr\/wp-content\/uploads\/2023\/04\/cropped-favicon-sintorislaw.jpg\",\"contentUrl\":\"https:\/\/sintorislaw.gr\/wp-content\/uploads\/2023\/04\/cropped-favicon-sintorislaw.jpg\",\"width\":512,\"height\":512,\"caption\":\"\u0393\u03b5\u03ce\u03c1\u03b3\u03b9\u03bf\u03c2 \u03ba\u03b1\u03b9 \u039a\u03c9\u03bd\u03c3\u03c4\u03b1\u03bd\u03c4\u03af\u03bd\u03bf\u03c2 \u03a3\u03b9\u03bd\u03c4\u03cc\u03c1\u03b7\u03c2 \u03ba\u03b1\u03b9 \u03a3\u03c5\u03bd\u03b5\u03c1\u03b3\u03ac\u03c4\u03b5\u03c2 - \u0397\u03b3\u03bf\u03c5\u03bc\u03b5\u03bd\u03af\u03c4\u03c3\u03b1, \u0398\u03b5\u03c3\u03c0\u03c1\u03c9\u03c4\u03af\u03b1\"},\"image\":{\"@id\":\"https:\/\/sintorislaw.gr\/#\/schema\/logo\/image\/\"},\"sameAs\":[\"https:\/\/www.facebook.com\/sintorislaw\/\"]}]}<\/script>\n<!-- \/ Yoast SEO plugin. -->","yoast_head_json":{"title":"Verbrechen - Schmuggel - Ordnungswidrigkeiten - Straftaten - Epirus - Korfu","description":"Wir sind auf die Bearbeitung einer Vielzahl von Strafsachen spezialisiert und bieten Unterst\u00fctzung und Vertretung in Korfu und Ioannina.","robots":{"index":"index","follow":"follow","max-snippet":"max-snippet:-1","max-image-preview":"max-image-preview:large","max-video-preview":"max-video-preview:-1"},"canonical":"https:\/\/sintorislaw.gr\/de\/eglimata-plimelimata-adikimata-lathremporio\/","og_locale":"de_DE","og_type":"article","og_title":"\u0395\u03b3\u03ba\u03bb\u03ae\u03bc\u03b1\u03c4\u03b1 - \u039b\u03b1\u03b8\u03c1\u03b5\u03bc\u03c0\u03cc\u03c1\u03b9\u03bf - \u03a0\u03bb\u03b7\u03bc\u03bc\u03b5\u03bb\u03ae\u03bc\u03b1\u03c4\u03b1 - \u0391\u03b4\u03b9\u03ba\u03ae\u03bc\u03b1\u03c4\u03b1 - \u0389\u03c0\u03b5\u03b9\u03c1\u03bf\u03c2 - \u039a\u03ad\u03c1\u03ba\u03c5\u03c1\u03b1","og_description":"\u0395\u03be\u03b5\u03b9\u03b4\u03b9\u03ba\u03b5\u03c5\u03cc\u03bc\u03b1\u03c3\u03c4\u03b5 \u03c3\u03c4\u03bf \u03c7\u03b5\u03b9\u03c1\u03b9\u03c3\u03bc\u03cc \u03b5\u03bd\u03cc\u03c2 \u03b5\u03c5\u03c1\u03ad\u03bf\u03c2 \u03c6\u03ac\u03c3\u03bc\u03b1\u03c4\u03bf\u03c2 \u03c0\u03bf\u03b9\u03bd\u03b9\u03ba\u03ce\u03bd \u03c5\u03c0\u03bf\u03b8\u03ad\u03c3\u03b5\u03c9\u03bd, \u03b5\u03be\u03b1\u03c3\u03c6\u03b1\u03bb\u03af\u03b6\u03bf\u03bd\u03c4\u03b1\u03c2 \u03c5\u03c0\u03bf\u03c3\u03c4\u03ae\u03c1\u03b9\u03be\u03b7 \u03ba\u03b1\u03b9 \u03b5\u03ba\u03c0\u03c1\u03bf\u03c3\u03ce\u03c0\u03b7\u03c3\u03b7 \u03c3\u03c4\u03b7\u03bd \u039a\u03ad\u03c1\u03ba\u03c5\u03c1\u03b1 \u03ba\u03b1\u03b9 \u03c4\u03b1 \u0399\u03c9\u03ac\u03bd\u03bd\u03b9\u03bd\u03b1.","og_url":"https:\/\/sintorislaw.gr\/de\/eglimata-plimelimata-adikimata-lathremporio\/","og_site_name":"\u0394\u03b9\u03ba\u03b7\u03b3\u03cc\u03c1\u03bf\u03b9 \u0393. \u03ba\u03b1\u03b9 \u039a. \u03a3\u03b9\u03bd\u03c4\u03cc\u03c1\u03b7\u03c2 \u03ba\u03b1\u03b9 \u03a3\u03c5\u03bd\u03b5\u03c1\u03b3\u03ac\u03c4\u03b5\u03c2 - \u0397\u03b3\u03bf\u03c5\u03bc\u03b5\u03bd\u03af\u03c4\u03c3\u03b1","article_publisher":"https:\/\/www.facebook.com\/sintorislaw\/","article_modified_time":"2023-06-28T07:03:43+00:00","og_image":[{"width":1600,"height":1067,"url":"https:\/\/sintorislaw.gr\/wp-content\/uploads\/2023\/04\/office-bg-1.jpg","type":"image\/jpeg"}],"twitter_card":"summary_large_image","twitter_misc":{"Gesch\u00e4tzte Lesezeit":"2\u00a0Minuten"},"schema":{"@context":"https:\/\/schema.org","@graph":[{"@type":"WebPage","@id":"https:\/\/sintorislaw.gr\/eglimata-plimelimata-adikimata-lathremporio\/","url":"https:\/\/sintorislaw.gr\/eglimata-plimelimata-adikimata-lathremporio\/","name":"Verbrechen - Schmuggel - Ordnungswidrigkeiten - Straftaten - Epirus - Korfu","isPartOf":{"@id":"https:\/\/sintorislaw.gr\/#website"},"datePublished":"2023-06-28T07:03:42+00:00","dateModified":"2023-06-28T07:03:43+00:00","description":"Wir sind auf die Bearbeitung einer Vielzahl von Strafsachen spezialisiert und bieten Unterst\u00fctzung und Vertretung in Korfu und Ioannina.","breadcrumb":{"@id":"https:\/\/sintorislaw.gr\/eglimata-plimelimata-adikimata-lathremporio\/#breadcrumb"},"inLanguage":"de","potentialAction":[{"@type":"ReadAction","target":["https:\/\/sintorislaw.gr\/eglimata-plimelimata-adikimata-lathremporio\/"]}]},{"@type":"BreadcrumbList","@id":"https:\/\/sintorislaw.gr\/eglimata-plimelimata-adikimata-lathremporio\/#breadcrumb","itemListElement":[{"@type":"ListItem","position":1,"name":"\u0391\u03c1\u03c7\u03b9\u03ba\u03ae","item":"https:\/\/sintorislaw.gr\/"},{"@type":"ListItem","position":2,"name":"\u0395\u03b3\u03ba\u03bb\u03ae\u03bc\u03b1\u03c4\u03b1 &#8211; \u039b\u03b1\u03b8\u03c1\u03b5\u03bc\u03c0\u03cc\u03c1\u03b9\u03bf &#8211; \u03a0\u03bb\u03b7\u03bc\u03bc\u03b5\u03bb\u03ae\u03bc\u03b1\u03c4\u03b1 &#8211; \u0391\u03b4\u03b9\u03ba\u03ae\u03bc\u03b1\u03c4\u03b1"}]},{"@type":"WebSite","@id":"https:\/\/sintorislaw.gr\/#website","url":"https:\/\/sintorislaw.gr\/","name":"Georgios und Konstantinos Sidoris und Partner - Igoumenitsa","description":"Anw\u00e4lte mit langj\u00e4hriger Erfahrung und wissenschaftlicher Ausbildung. Wir haben unseren Sitz in Igoumenitsa und sind in Ioannina und Korfu t\u00e4tig.","publisher":{"@id":"https:\/\/sintorislaw.gr\/#organization"},"alternateName":"\u0394\u03b9\u03ba\u03b7\u03b3\u03bf\u03c1\u03b9\u03ba\u03cc \u03b3\u03c1\u03b1\u03c6\u03b5\u03af\u03bf - \u03a3\u03b9\u03bd\u03c4\u03cc\u03c1\u03b7\u03c2 \u03ba\u03b1\u03b9 \u03a3\u03c5\u03bd\u03b5\u03c1\u03b3\u03ac\u03c4\u03b5\u03c2","potentialAction":[{"@type":"SearchAction","target":{"@type":"EntryPoint","urlTemplate":"https:\/\/sintorislaw.gr\/?s={search_term_string}"},"query-input":{"@type":"PropertyValueSpecification","valueRequired":true,"valueName":"search_term_string"}}],"inLanguage":"de"},{"@type":"Organization","@id":"https:\/\/sintorislaw.gr\/#organization","name":"Georgios und Konstantinos Sidoris und Partner - Igoumenitsa, Thesprotia","url":"https:\/\/sintorislaw.gr\/","logo":{"@type":"ImageObject","inLanguage":"de","@id":"https:\/\/sintorislaw.gr\/#\/schema\/logo\/image\/","url":"https:\/\/sintorislaw.gr\/wp-content\/uploads\/2023\/04\/cropped-favicon-sintorislaw.jpg","contentUrl":"https:\/\/sintorislaw.gr\/wp-content\/uploads\/2023\/04\/cropped-favicon-sintorislaw.jpg","width":512,"height":512,"caption":"\u0393\u03b5\u03ce\u03c1\u03b3\u03b9\u03bf\u03c2 \u03ba\u03b1\u03b9 \u039a\u03c9\u03bd\u03c3\u03c4\u03b1\u03bd\u03c4\u03af\u03bd\u03bf\u03c2 \u03a3\u03b9\u03bd\u03c4\u03cc\u03c1\u03b7\u03c2 \u03ba\u03b1\u03b9 \u03a3\u03c5\u03bd\u03b5\u03c1\u03b3\u03ac\u03c4\u03b5\u03c2 - \u0397\u03b3\u03bf\u03c5\u03bc\u03b5\u03bd\u03af\u03c4\u03c3\u03b1, \u0398\u03b5\u03c3\u03c0\u03c1\u03c9\u03c4\u03af\u03b1"},"image":{"@id":"https:\/\/sintorislaw.gr\/#\/schema\/logo\/image\/"},"sameAs":["https:\/\/www.facebook.com\/sintorislaw\/"]}]}},"_links":{"self":[{"href":"https:\/\/sintorislaw.gr\/de\/wp-json\/wp\/v2\/pages\/2095","targetHints":{"allow":["GET"]}}],"collection":[{"href":"https:\/\/sintorislaw.gr\/de\/wp-json\/wp\/v2\/pages"}],"about":[{"href":"https:\/\/sintorislaw.gr\/de\/wp-json\/wp\/v2\/types\/page"}],"author":[{"embeddable":true,"href":"https:\/\/sintorislaw.gr\/de\/wp-json\/wp\/v2\/users\/1"}],"replies":[{"embeddable":true,"href":"https:\/\/sintorislaw.gr\/de\/wp-json\/wp\/v2\/comments?post=2095"}],"version-history":[{"count":0,"href":"https:\/\/sintorislaw.gr\/de\/wp-json\/wp\/v2\/pages\/2095\/revisions"}],"wp:attachment":[{"href":"https:\/\/sintorislaw.gr\/de\/wp-json\/wp\/v2\/media?parent=2095"}],"curies":[{"name":"wp","href":"https:\/\/api.w.org\/{rel}","templated":true}]}}