{"id":2091,"date":"2023-06-28T09:47:07","date_gmt":"2023-06-28T06:47:07","guid":{"rendered":"https:\/\/sintorislaw.gr\/?page_id=2091"},"modified":"2023-06-28T09:47:08","modified_gmt":"2023-06-28T06:47:08","slug":"emporio-dikaio","status":"publish","type":"page","link":"https:\/\/sintorislaw.gr\/de\/emporio-dikaio\/","title":{"rendered":"Wirtschaftsrecht"},"content":{"rendered":"<p><strong>Wirtschaftsrecht<\/strong><\/p>\n\n\n\n<p>Im Bereich des Wirtschaftsrechts ist die Kanzlei \"<strong>G&amp;K Sidoris und Partner<\/strong>\" mit Sitz in Igoumenitsa betreut haupts\u00e4chlich Firmenkunden und befasst sich mit einem breiten Spektrum von Fragen der Unternehmensf\u00fchrung und der Beziehungen zu Dritten, einschlie\u00dflich privater und \u00f6ffentlicher Beh\u00f6rden. Zu unseren Fachgebieten geh\u00f6ren:<\/p>\n\n\n\n<ul class=\"wp-block-list\">\n<li>Gr\u00fcndung und Eingliederung von in- und ausl\u00e4ndischen Unternehmen, einschlie\u00dflich Tochtergesellschaften und Zweigniederlassungen&nbsp;<\/li>\n\n\n\n<li>Wir bieten Investitionsplanungsdienste in Griechenland und in der Europ\u00e4ischen Union an und helfen unseren Kunden bei der Wahl der am besten geeigneten Unternehmensstruktur.<\/li>\n\n\n\n<li>Ausarbeitung von Arbeitsvertr\u00e4gen<\/li>\n\n\n\n<li>Unternehmens- und Projektfinanzierung<\/li>\n\n\n\n<li>Unterst\u00fctzung bei Mietvertr\u00e4gen (Leasing)<\/li>\n\n\n\n<li>Beratung bei Investitionsanreizen und Unternehmensumwandlungen, einschlie\u00dflich Umwandlungen, Fusionen, Ausgliederungen und \u00dcbernahmen<\/li>\n\n\n\n<li>Spezialisierte Unterst\u00fctzung bei der Vorbereitung von Prozessen, die verschiedene Arten von Forderungen betreffen<\/li>\n\n\n\n<li>Einziehung von Forderungen aus Lieferungen und Leistungen&nbsp;<\/li>\n\n\n\n<li>Spezialkenntnisse im Wertpapierrecht, einschlie\u00dflich der Vorschriften \u00fcber Schecks, Wechsel und \u00e4hnliche Instrumente<\/li>\n<\/ul>\n\n\n\n<p>Es sei darauf hingewiesen, dass die Beratung zu rentenbezogenen Fragen komplex sein kann. Deshalb bieten wir individuelle Beratung zu spezifischen Fragen wie der Anerkennung von fiktiven Jahren und der genauen Berechnung von Renten an. Unabh\u00e4ngig davon, ob Sie Arbeitnehmer oder Arbeitgeber sind, verf\u00fcgen wir \u00fcber das Wissen und die Erfahrung, um Ihre speziellen Rentenfragen effektiv zu l\u00f6sen.<\/p>\n\n\n\n<p>Wir nutzen unsere umfangreiche Prozesserfahrung, um f\u00fcr unsere Mandanten die bestm\u00f6glichen Ergebnisse auf dem komplexen Gebiet des Wirtschaftsrechts zu erzielen.<\/p>\n\n\n\n<p>Z\u00e4hlen Sie auf unser B\u00fcro und&nbsp;<a href=\"https:\/\/sintorislaw.gr\/de\/epikoinwnia\/\">Kontaktieren Sie uns<\/a>&nbsp;f\u00fcr eine solide Rechtsvertretung bei Forderungen und eine zuverl\u00e4ssige Beratung in arbeitsrechtlichen Angelegenheiten.&nbsp;<\/p>","protected":false},"excerpt":{"rendered":"<p>Handelsrecht Im Bereich des Handelsrechts bietet die Anwaltskanzlei \"G&amp;K\" eine breite Palette von Dienstleistungen im Bereich der ... <\/p>","protected":false},"author":1,"featured_media":0,"parent":0,"menu_order":0,"comment_status":"closed","ping_status":"closed","template":"","meta":{"footnotes":""},"class_list":["post-2091","page","type-page","status-publish","hentry"],"yoast_head":"<!-- This site is optimized with the Yoast SEO plugin v26.7 - https:\/\/yoast.com\/wordpress\/plugins\/seo\/ -->\n<title>\u0395\u03bc\u03c0\u03bf\u03c1\u03b9\u03ba\u03cc \u0394\u03af\u03ba\u03b1\u03b9\u03bf - \u03a3\u03cd\u03c3\u03c4\u03b1\u03c3\u03b7, \u03af\u03b4\u03c1\u03c5\u03c3\u03b7 \u03b5\u03c4\u03b1\u03b9\u03c1\u03b5\u03b9\u03ce\u03bd - \u039a\u03b1\u03b8\u03bf\u03b4\u03ae\u03b3\u03b7\u03c3\u03b7 - \u0389\u03c0\u03b5\u03b9\u03c1\u03bf\u03c2<\/title>\n<meta name=\"description\" content=\"M\u03b5 \u03ad\u03b4\u03c1\u03b1 \u03c4\u03b7\u03bd \u0397\u03b3\u03bf\u03c5\u03bc\u03b5\u03bd\u03af\u03c4\u03c3\u03b1 \u03b1\u03bb\u03bb\u03ac \u03ba\u03b1\u03b9 \u03c3\u03c4\u03b7\u03bd \u03b5\u03c5\u03c1\u03cd\u03c4\u03b5\u03c1\u03b7 \u03c0\u03b5\u03c1\u03b9\u03bf\u03c7\u03ae \u03c4\u03b7\u03c2 \u0397\u03c0\u03b5\u03af\u03c1\u03bf\u03c5 \u03ba\u03b1\u03b9 \u03c4\u03b7\u03c2 \u039a\u03ad\u03c1\u03ba\u03c5\u03c1\u03b1\u03c2, \u03b5\u03be\u03c5\u03c0\u03b7\u03c1\u03b5\u03c4\u03bf\u03cd\u03bc\u03b5 \u03ba\u03c5\u03c1\u03af\u03c9\u03c2 \u03b5\u03c4\u03b1\u03b9\u03c1\u03b9\u03ba\u03bf\u03cd\u03c2 \u03c0\u03b5\u03bb\u03ac\u03c4\u03b5\u03c2 \u03ba\u03b1\u03b9 \u03c7\u03b5\u03b9\u03c1\u03b9\u03b6\u03cc\u03bc\u03b1\u03c3\u03c4\u03b5 \u03ad\u03bd\u03b1 \u03b5\u03c5\u03c1\u03cd \u03c6\u03ac\u03c3\u03bc\u03b1 \u03b8\u03b5\u03bc\u03ac\u03c4\u03c9\u03bd \u03cc\u03c0\u03c9\u03c2 \u03c4\u03b7\u03bd \u03af\u03b4\u03c1\u03c5\u03c3\u03b7 \u03b5\u03c4\u03b1\u03b9\u03c1\u03b5\u03b9\u03ce\u03bd \u03bc\u03b5 \u03ba\u03b1\u03b8\u03bf\u03b4\u03ae\u03b3\u03b7\u03c3\u03b7 \u03ba\u03b1\u03b9 \u03b5\u03bc\u03c0\u03b5\u03b9\u03c1\u03af\u03b1 35 \u03c7\u03c1\u03cc\u03bd\u03c9\u03bd.\" \/>\n<meta name=\"robots\" content=\"index, follow, max-snippet:-1, max-image-preview:large, max-video-preview:-1\" \/>\n<link rel=\"canonical\" href=\"https:\/\/sintorislaw.gr\/de\/emporio-dikaio\/\" \/>\n<meta property=\"og:locale\" content=\"de_DE\" \/>\n<meta property=\"og:type\" content=\"article\" \/>\n<meta property=\"og:title\" content=\"\u0395\u03bc\u03c0\u03bf\u03c1\u03b9\u03ba\u03cc \u0394\u03af\u03ba\u03b1\u03b9\u03bf - \u03a3\u03cd\u03c3\u03c4\u03b1\u03c3\u03b7, \u03af\u03b4\u03c1\u03c5\u03c3\u03b7 \u03b5\u03c4\u03b1\u03b9\u03c1\u03b5\u03b9\u03ce\u03bd - \u039a\u03b1\u03b8\u03bf\u03b4\u03ae\u03b3\u03b7\u03c3\u03b7 - \u0389\u03c0\u03b5\u03b9\u03c1\u03bf\u03c2\" \/>\n<meta property=\"og:description\" content=\"M\u03b5 \u03ad\u03b4\u03c1\u03b1 \u03c4\u03b7\u03bd \u0397\u03b3\u03bf\u03c5\u03bc\u03b5\u03bd\u03af\u03c4\u03c3\u03b1 \u03b1\u03bb\u03bb\u03ac \u03ba\u03b1\u03b9 \u03c3\u03c4\u03b7\u03bd \u03b5\u03c5\u03c1\u03cd\u03c4\u03b5\u03c1\u03b7 \u03c0\u03b5\u03c1\u03b9\u03bf\u03c7\u03ae \u03c4\u03b7\u03c2 \u0397\u03c0\u03b5\u03af\u03c1\u03bf\u03c5 \u03ba\u03b1\u03b9 \u03c4\u03b7\u03c2 \u039a\u03ad\u03c1\u03ba\u03c5\u03c1\u03b1\u03c2, \u03b5\u03be\u03c5\u03c0\u03b7\u03c1\u03b5\u03c4\u03bf\u03cd\u03bc\u03b5 \u03ba\u03c5\u03c1\u03af\u03c9\u03c2 \u03b5\u03c4\u03b1\u03b9\u03c1\u03b9\u03ba\u03bf\u03cd\u03c2 \u03c0\u03b5\u03bb\u03ac\u03c4\u03b5\u03c2 \u03ba\u03b1\u03b9 \u03c7\u03b5\u03b9\u03c1\u03b9\u03b6\u03cc\u03bc\u03b1\u03c3\u03c4\u03b5 \u03ad\u03bd\u03b1 \u03b5\u03c5\u03c1\u03cd \u03c6\u03ac\u03c3\u03bc\u03b1 \u03b8\u03b5\u03bc\u03ac\u03c4\u03c9\u03bd \u03cc\u03c0\u03c9\u03c2 \u03c4\u03b7\u03bd \u03af\u03b4\u03c1\u03c5\u03c3\u03b7 \u03b5\u03c4\u03b1\u03b9\u03c1\u03b5\u03b9\u03ce\u03bd \u03bc\u03b5 \u03ba\u03b1\u03b8\u03bf\u03b4\u03ae\u03b3\u03b7\u03c3\u03b7 \u03ba\u03b1\u03b9 \u03b5\u03bc\u03c0\u03b5\u03b9\u03c1\u03af\u03b1 35 \u03c7\u03c1\u03cc\u03bd\u03c9\u03bd.\" \/>\n<meta property=\"og:url\" content=\"https:\/\/sintorislaw.gr\/de\/emporio-dikaio\/\" \/>\n<meta property=\"og:site_name\" content=\"\u0394\u03b9\u03ba\u03b7\u03b3\u03cc\u03c1\u03bf\u03b9 \u0393. \u03ba\u03b1\u03b9 \u039a. \u03a3\u03b9\u03bd\u03c4\u03cc\u03c1\u03b7\u03c2 \u03ba\u03b1\u03b9 \u03a3\u03c5\u03bd\u03b5\u03c1\u03b3\u03ac\u03c4\u03b5\u03c2 - \u0397\u03b3\u03bf\u03c5\u03bc\u03b5\u03bd\u03af\u03c4\u03c3\u03b1\" \/>\n<meta property=\"article:publisher\" content=\"https:\/\/www.facebook.com\/sintorislaw\/\" \/>\n<meta property=\"article:modified_time\" content=\"2023-06-28T06:47:08+00:00\" \/>\n<meta property=\"og:image\" content=\"https:\/\/sintorislaw.gr\/wp-content\/uploads\/2023\/04\/office-bg-1.jpg\" \/>\n\t<meta property=\"og:image:width\" content=\"1600\" \/>\n\t<meta property=\"og:image:height\" content=\"1067\" \/>\n\t<meta property=\"og:image:type\" content=\"image\/jpeg\" \/>\n<meta name=\"twitter:card\" content=\"summary_large_image\" \/>\n<meta name=\"twitter:label1\" content=\"Gesch\u00e4tzte Lesezeit\" \/>\n\t<meta name=\"twitter:data1\" content=\"2\u00a0Minuten\" \/>\n<script type=\"application\/ld+json\" class=\"yoast-schema-graph\">{\"@context\":\"https:\/\/schema.org\",\"@graph\":[{\"@type\":\"WebPage\",\"@id\":\"https:\/\/sintorislaw.gr\/emporiko-dikaio\/\",\"url\":\"https:\/\/sintorislaw.gr\/emporiko-dikaio\/\",\"name\":\"\u0395\u03bc\u03c0\u03bf\u03c1\u03b9\u03ba\u03cc \u0394\u03af\u03ba\u03b1\u03b9\u03bf - \u03a3\u03cd\u03c3\u03c4\u03b1\u03c3\u03b7, \u03af\u03b4\u03c1\u03c5\u03c3\u03b7 \u03b5\u03c4\u03b1\u03b9\u03c1\u03b5\u03b9\u03ce\u03bd - \u039a\u03b1\u03b8\u03bf\u03b4\u03ae\u03b3\u03b7\u03c3\u03b7 - \u0389\u03c0\u03b5\u03b9\u03c1\u03bf\u03c2\",\"isPartOf\":{\"@id\":\"https:\/\/sintorislaw.gr\/#website\"},\"datePublished\":\"2023-06-28T06:47:07+00:00\",\"dateModified\":\"2023-06-28T06:47:08+00:00\",\"description\":\"M\u03b5 \u03ad\u03b4\u03c1\u03b1 \u03c4\u03b7\u03bd \u0397\u03b3\u03bf\u03c5\u03bc\u03b5\u03bd\u03af\u03c4\u03c3\u03b1 \u03b1\u03bb\u03bb\u03ac \u03ba\u03b1\u03b9 \u03c3\u03c4\u03b7\u03bd \u03b5\u03c5\u03c1\u03cd\u03c4\u03b5\u03c1\u03b7 \u03c0\u03b5\u03c1\u03b9\u03bf\u03c7\u03ae \u03c4\u03b7\u03c2 \u0397\u03c0\u03b5\u03af\u03c1\u03bf\u03c5 \u03ba\u03b1\u03b9 \u03c4\u03b7\u03c2 \u039a\u03ad\u03c1\u03ba\u03c5\u03c1\u03b1\u03c2, \u03b5\u03be\u03c5\u03c0\u03b7\u03c1\u03b5\u03c4\u03bf\u03cd\u03bc\u03b5 \u03ba\u03c5\u03c1\u03af\u03c9\u03c2 \u03b5\u03c4\u03b1\u03b9\u03c1\u03b9\u03ba\u03bf\u03cd\u03c2 \u03c0\u03b5\u03bb\u03ac\u03c4\u03b5\u03c2 \u03ba\u03b1\u03b9 \u03c7\u03b5\u03b9\u03c1\u03b9\u03b6\u03cc\u03bc\u03b1\u03c3\u03c4\u03b5 \u03ad\u03bd\u03b1 \u03b5\u03c5\u03c1\u03cd \u03c6\u03ac\u03c3\u03bc\u03b1 \u03b8\u03b5\u03bc\u03ac\u03c4\u03c9\u03bd \u03cc\u03c0\u03c9\u03c2 \u03c4\u03b7\u03bd \u03af\u03b4\u03c1\u03c5\u03c3\u03b7 \u03b5\u03c4\u03b1\u03b9\u03c1\u03b5\u03b9\u03ce\u03bd \u03bc\u03b5 \u03ba\u03b1\u03b8\u03bf\u03b4\u03ae\u03b3\u03b7\u03c3\u03b7 \u03ba\u03b1\u03b9 \u03b5\u03bc\u03c0\u03b5\u03b9\u03c1\u03af\u03b1 35 \u03c7\u03c1\u03cc\u03bd\u03c9\u03bd.\",\"breadcrumb\":{\"@id\":\"https:\/\/sintorislaw.gr\/emporiko-dikaio\/#breadcrumb\"},\"inLanguage\":\"de\",\"potentialAction\":[{\"@type\":\"ReadAction\",\"target\":[\"https:\/\/sintorislaw.gr\/emporiko-dikaio\/\"]}]},{\"@type\":\"BreadcrumbList\",\"@id\":\"https:\/\/sintorislaw.gr\/emporiko-dikaio\/#breadcrumb\",\"itemListElement\":[{\"@type\":\"ListItem\",\"position\":1,\"name\":\"\u0391\u03c1\u03c7\u03b9\u03ba\u03ae\",\"item\":\"https:\/\/sintorislaw.gr\/\"},{\"@type\":\"ListItem\",\"position\":2,\"name\":\"\u0395\u03bc\u03c0\u03bf\u03c1\u03b9\u03ba\u03cc \u0394\u03af\u03ba\u03b1\u03b9\u03bf\"}]},{\"@type\":\"WebSite\",\"@id\":\"https:\/\/sintorislaw.gr\/#website\",\"url\":\"https:\/\/sintorislaw.gr\/\",\"name\":\"\u0393\u03b5\u03ce\u03c1\u03b3\u03b9\u03bf\u03c2 \u03ba\u03b1\u03b9 \u039a\u03c9\u03bd\u03c3\u03c4\u03b1\u03bd\u03c4\u03af\u03bd\u03bf\u03c2 \u03a3\u03b9\u03bd\u03c4\u03cc\u03c1\u03b7\u03c2 \u03ba\u03b1\u03b9 \u03a3\u03c5\u03bd\u03b5\u03c1\u03b3\u03ac\u03c4\u03b5\u03c2 - \u0397\u03b3\u03bf\u03c5\u03bc\u03b5\u03bd\u03af\u03c4\u03c3\u03b1\",\"description\":\"\u0394\u03b9\u03ba\u03b7\u03b3\u03cc\u03c1\u03bf\u03b9 \u03bc\u03b5 \u03bc\u03b1\u03ba\u03c1\u03bf\u03c7\u03c1\u03cc\u03bd\u03b9\u03b1 \u03b5\u03bc\u03c0\u03b5\u03b9\u03c1\u03af\u03b1 \u03ba\u03b1\u03b9 \u03b5\u03c0\u03b9\u03c3\u03c4\u03b7\u03bc\u03bf\u03bd\u03b9\u03ba\u03ae \u03ba\u03b1\u03c4\u03ac\u03c1\u03c4\u03b9\u03c3\u03b7. \u039c\u03b5 \u03ad\u03b4\u03c1\u03b1 \u03c4\u03b7\u03bd \u0397\u03b3\u03bf\u03c5\u03bc\u03b5\u03bd\u03af\u03c4\u03c3\u03b1, \u03b4\u03c1\u03b1\u03c3\u03c4\u03b7\u03c1\u03b9\u03bf\u03c0\u03bf\u03b9\u03bf\u03cd\u03bc\u03b1\u03c3\u03c4\u03b5 \u03c3\u03c4\u03b1 \u0399\u03c9\u03ac\u03bd\u03bd\u03b9\u03bd\u03b1 \u03ba\u03b1\u03b9 \u03c4\u03b7\u03bd \u039a\u03ad\u03c1\u03ba\u03c5\u03c1\u03b1.\",\"publisher\":{\"@id\":\"https:\/\/sintorislaw.gr\/#organization\"},\"alternateName\":\"\u0394\u03b9\u03ba\u03b7\u03b3\u03bf\u03c1\u03b9\u03ba\u03cc \u03b3\u03c1\u03b1\u03c6\u03b5\u03af\u03bf - \u03a3\u03b9\u03bd\u03c4\u03cc\u03c1\u03b7\u03c2 \u03ba\u03b1\u03b9 \u03a3\u03c5\u03bd\u03b5\u03c1\u03b3\u03ac\u03c4\u03b5\u03c2\",\"potentialAction\":[{\"@type\":\"SearchAction\",\"target\":{\"@type\":\"EntryPoint\",\"urlTemplate\":\"https:\/\/sintorislaw.gr\/?s={search_term_string}\"},\"query-input\":{\"@type\":\"PropertyValueSpecification\",\"valueRequired\":true,\"valueName\":\"search_term_string\"}}],\"inLanguage\":\"de\"},{\"@type\":\"Organization\",\"@id\":\"https:\/\/sintorislaw.gr\/#organization\",\"name\":\"\u0393\u03b5\u03ce\u03c1\u03b3\u03b9\u03bf\u03c2 \u03ba\u03b1\u03b9 \u039a\u03c9\u03bd\u03c3\u03c4\u03b1\u03bd\u03c4\u03af\u03bd\u03bf\u03c2 \u03a3\u03b9\u03bd\u03c4\u03cc\u03c1\u03b7\u03c2 \u03ba\u03b1\u03b9 \u03a3\u03c5\u03bd\u03b5\u03c1\u03b3\u03ac\u03c4\u03b5\u03c2 - \u0397\u03b3\u03bf\u03c5\u03bc\u03b5\u03bd\u03af\u03c4\u03c3\u03b1, \u0398\u03b5\u03c3\u03c0\u03c1\u03c9\u03c4\u03af\u03b1\",\"url\":\"https:\/\/sintorislaw.gr\/\",\"logo\":{\"@type\":\"ImageObject\",\"inLanguage\":\"de\",\"@id\":\"https:\/\/sintorislaw.gr\/#\/schema\/logo\/image\/\",\"url\":\"https:\/\/sintorislaw.gr\/wp-content\/uploads\/2023\/04\/cropped-favicon-sintorislaw.jpg\",\"contentUrl\":\"https:\/\/sintorislaw.gr\/wp-content\/uploads\/2023\/04\/cropped-favicon-sintorislaw.jpg\",\"width\":512,\"height\":512,\"caption\":\"\u0393\u03b5\u03ce\u03c1\u03b3\u03b9\u03bf\u03c2 \u03ba\u03b1\u03b9 \u039a\u03c9\u03bd\u03c3\u03c4\u03b1\u03bd\u03c4\u03af\u03bd\u03bf\u03c2 \u03a3\u03b9\u03bd\u03c4\u03cc\u03c1\u03b7\u03c2 \u03ba\u03b1\u03b9 \u03a3\u03c5\u03bd\u03b5\u03c1\u03b3\u03ac\u03c4\u03b5\u03c2 - \u0397\u03b3\u03bf\u03c5\u03bc\u03b5\u03bd\u03af\u03c4\u03c3\u03b1, \u0398\u03b5\u03c3\u03c0\u03c1\u03c9\u03c4\u03af\u03b1\"},\"image\":{\"@id\":\"https:\/\/sintorislaw.gr\/#\/schema\/logo\/image\/\"},\"sameAs\":[\"https:\/\/www.facebook.com\/sintorislaw\/\"]}]}<\/script>\n<!-- \/ Yoast SEO plugin. -->","yoast_head_json":{"title":"Handelsrecht - Gr\u00fcndung von Gesellschaften - Orientierungshilfe - Kontinent","description":"Mit Sitz in Igoumenitsa, aber auch in der weiteren Region von Epirus und Korfu, betreuen wir vor allem Firmenkunden und k\u00fcmmern uns mit Beratung und 35-j\u00e4hriger Erfahrung um eine breite Palette von Fragen wie die Gr\u00fcndung von Unternehmen.","robots":{"index":"index","follow":"follow","max-snippet":"max-snippet:-1","max-image-preview":"max-image-preview:large","max-video-preview":"max-video-preview:-1"},"canonical":"https:\/\/sintorislaw.gr\/de\/emporio-dikaio\/","og_locale":"de_DE","og_type":"article","og_title":"\u0395\u03bc\u03c0\u03bf\u03c1\u03b9\u03ba\u03cc \u0394\u03af\u03ba\u03b1\u03b9\u03bf - \u03a3\u03cd\u03c3\u03c4\u03b1\u03c3\u03b7, \u03af\u03b4\u03c1\u03c5\u03c3\u03b7 \u03b5\u03c4\u03b1\u03b9\u03c1\u03b5\u03b9\u03ce\u03bd - \u039a\u03b1\u03b8\u03bf\u03b4\u03ae\u03b3\u03b7\u03c3\u03b7 - \u0389\u03c0\u03b5\u03b9\u03c1\u03bf\u03c2","og_description":"M\u03b5 \u03ad\u03b4\u03c1\u03b1 \u03c4\u03b7\u03bd \u0397\u03b3\u03bf\u03c5\u03bc\u03b5\u03bd\u03af\u03c4\u03c3\u03b1 \u03b1\u03bb\u03bb\u03ac \u03ba\u03b1\u03b9 \u03c3\u03c4\u03b7\u03bd \u03b5\u03c5\u03c1\u03cd\u03c4\u03b5\u03c1\u03b7 \u03c0\u03b5\u03c1\u03b9\u03bf\u03c7\u03ae \u03c4\u03b7\u03c2 \u0397\u03c0\u03b5\u03af\u03c1\u03bf\u03c5 \u03ba\u03b1\u03b9 \u03c4\u03b7\u03c2 \u039a\u03ad\u03c1\u03ba\u03c5\u03c1\u03b1\u03c2, \u03b5\u03be\u03c5\u03c0\u03b7\u03c1\u03b5\u03c4\u03bf\u03cd\u03bc\u03b5 \u03ba\u03c5\u03c1\u03af\u03c9\u03c2 \u03b5\u03c4\u03b1\u03b9\u03c1\u03b9\u03ba\u03bf\u03cd\u03c2 \u03c0\u03b5\u03bb\u03ac\u03c4\u03b5\u03c2 \u03ba\u03b1\u03b9 \u03c7\u03b5\u03b9\u03c1\u03b9\u03b6\u03cc\u03bc\u03b1\u03c3\u03c4\u03b5 \u03ad\u03bd\u03b1 \u03b5\u03c5\u03c1\u03cd \u03c6\u03ac\u03c3\u03bc\u03b1 \u03b8\u03b5\u03bc\u03ac\u03c4\u03c9\u03bd \u03cc\u03c0\u03c9\u03c2 \u03c4\u03b7\u03bd \u03af\u03b4\u03c1\u03c5\u03c3\u03b7 \u03b5\u03c4\u03b1\u03b9\u03c1\u03b5\u03b9\u03ce\u03bd \u03bc\u03b5 \u03ba\u03b1\u03b8\u03bf\u03b4\u03ae\u03b3\u03b7\u03c3\u03b7 \u03ba\u03b1\u03b9 \u03b5\u03bc\u03c0\u03b5\u03b9\u03c1\u03af\u03b1 35 \u03c7\u03c1\u03cc\u03bd\u03c9\u03bd.","og_url":"https:\/\/sintorislaw.gr\/de\/emporio-dikaio\/","og_site_name":"\u0394\u03b9\u03ba\u03b7\u03b3\u03cc\u03c1\u03bf\u03b9 \u0393. \u03ba\u03b1\u03b9 \u039a. \u03a3\u03b9\u03bd\u03c4\u03cc\u03c1\u03b7\u03c2 \u03ba\u03b1\u03b9 \u03a3\u03c5\u03bd\u03b5\u03c1\u03b3\u03ac\u03c4\u03b5\u03c2 - \u0397\u03b3\u03bf\u03c5\u03bc\u03b5\u03bd\u03af\u03c4\u03c3\u03b1","article_publisher":"https:\/\/www.facebook.com\/sintorislaw\/","article_modified_time":"2023-06-28T06:47:08+00:00","og_image":[{"width":1600,"height":1067,"url":"https:\/\/sintorislaw.gr\/wp-content\/uploads\/2023\/04\/office-bg-1.jpg","type":"image\/jpeg"}],"twitter_card":"summary_large_image","twitter_misc":{"Gesch\u00e4tzte Lesezeit":"2\u00a0Minuten"},"schema":{"@context":"https:\/\/schema.org","@graph":[{"@type":"WebPage","@id":"https:\/\/sintorislaw.gr\/emporiko-dikaio\/","url":"https:\/\/sintorislaw.gr\/emporiko-dikaio\/","name":"Handelsrecht - Gr\u00fcndung von Gesellschaften - Orientierungshilfe - Kontinent","isPartOf":{"@id":"https:\/\/sintorislaw.gr\/#website"},"datePublished":"2023-06-28T06:47:07+00:00","dateModified":"2023-06-28T06:47:08+00:00","description":"Mit Sitz in Igoumenitsa, aber auch in der weiteren Region von Epirus und Korfu, betreuen wir vor allem Firmenkunden und k\u00fcmmern uns mit Beratung und 35-j\u00e4hriger Erfahrung um eine breite Palette von Fragen wie die Gr\u00fcndung von Unternehmen.","breadcrumb":{"@id":"https:\/\/sintorislaw.gr\/emporiko-dikaio\/#breadcrumb"},"inLanguage":"de","potentialAction":[{"@type":"ReadAction","target":["https:\/\/sintorislaw.gr\/emporiko-dikaio\/"]}]},{"@type":"BreadcrumbList","@id":"https:\/\/sintorislaw.gr\/emporiko-dikaio\/#breadcrumb","itemListElement":[{"@type":"ListItem","position":1,"name":"\u0391\u03c1\u03c7\u03b9\u03ba\u03ae","item":"https:\/\/sintorislaw.gr\/"},{"@type":"ListItem","position":2,"name":"\u0395\u03bc\u03c0\u03bf\u03c1\u03b9\u03ba\u03cc \u0394\u03af\u03ba\u03b1\u03b9\u03bf"}]},{"@type":"WebSite","@id":"https:\/\/sintorislaw.gr\/#website","url":"https:\/\/sintorislaw.gr\/","name":"Georgios und Konstantinos Sidoris und Partner - Igoumenitsa","description":"Anw\u00e4lte mit langj\u00e4hriger Erfahrung und wissenschaftlicher Ausbildung. Wir haben unseren Sitz in Igoumenitsa und sind in Ioannina und Korfu t\u00e4tig.","publisher":{"@id":"https:\/\/sintorislaw.gr\/#organization"},"alternateName":"\u0394\u03b9\u03ba\u03b7\u03b3\u03bf\u03c1\u03b9\u03ba\u03cc \u03b3\u03c1\u03b1\u03c6\u03b5\u03af\u03bf - \u03a3\u03b9\u03bd\u03c4\u03cc\u03c1\u03b7\u03c2 \u03ba\u03b1\u03b9 \u03a3\u03c5\u03bd\u03b5\u03c1\u03b3\u03ac\u03c4\u03b5\u03c2","potentialAction":[{"@type":"SearchAction","target":{"@type":"EntryPoint","urlTemplate":"https:\/\/sintorislaw.gr\/?s={search_term_string}"},"query-input":{"@type":"PropertyValueSpecification","valueRequired":true,"valueName":"search_term_string"}}],"inLanguage":"de"},{"@type":"Organization","@id":"https:\/\/sintorislaw.gr\/#organization","name":"Georgios und Konstantinos Sidoris und Partner - Igoumenitsa, Thesprotia","url":"https:\/\/sintorislaw.gr\/","logo":{"@type":"ImageObject","inLanguage":"de","@id":"https:\/\/sintorislaw.gr\/#\/schema\/logo\/image\/","url":"https:\/\/sintorislaw.gr\/wp-content\/uploads\/2023\/04\/cropped-favicon-sintorislaw.jpg","contentUrl":"https:\/\/sintorislaw.gr\/wp-content\/uploads\/2023\/04\/cropped-favicon-sintorislaw.jpg","width":512,"height":512,"caption":"\u0393\u03b5\u03ce\u03c1\u03b3\u03b9\u03bf\u03c2 \u03ba\u03b1\u03b9 \u039a\u03c9\u03bd\u03c3\u03c4\u03b1\u03bd\u03c4\u03af\u03bd\u03bf\u03c2 \u03a3\u03b9\u03bd\u03c4\u03cc\u03c1\u03b7\u03c2 \u03ba\u03b1\u03b9 \u03a3\u03c5\u03bd\u03b5\u03c1\u03b3\u03ac\u03c4\u03b5\u03c2 - \u0397\u03b3\u03bf\u03c5\u03bc\u03b5\u03bd\u03af\u03c4\u03c3\u03b1, \u0398\u03b5\u03c3\u03c0\u03c1\u03c9\u03c4\u03af\u03b1"},"image":{"@id":"https:\/\/sintorislaw.gr\/#\/schema\/logo\/image\/"},"sameAs":["https:\/\/www.facebook.com\/sintorislaw\/"]}]}},"_links":{"self":[{"href":"https:\/\/sintorislaw.gr\/de\/wp-json\/wp\/v2\/pages\/2091","targetHints":{"allow":["GET"]}}],"collection":[{"href":"https:\/\/sintorislaw.gr\/de\/wp-json\/wp\/v2\/pages"}],"about":[{"href":"https:\/\/sintorislaw.gr\/de\/wp-json\/wp\/v2\/types\/page"}],"author":[{"embeddable":true,"href":"https:\/\/sintorislaw.gr\/de\/wp-json\/wp\/v2\/users\/1"}],"replies":[{"embeddable":true,"href":"https:\/\/sintorislaw.gr\/de\/wp-json\/wp\/v2\/comments?post=2091"}],"version-history":[{"count":0,"href":"https:\/\/sintorislaw.gr\/de\/wp-json\/wp\/v2\/pages\/2091\/revisions"}],"wp:attachment":[{"href":"https:\/\/sintorislaw.gr\/de\/wp-json\/wp\/v2\/media?parent=2091"}],"curies":[{"name":"wp","href":"https:\/\/api.w.org\/{rel}","templated":true}]}}