{"id":2089,"date":"2023-06-28T09:29:16","date_gmt":"2023-06-28T06:29:16","guid":{"rendered":"https:\/\/sintorislaw.gr\/?page_id=2089"},"modified":"2023-06-28T09:29:18","modified_gmt":"2023-06-28T06:29:18","slug":"ergatiko-dikaio","status":"publish","type":"page","link":"https:\/\/sintorislaw.gr\/de\/ergatiko-dikaio\/","title":{"rendered":"Arbeitsrecht"},"content":{"rendered":"<p>In dem besonders sensiblen Bereich des Arbeitsrechts hat die Kanzlei \"<strong>G&amp;K Sidoris und Partner<\/strong>\"verf\u00fcgt \u00fcber spezialisierte Anw\u00e4lte, die sich auf Arbeits- und Sozialversicherungsrecht spezialisiert haben und sowohl Arbeitnehmer als auch Arbeitgeber auf allen Ebenen des Gerichts vertreten. Unser Ziel ist es, Rechtsdienstleistungen zu erbringen, die sich an den komplexen rechtlichen Rahmenbedingungen f\u00fcr Arbeits- und Sozialversicherungsbeziehungen orientieren und die Interessen unserer Mandanten in den Vordergrund stellen, w\u00e4hrend wir Risiken und Verst\u00f6\u00dfe minimieren.<\/p>\n\n\n\n<p>Wir betreuen ein breites Spektrum von Kunden in der Pr\u00e4fektur Epirus und Korfu, darunter private und \u00f6ffentliche Einrichtungen sowie institutionelle Sozialpartner. Unsere Anwaltskanzlei bietet umfassende rechtliche und strategische Managementdienstleistungen in verschiedenen Bereichen an, wie z. B.:&nbsp;<\/p>\n\n\n\n<ul class=\"wp-block-list\">\n<li>Ausarbeitung und Beendigung von Vertr\u00e4gen<\/li>\n\n\n\n<li>Zahlung der Entsch\u00e4digung<\/li>\n\n\n\n<li>Verwaltung der Humanressourcen<\/li>\n\n\n\n<li>Lohnabrechnung und Versicherungsbedingungen<\/li>\n\n\n\n<li>Gewerkschaftliche Aktivit\u00e4ten<\/li>\n\n\n\n<li>Kollektivvertr\u00e4ge<\/li>\n\n\n\n<li>Schutz von personenbezogenen Daten&nbsp;<\/li>\n\n\n\n<li>Sicherheit am Arbeitsplatz<\/li>\n<\/ul>\n\n\n\n<p>Unsere Kunden verlassen sich auf uns, wenn es um die t\u00e4gliche Beratung in arbeitsbezogenen Angelegenheiten geht, einschlie\u00dflich der Beziehungen zwischen Arbeitnehmern und Arbeitgebern, Arbeitsbedingungen, Outsourcing und Personalschulungsprogrammen.<\/p>\n\n\n\n<p>Bei Streitigkeiten, die vor Gerichten oder Verwaltungsbeh\u00f6rden wie der Arbeitsaufsichtsbeh\u00f6rde gekl\u00e4rt werden m\u00fcssen, behandelt unsere Kanzlei jeden Fall sorgf\u00e4ltig und vertritt die Interessen unserer Mandanten effektiv. Als Alternative zum Rechtsstreit empfehlen wir h\u00e4ufig das Mediationsverfahren, das eine schnellere Beilegung von Streitigkeiten erm\u00f6glicht und von vielen unserer Mandanten positiv aufgenommen wurde.<\/p>\n\n\n\n<p>Wenn Sie Fragen zu Ihrem Fall haben, bitten wir Sie&nbsp;<a href=\"https:\/\/sintorislaw.gr\/de\/epikoinwnia\/\">Kontaktieren Sie uns<\/a>&nbsp;sofort.<\/p>","protected":false},"excerpt":{"rendered":"<p>Im besonders sensiblen Bereich des Arbeitsrechts hat die Anwaltskanzlei \"G&amp;K Sidoris ... <\/p>","protected":false},"author":1,"featured_media":0,"parent":0,"menu_order":0,"comment_status":"closed","ping_status":"closed","template":"","meta":{"footnotes":""},"class_list":["post-2089","page","type-page","status-publish","hentry"],"yoast_head":"<!-- This site is optimized with the Yoast SEO plugin v26.7 - https:\/\/yoast.com\/wordpress\/plugins\/seo\/ -->\n<title>\u0395\u03c1\u03b3\u03b1\u03c4\u03b9\u03ba\u03cc \u0394\u03af\u03ba\u03b1\u03b9\u03bf<\/title>\n<meta name=\"description\" content=\"\u03a3\u03c4\u03bf\u03bd \u03b9\u03b4\u03b9\u03b1\u03af\u03c4\u03b5\u03c1\u03b1 \u03b5\u03c5\u03b1\u03af\u03c3\u03b8\u03b7\u03c4\u03bf \u03c4\u03bf\u03bc\u03ad\u03b1 \u03c4\u03bf\u03c5 \u0395\u03c1\u03b3\u03b1\u03c4\u03b9\u03ba\u03bf\u03cd \u0394\u03b9\u03ba\u03b1\u03af\u03bf\u03c5, \u03b4\u03b9\u03b1\u03b8\u03ad\u03c4\u03bf\u03c5\u03bc\u03b5 \u03b5\u03be\u03b5\u03b9\u03b4\u03b9\u03ba\u03b5\u03c5\u03bc\u03ad\u03bd\u03bf\u03c5\u03c2 \u03b4\u03b9\u03ba\u03b7\u03b3\u03cc\u03c1\u03bf\u03c5\u03c2 \u03c3\u03c4\u03bf \u03b5\u03c1\u03b3\u03b1\u03c4\u03b9\u03ba\u03cc \u03b4\u03af\u03ba\u03b1\u03b9\u03bf \u03c3\u03c4\u03b7\u03bd \u039a\u03ad\u03c1\u03ba\u03c5\u03c1\u03b1 \u03ba\u03b1\u03b9 \u03c4\u03b7\u03bd \u0389\u03c0\u03b5\u03b9\u03c1\u03bf\" \/>\n<meta name=\"robots\" content=\"index, follow, max-snippet:-1, max-image-preview:large, max-video-preview:-1\" \/>\n<link rel=\"canonical\" href=\"https:\/\/sintorislaw.gr\/de\/ergatiko-dikaio\/\" \/>\n<meta property=\"og:locale\" content=\"de_DE\" \/>\n<meta property=\"og:type\" content=\"article\" \/>\n<meta property=\"og:title\" content=\"\u0395\u03c1\u03b3\u03b1\u03c4\u03b9\u03ba\u03cc \u0394\u03af\u03ba\u03b1\u03b9\u03bf\" \/>\n<meta property=\"og:description\" content=\"\u03a3\u03c4\u03bf\u03bd \u03b9\u03b4\u03b9\u03b1\u03af\u03c4\u03b5\u03c1\u03b1 \u03b5\u03c5\u03b1\u03af\u03c3\u03b8\u03b7\u03c4\u03bf \u03c4\u03bf\u03bc\u03ad\u03b1 \u03c4\u03bf\u03c5 \u0395\u03c1\u03b3\u03b1\u03c4\u03b9\u03ba\u03bf\u03cd \u0394\u03b9\u03ba\u03b1\u03af\u03bf\u03c5, \u03b4\u03b9\u03b1\u03b8\u03ad\u03c4\u03bf\u03c5\u03bc\u03b5 \u03b5\u03be\u03b5\u03b9\u03b4\u03b9\u03ba\u03b5\u03c5\u03bc\u03ad\u03bd\u03bf\u03c5\u03c2 \u03b4\u03b9\u03ba\u03b7\u03b3\u03cc\u03c1\u03bf\u03c5\u03c2 \u03c3\u03c4\u03bf \u03b5\u03c1\u03b3\u03b1\u03c4\u03b9\u03ba\u03cc \u03b4\u03af\u03ba\u03b1\u03b9\u03bf \u03c3\u03c4\u03b7\u03bd \u039a\u03ad\u03c1\u03ba\u03c5\u03c1\u03b1 \u03ba\u03b1\u03b9 \u03c4\u03b7\u03bd \u0389\u03c0\u03b5\u03b9\u03c1\u03bf\" \/>\n<meta property=\"og:url\" content=\"https:\/\/sintorislaw.gr\/de\/ergatiko-dikaio\/\" \/>\n<meta property=\"og:site_name\" content=\"\u0394\u03b9\u03ba\u03b7\u03b3\u03cc\u03c1\u03bf\u03b9 \u0393. \u03ba\u03b1\u03b9 \u039a. \u03a3\u03b9\u03bd\u03c4\u03cc\u03c1\u03b7\u03c2 \u03ba\u03b1\u03b9 \u03a3\u03c5\u03bd\u03b5\u03c1\u03b3\u03ac\u03c4\u03b5\u03c2 - \u0397\u03b3\u03bf\u03c5\u03bc\u03b5\u03bd\u03af\u03c4\u03c3\u03b1\" \/>\n<meta property=\"article:publisher\" content=\"https:\/\/www.facebook.com\/sintorislaw\/\" \/>\n<meta property=\"article:modified_time\" content=\"2023-06-28T06:29:18+00:00\" \/>\n<meta property=\"og:image\" content=\"https:\/\/sintorislaw.gr\/wp-content\/uploads\/2023\/04\/office-bg-1.jpg\" \/>\n\t<meta property=\"og:image:width\" content=\"1600\" \/>\n\t<meta property=\"og:image:height\" content=\"1067\" \/>\n\t<meta property=\"og:image:type\" content=\"image\/jpeg\" \/>\n<meta name=\"twitter:card\" content=\"summary_large_image\" \/>\n<meta name=\"twitter:label1\" content=\"Gesch\u00e4tzte Lesezeit\" \/>\n\t<meta name=\"twitter:data1\" content=\"2\u00a0Minuten\" \/>\n<script type=\"application\/ld+json\" class=\"yoast-schema-graph\">{\"@context\":\"https:\/\/schema.org\",\"@graph\":[{\"@type\":\"WebPage\",\"@id\":\"https:\/\/sintorislaw.gr\/ergatiko-dikaio\/\",\"url\":\"https:\/\/sintorislaw.gr\/ergatiko-dikaio\/\",\"name\":\"\u0395\u03c1\u03b3\u03b1\u03c4\u03b9\u03ba\u03cc \u0394\u03af\u03ba\u03b1\u03b9\u03bf\",\"isPartOf\":{\"@id\":\"https:\/\/sintorislaw.gr\/#website\"},\"datePublished\":\"2023-06-28T06:29:16+00:00\",\"dateModified\":\"2023-06-28T06:29:18+00:00\",\"description\":\"\u03a3\u03c4\u03bf\u03bd \u03b9\u03b4\u03b9\u03b1\u03af\u03c4\u03b5\u03c1\u03b1 \u03b5\u03c5\u03b1\u03af\u03c3\u03b8\u03b7\u03c4\u03bf \u03c4\u03bf\u03bc\u03ad\u03b1 \u03c4\u03bf\u03c5 \u0395\u03c1\u03b3\u03b1\u03c4\u03b9\u03ba\u03bf\u03cd \u0394\u03b9\u03ba\u03b1\u03af\u03bf\u03c5, \u03b4\u03b9\u03b1\u03b8\u03ad\u03c4\u03bf\u03c5\u03bc\u03b5 \u03b5\u03be\u03b5\u03b9\u03b4\u03b9\u03ba\u03b5\u03c5\u03bc\u03ad\u03bd\u03bf\u03c5\u03c2 \u03b4\u03b9\u03ba\u03b7\u03b3\u03cc\u03c1\u03bf\u03c5\u03c2 \u03c3\u03c4\u03bf \u03b5\u03c1\u03b3\u03b1\u03c4\u03b9\u03ba\u03cc \u03b4\u03af\u03ba\u03b1\u03b9\u03bf \u03c3\u03c4\u03b7\u03bd \u039a\u03ad\u03c1\u03ba\u03c5\u03c1\u03b1 \u03ba\u03b1\u03b9 \u03c4\u03b7\u03bd \u0389\u03c0\u03b5\u03b9\u03c1\u03bf\",\"breadcrumb\":{\"@id\":\"https:\/\/sintorislaw.gr\/ergatiko-dikaio\/#breadcrumb\"},\"inLanguage\":\"de\",\"potentialAction\":[{\"@type\":\"ReadAction\",\"target\":[\"https:\/\/sintorislaw.gr\/ergatiko-dikaio\/\"]}]},{\"@type\":\"BreadcrumbList\",\"@id\":\"https:\/\/sintorislaw.gr\/ergatiko-dikaio\/#breadcrumb\",\"itemListElement\":[{\"@type\":\"ListItem\",\"position\":1,\"name\":\"\u0391\u03c1\u03c7\u03b9\u03ba\u03ae\",\"item\":\"https:\/\/sintorislaw.gr\/\"},{\"@type\":\"ListItem\",\"position\":2,\"name\":\"\u0395\u03c1\u03b3\u03b1\u03c4\u03b9\u03ba\u03cc \u0394\u03af\u03ba\u03b1\u03b9\u03bf\"}]},{\"@type\":\"WebSite\",\"@id\":\"https:\/\/sintorislaw.gr\/#website\",\"url\":\"https:\/\/sintorislaw.gr\/\",\"name\":\"\u0393\u03b5\u03ce\u03c1\u03b3\u03b9\u03bf\u03c2 \u03ba\u03b1\u03b9 \u039a\u03c9\u03bd\u03c3\u03c4\u03b1\u03bd\u03c4\u03af\u03bd\u03bf\u03c2 \u03a3\u03b9\u03bd\u03c4\u03cc\u03c1\u03b7\u03c2 \u03ba\u03b1\u03b9 \u03a3\u03c5\u03bd\u03b5\u03c1\u03b3\u03ac\u03c4\u03b5\u03c2 - \u0397\u03b3\u03bf\u03c5\u03bc\u03b5\u03bd\u03af\u03c4\u03c3\u03b1\",\"description\":\"\u0394\u03b9\u03ba\u03b7\u03b3\u03cc\u03c1\u03bf\u03b9 \u03bc\u03b5 \u03bc\u03b1\u03ba\u03c1\u03bf\u03c7\u03c1\u03cc\u03bd\u03b9\u03b1 \u03b5\u03bc\u03c0\u03b5\u03b9\u03c1\u03af\u03b1 \u03ba\u03b1\u03b9 \u03b5\u03c0\u03b9\u03c3\u03c4\u03b7\u03bc\u03bf\u03bd\u03b9\u03ba\u03ae \u03ba\u03b1\u03c4\u03ac\u03c1\u03c4\u03b9\u03c3\u03b7. \u039c\u03b5 \u03ad\u03b4\u03c1\u03b1 \u03c4\u03b7\u03bd \u0397\u03b3\u03bf\u03c5\u03bc\u03b5\u03bd\u03af\u03c4\u03c3\u03b1, \u03b4\u03c1\u03b1\u03c3\u03c4\u03b7\u03c1\u03b9\u03bf\u03c0\u03bf\u03b9\u03bf\u03cd\u03bc\u03b1\u03c3\u03c4\u03b5 \u03c3\u03c4\u03b1 \u0399\u03c9\u03ac\u03bd\u03bd\u03b9\u03bd\u03b1 \u03ba\u03b1\u03b9 \u03c4\u03b7\u03bd \u039a\u03ad\u03c1\u03ba\u03c5\u03c1\u03b1.\",\"publisher\":{\"@id\":\"https:\/\/sintorislaw.gr\/#organization\"},\"alternateName\":\"\u0394\u03b9\u03ba\u03b7\u03b3\u03bf\u03c1\u03b9\u03ba\u03cc \u03b3\u03c1\u03b1\u03c6\u03b5\u03af\u03bf - \u03a3\u03b9\u03bd\u03c4\u03cc\u03c1\u03b7\u03c2 \u03ba\u03b1\u03b9 \u03a3\u03c5\u03bd\u03b5\u03c1\u03b3\u03ac\u03c4\u03b5\u03c2\",\"potentialAction\":[{\"@type\":\"SearchAction\",\"target\":{\"@type\":\"EntryPoint\",\"urlTemplate\":\"https:\/\/sintorislaw.gr\/?s={search_term_string}\"},\"query-input\":{\"@type\":\"PropertyValueSpecification\",\"valueRequired\":true,\"valueName\":\"search_term_string\"}}],\"inLanguage\":\"de\"},{\"@type\":\"Organization\",\"@id\":\"https:\/\/sintorislaw.gr\/#organization\",\"name\":\"\u0393\u03b5\u03ce\u03c1\u03b3\u03b9\u03bf\u03c2 \u03ba\u03b1\u03b9 \u039a\u03c9\u03bd\u03c3\u03c4\u03b1\u03bd\u03c4\u03af\u03bd\u03bf\u03c2 \u03a3\u03b9\u03bd\u03c4\u03cc\u03c1\u03b7\u03c2 \u03ba\u03b1\u03b9 \u03a3\u03c5\u03bd\u03b5\u03c1\u03b3\u03ac\u03c4\u03b5\u03c2 - \u0397\u03b3\u03bf\u03c5\u03bc\u03b5\u03bd\u03af\u03c4\u03c3\u03b1, \u0398\u03b5\u03c3\u03c0\u03c1\u03c9\u03c4\u03af\u03b1\",\"url\":\"https:\/\/sintorislaw.gr\/\",\"logo\":{\"@type\":\"ImageObject\",\"inLanguage\":\"de\",\"@id\":\"https:\/\/sintorislaw.gr\/#\/schema\/logo\/image\/\",\"url\":\"https:\/\/sintorislaw.gr\/wp-content\/uploads\/2023\/04\/cropped-favicon-sintorislaw.jpg\",\"contentUrl\":\"https:\/\/sintorislaw.gr\/wp-content\/uploads\/2023\/04\/cropped-favicon-sintorislaw.jpg\",\"width\":512,\"height\":512,\"caption\":\"\u0393\u03b5\u03ce\u03c1\u03b3\u03b9\u03bf\u03c2 \u03ba\u03b1\u03b9 \u039a\u03c9\u03bd\u03c3\u03c4\u03b1\u03bd\u03c4\u03af\u03bd\u03bf\u03c2 \u03a3\u03b9\u03bd\u03c4\u03cc\u03c1\u03b7\u03c2 \u03ba\u03b1\u03b9 \u03a3\u03c5\u03bd\u03b5\u03c1\u03b3\u03ac\u03c4\u03b5\u03c2 - \u0397\u03b3\u03bf\u03c5\u03bc\u03b5\u03bd\u03af\u03c4\u03c3\u03b1, \u0398\u03b5\u03c3\u03c0\u03c1\u03c9\u03c4\u03af\u03b1\"},\"image\":{\"@id\":\"https:\/\/sintorislaw.gr\/#\/schema\/logo\/image\/\"},\"sameAs\":[\"https:\/\/www.facebook.com\/sintorislaw\/\"]}]}<\/script>\n<!-- \/ Yoast SEO plugin. -->","yoast_head_json":{"title":"Arbeitsrecht","description":"In dem besonders sensiblen Bereich des Arbeitsrechts verf\u00fcgen wir \u00fcber spezialisierte Anw\u00e4lte f\u00fcr Arbeitsrecht in Korfu und Epirus","robots":{"index":"index","follow":"follow","max-snippet":"max-snippet:-1","max-image-preview":"max-image-preview:large","max-video-preview":"max-video-preview:-1"},"canonical":"https:\/\/sintorislaw.gr\/de\/ergatiko-dikaio\/","og_locale":"de_DE","og_type":"article","og_title":"\u0395\u03c1\u03b3\u03b1\u03c4\u03b9\u03ba\u03cc \u0394\u03af\u03ba\u03b1\u03b9\u03bf","og_description":"\u03a3\u03c4\u03bf\u03bd \u03b9\u03b4\u03b9\u03b1\u03af\u03c4\u03b5\u03c1\u03b1 \u03b5\u03c5\u03b1\u03af\u03c3\u03b8\u03b7\u03c4\u03bf \u03c4\u03bf\u03bc\u03ad\u03b1 \u03c4\u03bf\u03c5 \u0395\u03c1\u03b3\u03b1\u03c4\u03b9\u03ba\u03bf\u03cd \u0394\u03b9\u03ba\u03b1\u03af\u03bf\u03c5, \u03b4\u03b9\u03b1\u03b8\u03ad\u03c4\u03bf\u03c5\u03bc\u03b5 \u03b5\u03be\u03b5\u03b9\u03b4\u03b9\u03ba\u03b5\u03c5\u03bc\u03ad\u03bd\u03bf\u03c5\u03c2 \u03b4\u03b9\u03ba\u03b7\u03b3\u03cc\u03c1\u03bf\u03c5\u03c2 \u03c3\u03c4\u03bf \u03b5\u03c1\u03b3\u03b1\u03c4\u03b9\u03ba\u03cc \u03b4\u03af\u03ba\u03b1\u03b9\u03bf \u03c3\u03c4\u03b7\u03bd \u039a\u03ad\u03c1\u03ba\u03c5\u03c1\u03b1 \u03ba\u03b1\u03b9 \u03c4\u03b7\u03bd \u0389\u03c0\u03b5\u03b9\u03c1\u03bf","og_url":"https:\/\/sintorislaw.gr\/de\/ergatiko-dikaio\/","og_site_name":"\u0394\u03b9\u03ba\u03b7\u03b3\u03cc\u03c1\u03bf\u03b9 \u0393. \u03ba\u03b1\u03b9 \u039a. \u03a3\u03b9\u03bd\u03c4\u03cc\u03c1\u03b7\u03c2 \u03ba\u03b1\u03b9 \u03a3\u03c5\u03bd\u03b5\u03c1\u03b3\u03ac\u03c4\u03b5\u03c2 - \u0397\u03b3\u03bf\u03c5\u03bc\u03b5\u03bd\u03af\u03c4\u03c3\u03b1","article_publisher":"https:\/\/www.facebook.com\/sintorislaw\/","article_modified_time":"2023-06-28T06:29:18+00:00","og_image":[{"width":1600,"height":1067,"url":"https:\/\/sintorislaw.gr\/wp-content\/uploads\/2023\/04\/office-bg-1.jpg","type":"image\/jpeg"}],"twitter_card":"summary_large_image","twitter_misc":{"Gesch\u00e4tzte Lesezeit":"2\u00a0Minuten"},"schema":{"@context":"https:\/\/schema.org","@graph":[{"@type":"WebPage","@id":"https:\/\/sintorislaw.gr\/ergatiko-dikaio\/","url":"https:\/\/sintorislaw.gr\/ergatiko-dikaio\/","name":"Arbeitsrecht","isPartOf":{"@id":"https:\/\/sintorislaw.gr\/#website"},"datePublished":"2023-06-28T06:29:16+00:00","dateModified":"2023-06-28T06:29:18+00:00","description":"In dem besonders sensiblen Bereich des Arbeitsrechts verf\u00fcgen wir \u00fcber spezialisierte Anw\u00e4lte f\u00fcr Arbeitsrecht in Korfu und Epirus","breadcrumb":{"@id":"https:\/\/sintorislaw.gr\/ergatiko-dikaio\/#breadcrumb"},"inLanguage":"de","potentialAction":[{"@type":"ReadAction","target":["https:\/\/sintorislaw.gr\/ergatiko-dikaio\/"]}]},{"@type":"BreadcrumbList","@id":"https:\/\/sintorislaw.gr\/ergatiko-dikaio\/#breadcrumb","itemListElement":[{"@type":"ListItem","position":1,"name":"\u0391\u03c1\u03c7\u03b9\u03ba\u03ae","item":"https:\/\/sintorislaw.gr\/"},{"@type":"ListItem","position":2,"name":"\u0395\u03c1\u03b3\u03b1\u03c4\u03b9\u03ba\u03cc \u0394\u03af\u03ba\u03b1\u03b9\u03bf"}]},{"@type":"WebSite","@id":"https:\/\/sintorislaw.gr\/#website","url":"https:\/\/sintorislaw.gr\/","name":"Georgios und Konstantinos Sidoris und Partner - Igoumenitsa","description":"Anw\u00e4lte mit langj\u00e4hriger Erfahrung und wissenschaftlicher Ausbildung. Wir haben unseren Sitz in Igoumenitsa und sind in Ioannina und Korfu t\u00e4tig.","publisher":{"@id":"https:\/\/sintorislaw.gr\/#organization"},"alternateName":"\u0394\u03b9\u03ba\u03b7\u03b3\u03bf\u03c1\u03b9\u03ba\u03cc \u03b3\u03c1\u03b1\u03c6\u03b5\u03af\u03bf - \u03a3\u03b9\u03bd\u03c4\u03cc\u03c1\u03b7\u03c2 \u03ba\u03b1\u03b9 \u03a3\u03c5\u03bd\u03b5\u03c1\u03b3\u03ac\u03c4\u03b5\u03c2","potentialAction":[{"@type":"SearchAction","target":{"@type":"EntryPoint","urlTemplate":"https:\/\/sintorislaw.gr\/?s={search_term_string}"},"query-input":{"@type":"PropertyValueSpecification","valueRequired":true,"valueName":"search_term_string"}}],"inLanguage":"de"},{"@type":"Organization","@id":"https:\/\/sintorislaw.gr\/#organization","name":"Georgios und Konstantinos Sidoris und Partner - Igoumenitsa, Thesprotia","url":"https:\/\/sintorislaw.gr\/","logo":{"@type":"ImageObject","inLanguage":"de","@id":"https:\/\/sintorislaw.gr\/#\/schema\/logo\/image\/","url":"https:\/\/sintorislaw.gr\/wp-content\/uploads\/2023\/04\/cropped-favicon-sintorislaw.jpg","contentUrl":"https:\/\/sintorislaw.gr\/wp-content\/uploads\/2023\/04\/cropped-favicon-sintorislaw.jpg","width":512,"height":512,"caption":"\u0393\u03b5\u03ce\u03c1\u03b3\u03b9\u03bf\u03c2 \u03ba\u03b1\u03b9 \u039a\u03c9\u03bd\u03c3\u03c4\u03b1\u03bd\u03c4\u03af\u03bd\u03bf\u03c2 \u03a3\u03b9\u03bd\u03c4\u03cc\u03c1\u03b7\u03c2 \u03ba\u03b1\u03b9 \u03a3\u03c5\u03bd\u03b5\u03c1\u03b3\u03ac\u03c4\u03b5\u03c2 - \u0397\u03b3\u03bf\u03c5\u03bc\u03b5\u03bd\u03af\u03c4\u03c3\u03b1, \u0398\u03b5\u03c3\u03c0\u03c1\u03c9\u03c4\u03af\u03b1"},"image":{"@id":"https:\/\/sintorislaw.gr\/#\/schema\/logo\/image\/"},"sameAs":["https:\/\/www.facebook.com\/sintorislaw\/"]}]}},"_links":{"self":[{"href":"https:\/\/sintorislaw.gr\/de\/wp-json\/wp\/v2\/pages\/2089","targetHints":{"allow":["GET"]}}],"collection":[{"href":"https:\/\/sintorislaw.gr\/de\/wp-json\/wp\/v2\/pages"}],"about":[{"href":"https:\/\/sintorislaw.gr\/de\/wp-json\/wp\/v2\/types\/page"}],"author":[{"embeddable":true,"href":"https:\/\/sintorislaw.gr\/de\/wp-json\/wp\/v2\/users\/1"}],"replies":[{"embeddable":true,"href":"https:\/\/sintorislaw.gr\/de\/wp-json\/wp\/v2\/comments?post=2089"}],"version-history":[{"count":0,"href":"https:\/\/sintorislaw.gr\/de\/wp-json\/wp\/v2\/pages\/2089\/revisions"}],"wp:attachment":[{"href":"https:\/\/sintorislaw.gr\/de\/wp-json\/wp\/v2\/media?parent=2089"}],"curies":[{"name":"wp","href":"https:\/\/api.w.org\/{rel}","templated":true}]}}