{"id":2084,"date":"2023-06-28T09:21:58","date_gmt":"2023-06-28T06:21:58","guid":{"rendered":"https:\/\/sintorislaw.gr\/?page_id=2084"},"modified":"2023-06-28T09:21:59","modified_gmt":"2023-06-28T06:21:59","slug":"astiko-dikaio","status":"publish","type":"page","link":"https:\/\/sintorislaw.gr\/de\/astiko-dikaio\/","title":{"rendered":"Zivilrecht"},"content":{"rendered":"<p>Rechtsdienstleistungen im Bereich des griechischen Zivilrechts werden von der spezialisierten Anwaltskanzlei \"<strong>G&amp;K Sidoris und Partner<\/strong>\", die in Igoumenitsa ans\u00e4ssig und in der Region Ioannina t\u00e4tig ist, bietet Beratung, rechtliche Vertretung und Unterst\u00fctzung bei der Bew\u00e4ltigung komplexer zivilrechtlicher F\u00e4lle.<\/p>\n\n\n\n<p>Das griechische Zivilgesetzbuch ist in f\u00fcnf Teile gegliedert, von denen sich jeder mit bestimmten Aspekten des Zivilrechts befasst:<\/p>\n\n\n\n<p><strong>Allgemeine Grunds\u00e4tze<\/strong>Dieser Teil beschreibt die grundlegenden Prinzipien und Definitionen, die f\u00fcr alle Bereiche des Zivilrechts gelten. Er umfasst Begriffe wie Rechtspers\u00f6nlichkeit, Gesch\u00e4ftsf\u00e4higkeit, Vertretung und Rechtsgesch\u00e4fte.<\/p>\n\n\n\n<p><strong>Deliktsrecht<\/strong>Dieser Teil regelt die vertraglichen und au\u00dfervertraglichen Schuldverh\u00e4ltnisse. Er definiert die Elemente eines g\u00fcltigen Vertrags, die Rechte und Pflichten der beteiligten Parteien und die Folgen der Nichterf\u00fcllung oder des Vertragsbruchs. Er befasst sich auch mit der Haftung aus unerlaubter Handlung und dem Ersatz von Sch\u00e4den, die durch rechtswidrige Handlungen entstanden sind.<\/p>\n\n\n\n<p>Im Bereich des Deliktsrechts \u00fcbernehmen wir F\u00e4lle f\u00fcr:<\/p>\n\n\n\n<ul class=\"wp-block-list\">\n<li>Mietvertr\u00e4ge f\u00fcr Wohn- und Gesch\u00e4ftsr\u00e4ume<\/li>\n\n\n\n<li>Rechtsstreitigkeiten oder&nbsp;<strong>Auftr\u00e4ge zur Durchf\u00fchrung der Mietnutzung<\/strong><\/li>\n\n\n\n<li>Klagen wegen deliktischer Haftung&nbsp;<\/li>\n<\/ul>\n\n\n\n<p><strong>Materielles Recht<\/strong>Eigentumsrecht: Das Eigentumsrecht regelt die Rechte und Pflichten im Zusammenhang mit dem Eigentum, dem Besitz und der Nutzung von Eigentum. Es umfasst Bestimmungen \u00fcber unbewegliches und bewegliches Verm\u00f6gen, geistiges Eigentum und verschiedene Arten von dinglichen Rechten, wie z. B. Dienstbarkeiten und Hypotheken.<\/p>\n\n\n\n<p>Im Bereich des Immobilienrechts \u00fcbernehmen wir F\u00e4lle f\u00fcr:<\/p>\n\n\n\n<ul class=\"wp-block-list\">\n<li><strong>Kaufen und verkaufen<\/strong>&nbsp;Immobilien und Titelkontrolle<\/li>\n\n\n\n<li>Anlageberatung<\/li>\n\n\n\n<li>Durchsetzungsf\u00e4hige Ma\u00dfnahmen<\/li>\n\n\n\n<li>Antr\u00e4ge auf Berichtigung von Grundbucheintragungen<\/li>\n\n\n\n<li>Vertriebsprozesse<\/li>\n<\/ul>\n\n\n\n<p><strong>Familienrecht<\/strong>Familienrecht: Das Familienrecht befasst sich mit Fragen im Zusammenhang mit Ehe, Scheidung, elterlichen Rechten und Pflichten, Adoption und Sorgerecht f\u00fcr Kinder. Es regelt die rechtlichen Aspekte der famili\u00e4ren Beziehungen und stellt sicher, dass die Rechte und Interessen von Ehegatten, Eltern und Kindern gesch\u00fctzt werden.<\/p>\n\n\n\n<p>Im Bereich des Familienrechts \u00fcbernehmen wir unter anderem folgende F\u00e4lle:<\/p>\n\n\n\n<ul class=\"wp-block-list\">\n<li>Scheidungsklagen&nbsp;<\/li>\n\n\n\n<li>Sorgerechts- und Unterhaltsklagen sowie einstweilige Verf\u00fcgungen<\/li>\n\n\n\n<li>Klagen auf Anerkennung oder Verletzung der Vaterschaft<\/li>\n\n\n\n<li>Adoptionsantr\u00e4ge<\/li>\n<\/ul>\n\n\n\n<p><strong>Erbschaftsrecht<\/strong>Dieser Teil des Zivilrechts regelt den \u00dcbergang von Eigentum und Immobilien nach dem Tod einer Person. Es umfasst Themen wie Testamente, Erbfolge, Rechte und Pflichten der Erben sowie die Verwaltung und Verteilung des Verm\u00f6gens des Verstorbenen.<\/p>\n\n\n\n<p>Im Erbrecht \u00fcbernehmen wir beispielsweise F\u00e4lle f\u00fcr:<\/p>\n\n\n\n<ul class=\"wp-block-list\">\n<li>Beratung in testamentarischen Angelegenheiten<\/li>\n\n\n\n<li>Besondere Fragen der Nachfolge&nbsp;<\/li>\n\n\n\n<li>Klagen auf Anfechtung von Testamenten<\/li>\n<\/ul>\n\n\n\n<p>Das griechische Zivilrecht umfasst auch die Grunds\u00e4tze des Rechts der Europ\u00e4ischen Union und internationaler Vertr\u00e4ge, denen Griechenland beigetreten ist. Es wird von den Gerichten und Juristen des Landes interpretiert und angewandt.<\/p>\n\n\n\n<p>Unsere spezialisierte Anwaltskanzlei bietet alle diese juristischen Dienstleistungen im Bereich des griechischen Zivilrechts an, indem sie Beratung, rechtliche Vertretung und Unterst\u00fctzung bei der Bew\u00e4ltigung komplexer zivilrechtlicher F\u00e4lle in der Pr\u00e4fektur Epirus und Korfu anbietet.&nbsp;<a href=\"https:\/\/sintorislaw.gr\/de\/epikoinwnia\/\">Kontakt<\/a>heute f\u00fcr Ihren Fall.<\/p>","protected":false},"excerpt":{"rendered":"<p>Die juristischen Dienstleistungen im Bereich des griechischen Zivilrechts werden von ... <\/p>","protected":false},"author":1,"featured_media":0,"parent":0,"menu_order":0,"comment_status":"closed","ping_status":"closed","template":"","meta":{"footnotes":""},"class_list":["post-2084","page","type-page","status-publish","hentry"],"yoast_head":"<!-- This site is optimized with the Yoast SEO plugin v26.7 - https:\/\/yoast.com\/wordpress\/plugins\/seo\/ -->\n<title>\u0391\u03c3\u03c4\u03b9\u03ba\u03cc \u0394\u03af\u03ba\u03b1\u03b9\u03bf - \u039a\u03bb\u03b7\u03c1\u03bf\u03bd\u03bf\u03bc\u03b9\u03ba\u03cc, \u039f\u03b9\u03ba\u03bf\u03b3\u03b5\u03bd\u03b5\u03b9\u03b1\u03ba\u03cc \u03b4\u03af\u03ba\u03b1\u03b9\u03bf - \u0389\u03c0\u03b5\u03b9\u03c1\u03bf\u03c2 - \u039a\u03ad\u03c1\u03ba\u03c5\u03c1\u03b1<\/title>\n<meta name=\"description\" content=\"\u03a0\u03b1\u03c1\u03ad\u03c7\u03bf\u03c5\u03bc\u03b5 \u03bd\u03bf\u03bc\u03b9\u03ba\u03ad\u03c2 \u03c5\u03c0\u03b7\u03c1\u03b5\u03c3\u03af\u03b5\u03c2 \u03c3\u03c4\u03bf\u03bd \u03c4\u03bf\u03bc\u03ad\u03b1 \u03c4\u03bf\u03c5 \u03b5\u03bb\u03bb\u03b7\u03bd\u03b9\u03ba\u03bf\u03cd \u03b1\u03c3\u03c4\u03b9\u03ba\u03bf\u03cd \u03b4\u03b9\u03ba\u03b1\u03af\u03bf\u03c5, \u03bc\u03b5 \u03c3\u03c5\u03bc\u03b2\u03bf\u03c5\u03bb\u03ad\u03c2, \u03bd\u03bf\u03bc\u03b9\u03ba\u03ae \u03b5\u03ba\u03c0\u03c1\u03bf\u03c3\u03ce\u03c0\u03b7\u03c3\u03b7 \u03c3\u03b5 \u0389\u03c0\u03b5\u03b9\u03c1\u03bf, \u0398\u03b5\u03c3\u03c0\u03c1\u03c9\u03c4\u03af\u03b1 \u03ba\u03b1\u03b9 \u03c3\u03c4\u03b7\u03bd \u039a\u03ad\u03c1\u03ba\u03c5\u03c1\u03b1\" \/>\n<meta name=\"robots\" content=\"index, follow, max-snippet:-1, max-image-preview:large, max-video-preview:-1\" \/>\n<link rel=\"canonical\" href=\"https:\/\/sintorislaw.gr\/de\/astiko-dikaio\/\" \/>\n<meta property=\"og:locale\" content=\"de_DE\" \/>\n<meta property=\"og:type\" content=\"article\" \/>\n<meta property=\"og:title\" content=\"\u0391\u03c3\u03c4\u03b9\u03ba\u03cc \u0394\u03af\u03ba\u03b1\u03b9\u03bf - \u039a\u03bb\u03b7\u03c1\u03bf\u03bd\u03bf\u03bc\u03b9\u03ba\u03cc, \u039f\u03b9\u03ba\u03bf\u03b3\u03b5\u03bd\u03b5\u03b9\u03b1\u03ba\u03cc \u03b4\u03af\u03ba\u03b1\u03b9\u03bf - \u0389\u03c0\u03b5\u03b9\u03c1\u03bf\u03c2 - \u039a\u03ad\u03c1\u03ba\u03c5\u03c1\u03b1\" \/>\n<meta property=\"og:description\" content=\"\u03a0\u03b1\u03c1\u03ad\u03c7\u03bf\u03c5\u03bc\u03b5 \u03bd\u03bf\u03bc\u03b9\u03ba\u03ad\u03c2 \u03c5\u03c0\u03b7\u03c1\u03b5\u03c3\u03af\u03b5\u03c2 \u03c3\u03c4\u03bf\u03bd \u03c4\u03bf\u03bc\u03ad\u03b1 \u03c4\u03bf\u03c5 \u03b5\u03bb\u03bb\u03b7\u03bd\u03b9\u03ba\u03bf\u03cd \u03b1\u03c3\u03c4\u03b9\u03ba\u03bf\u03cd \u03b4\u03b9\u03ba\u03b1\u03af\u03bf\u03c5, \u03bc\u03b5 \u03c3\u03c5\u03bc\u03b2\u03bf\u03c5\u03bb\u03ad\u03c2, \u03bd\u03bf\u03bc\u03b9\u03ba\u03ae \u03b5\u03ba\u03c0\u03c1\u03bf\u03c3\u03ce\u03c0\u03b7\u03c3\u03b7 \u03c3\u03b5 \u0389\u03c0\u03b5\u03b9\u03c1\u03bf, \u0398\u03b5\u03c3\u03c0\u03c1\u03c9\u03c4\u03af\u03b1 \u03ba\u03b1\u03b9 \u03c3\u03c4\u03b7\u03bd \u039a\u03ad\u03c1\u03ba\u03c5\u03c1\u03b1\" \/>\n<meta property=\"og:url\" content=\"https:\/\/sintorislaw.gr\/de\/astiko-dikaio\/\" \/>\n<meta property=\"og:site_name\" content=\"\u0394\u03b9\u03ba\u03b7\u03b3\u03cc\u03c1\u03bf\u03b9 \u0393. \u03ba\u03b1\u03b9 \u039a. \u03a3\u03b9\u03bd\u03c4\u03cc\u03c1\u03b7\u03c2 \u03ba\u03b1\u03b9 \u03a3\u03c5\u03bd\u03b5\u03c1\u03b3\u03ac\u03c4\u03b5\u03c2 - \u0397\u03b3\u03bf\u03c5\u03bc\u03b5\u03bd\u03af\u03c4\u03c3\u03b1\" \/>\n<meta property=\"article:publisher\" content=\"https:\/\/www.facebook.com\/sintorislaw\/\" \/>\n<meta property=\"article:modified_time\" content=\"2023-06-28T06:21:59+00:00\" \/>\n<meta property=\"og:image\" content=\"https:\/\/sintorislaw.gr\/wp-content\/uploads\/2023\/04\/office-bg-1.jpg\" \/>\n\t<meta property=\"og:image:width\" content=\"1600\" \/>\n\t<meta property=\"og:image:height\" content=\"1067\" \/>\n\t<meta property=\"og:image:type\" content=\"image\/jpeg\" \/>\n<meta name=\"twitter:card\" content=\"summary_large_image\" \/>\n<meta name=\"twitter:label1\" content=\"Gesch\u00e4tzte Lesezeit\" \/>\n\t<meta name=\"twitter:data1\" content=\"3\u00a0Minuten\" \/>\n<script type=\"application\/ld+json\" class=\"yoast-schema-graph\">{\"@context\":\"https:\/\/schema.org\",\"@graph\":[{\"@type\":\"WebPage\",\"@id\":\"https:\/\/sintorislaw.gr\/astiko-dikaio\/\",\"url\":\"https:\/\/sintorislaw.gr\/astiko-dikaio\/\",\"name\":\"\u0391\u03c3\u03c4\u03b9\u03ba\u03cc \u0394\u03af\u03ba\u03b1\u03b9\u03bf - \u039a\u03bb\u03b7\u03c1\u03bf\u03bd\u03bf\u03bc\u03b9\u03ba\u03cc, \u039f\u03b9\u03ba\u03bf\u03b3\u03b5\u03bd\u03b5\u03b9\u03b1\u03ba\u03cc \u03b4\u03af\u03ba\u03b1\u03b9\u03bf - \u0389\u03c0\u03b5\u03b9\u03c1\u03bf\u03c2 - \u039a\u03ad\u03c1\u03ba\u03c5\u03c1\u03b1\",\"isPartOf\":{\"@id\":\"https:\/\/sintorislaw.gr\/#website\"},\"datePublished\":\"2023-06-28T06:21:58+00:00\",\"dateModified\":\"2023-06-28T06:21:59+00:00\",\"description\":\"\u03a0\u03b1\u03c1\u03ad\u03c7\u03bf\u03c5\u03bc\u03b5 \u03bd\u03bf\u03bc\u03b9\u03ba\u03ad\u03c2 \u03c5\u03c0\u03b7\u03c1\u03b5\u03c3\u03af\u03b5\u03c2 \u03c3\u03c4\u03bf\u03bd \u03c4\u03bf\u03bc\u03ad\u03b1 \u03c4\u03bf\u03c5 \u03b5\u03bb\u03bb\u03b7\u03bd\u03b9\u03ba\u03bf\u03cd \u03b1\u03c3\u03c4\u03b9\u03ba\u03bf\u03cd \u03b4\u03b9\u03ba\u03b1\u03af\u03bf\u03c5, \u03bc\u03b5 \u03c3\u03c5\u03bc\u03b2\u03bf\u03c5\u03bb\u03ad\u03c2, \u03bd\u03bf\u03bc\u03b9\u03ba\u03ae \u03b5\u03ba\u03c0\u03c1\u03bf\u03c3\u03ce\u03c0\u03b7\u03c3\u03b7 \u03c3\u03b5 \u0389\u03c0\u03b5\u03b9\u03c1\u03bf, \u0398\u03b5\u03c3\u03c0\u03c1\u03c9\u03c4\u03af\u03b1 \u03ba\u03b1\u03b9 \u03c3\u03c4\u03b7\u03bd \u039a\u03ad\u03c1\u03ba\u03c5\u03c1\u03b1\",\"breadcrumb\":{\"@id\":\"https:\/\/sintorislaw.gr\/astiko-dikaio\/#breadcrumb\"},\"inLanguage\":\"de\",\"potentialAction\":[{\"@type\":\"ReadAction\",\"target\":[\"https:\/\/sintorislaw.gr\/astiko-dikaio\/\"]}]},{\"@type\":\"BreadcrumbList\",\"@id\":\"https:\/\/sintorislaw.gr\/astiko-dikaio\/#breadcrumb\",\"itemListElement\":[{\"@type\":\"ListItem\",\"position\":1,\"name\":\"\u0391\u03c1\u03c7\u03b9\u03ba\u03ae\",\"item\":\"https:\/\/sintorislaw.gr\/\"},{\"@type\":\"ListItem\",\"position\":2,\"name\":\"\u0391\u03c3\u03c4\u03b9\u03ba\u03cc \u0394\u03af\u03ba\u03b1\u03b9\u03bf\"}]},{\"@type\":\"WebSite\",\"@id\":\"https:\/\/sintorislaw.gr\/#website\",\"url\":\"https:\/\/sintorislaw.gr\/\",\"name\":\"\u0393\u03b5\u03ce\u03c1\u03b3\u03b9\u03bf\u03c2 \u03ba\u03b1\u03b9 \u039a\u03c9\u03bd\u03c3\u03c4\u03b1\u03bd\u03c4\u03af\u03bd\u03bf\u03c2 \u03a3\u03b9\u03bd\u03c4\u03cc\u03c1\u03b7\u03c2 \u03ba\u03b1\u03b9 \u03a3\u03c5\u03bd\u03b5\u03c1\u03b3\u03ac\u03c4\u03b5\u03c2 - \u0397\u03b3\u03bf\u03c5\u03bc\u03b5\u03bd\u03af\u03c4\u03c3\u03b1\",\"description\":\"\u0394\u03b9\u03ba\u03b7\u03b3\u03cc\u03c1\u03bf\u03b9 \u03bc\u03b5 \u03bc\u03b1\u03ba\u03c1\u03bf\u03c7\u03c1\u03cc\u03bd\u03b9\u03b1 \u03b5\u03bc\u03c0\u03b5\u03b9\u03c1\u03af\u03b1 \u03ba\u03b1\u03b9 \u03b5\u03c0\u03b9\u03c3\u03c4\u03b7\u03bc\u03bf\u03bd\u03b9\u03ba\u03ae \u03ba\u03b1\u03c4\u03ac\u03c1\u03c4\u03b9\u03c3\u03b7. \u039c\u03b5 \u03ad\u03b4\u03c1\u03b1 \u03c4\u03b7\u03bd \u0397\u03b3\u03bf\u03c5\u03bc\u03b5\u03bd\u03af\u03c4\u03c3\u03b1, \u03b4\u03c1\u03b1\u03c3\u03c4\u03b7\u03c1\u03b9\u03bf\u03c0\u03bf\u03b9\u03bf\u03cd\u03bc\u03b1\u03c3\u03c4\u03b5 \u03c3\u03c4\u03b1 \u0399\u03c9\u03ac\u03bd\u03bd\u03b9\u03bd\u03b1 \u03ba\u03b1\u03b9 \u03c4\u03b7\u03bd \u039a\u03ad\u03c1\u03ba\u03c5\u03c1\u03b1.\",\"publisher\":{\"@id\":\"https:\/\/sintorislaw.gr\/#organization\"},\"alternateName\":\"\u0394\u03b9\u03ba\u03b7\u03b3\u03bf\u03c1\u03b9\u03ba\u03cc \u03b3\u03c1\u03b1\u03c6\u03b5\u03af\u03bf - \u03a3\u03b9\u03bd\u03c4\u03cc\u03c1\u03b7\u03c2 \u03ba\u03b1\u03b9 \u03a3\u03c5\u03bd\u03b5\u03c1\u03b3\u03ac\u03c4\u03b5\u03c2\",\"potentialAction\":[{\"@type\":\"SearchAction\",\"target\":{\"@type\":\"EntryPoint\",\"urlTemplate\":\"https:\/\/sintorislaw.gr\/?s={search_term_string}\"},\"query-input\":{\"@type\":\"PropertyValueSpecification\",\"valueRequired\":true,\"valueName\":\"search_term_string\"}}],\"inLanguage\":\"de\"},{\"@type\":\"Organization\",\"@id\":\"https:\/\/sintorislaw.gr\/#organization\",\"name\":\"\u0393\u03b5\u03ce\u03c1\u03b3\u03b9\u03bf\u03c2 \u03ba\u03b1\u03b9 \u039a\u03c9\u03bd\u03c3\u03c4\u03b1\u03bd\u03c4\u03af\u03bd\u03bf\u03c2 \u03a3\u03b9\u03bd\u03c4\u03cc\u03c1\u03b7\u03c2 \u03ba\u03b1\u03b9 \u03a3\u03c5\u03bd\u03b5\u03c1\u03b3\u03ac\u03c4\u03b5\u03c2 - \u0397\u03b3\u03bf\u03c5\u03bc\u03b5\u03bd\u03af\u03c4\u03c3\u03b1, \u0398\u03b5\u03c3\u03c0\u03c1\u03c9\u03c4\u03af\u03b1\",\"url\":\"https:\/\/sintorislaw.gr\/\",\"logo\":{\"@type\":\"ImageObject\",\"inLanguage\":\"de\",\"@id\":\"https:\/\/sintorislaw.gr\/#\/schema\/logo\/image\/\",\"url\":\"https:\/\/sintorislaw.gr\/wp-content\/uploads\/2023\/04\/cropped-favicon-sintorislaw.jpg\",\"contentUrl\":\"https:\/\/sintorislaw.gr\/wp-content\/uploads\/2023\/04\/cropped-favicon-sintorislaw.jpg\",\"width\":512,\"height\":512,\"caption\":\"\u0393\u03b5\u03ce\u03c1\u03b3\u03b9\u03bf\u03c2 \u03ba\u03b1\u03b9 \u039a\u03c9\u03bd\u03c3\u03c4\u03b1\u03bd\u03c4\u03af\u03bd\u03bf\u03c2 \u03a3\u03b9\u03bd\u03c4\u03cc\u03c1\u03b7\u03c2 \u03ba\u03b1\u03b9 \u03a3\u03c5\u03bd\u03b5\u03c1\u03b3\u03ac\u03c4\u03b5\u03c2 - \u0397\u03b3\u03bf\u03c5\u03bc\u03b5\u03bd\u03af\u03c4\u03c3\u03b1, \u0398\u03b5\u03c3\u03c0\u03c1\u03c9\u03c4\u03af\u03b1\"},\"image\":{\"@id\":\"https:\/\/sintorislaw.gr\/#\/schema\/logo\/image\/\"},\"sameAs\":[\"https:\/\/www.facebook.com\/sintorislaw\/\"]}]}<\/script>\n<!-- \/ Yoast SEO plugin. -->","yoast_head_json":{"title":"Zivilrecht - Erbrecht, Familienrecht - Epirus - Korfu","description":"Wir bieten juristische Dienstleistungen im Bereich des griechischen Zivilrechts, mit Beratung, rechtliche Vertretung in Epirus, Thesprotia und Korfu.","robots":{"index":"index","follow":"follow","max-snippet":"max-snippet:-1","max-image-preview":"max-image-preview:large","max-video-preview":"max-video-preview:-1"},"canonical":"https:\/\/sintorislaw.gr\/de\/astiko-dikaio\/","og_locale":"de_DE","og_type":"article","og_title":"\u0391\u03c3\u03c4\u03b9\u03ba\u03cc \u0394\u03af\u03ba\u03b1\u03b9\u03bf - \u039a\u03bb\u03b7\u03c1\u03bf\u03bd\u03bf\u03bc\u03b9\u03ba\u03cc, \u039f\u03b9\u03ba\u03bf\u03b3\u03b5\u03bd\u03b5\u03b9\u03b1\u03ba\u03cc \u03b4\u03af\u03ba\u03b1\u03b9\u03bf - \u0389\u03c0\u03b5\u03b9\u03c1\u03bf\u03c2 - \u039a\u03ad\u03c1\u03ba\u03c5\u03c1\u03b1","og_description":"\u03a0\u03b1\u03c1\u03ad\u03c7\u03bf\u03c5\u03bc\u03b5 \u03bd\u03bf\u03bc\u03b9\u03ba\u03ad\u03c2 \u03c5\u03c0\u03b7\u03c1\u03b5\u03c3\u03af\u03b5\u03c2 \u03c3\u03c4\u03bf\u03bd \u03c4\u03bf\u03bc\u03ad\u03b1 \u03c4\u03bf\u03c5 \u03b5\u03bb\u03bb\u03b7\u03bd\u03b9\u03ba\u03bf\u03cd \u03b1\u03c3\u03c4\u03b9\u03ba\u03bf\u03cd \u03b4\u03b9\u03ba\u03b1\u03af\u03bf\u03c5, \u03bc\u03b5 \u03c3\u03c5\u03bc\u03b2\u03bf\u03c5\u03bb\u03ad\u03c2, \u03bd\u03bf\u03bc\u03b9\u03ba\u03ae \u03b5\u03ba\u03c0\u03c1\u03bf\u03c3\u03ce\u03c0\u03b7\u03c3\u03b7 \u03c3\u03b5 \u0389\u03c0\u03b5\u03b9\u03c1\u03bf, \u0398\u03b5\u03c3\u03c0\u03c1\u03c9\u03c4\u03af\u03b1 \u03ba\u03b1\u03b9 \u03c3\u03c4\u03b7\u03bd \u039a\u03ad\u03c1\u03ba\u03c5\u03c1\u03b1","og_url":"https:\/\/sintorislaw.gr\/de\/astiko-dikaio\/","og_site_name":"\u0394\u03b9\u03ba\u03b7\u03b3\u03cc\u03c1\u03bf\u03b9 \u0393. \u03ba\u03b1\u03b9 \u039a. \u03a3\u03b9\u03bd\u03c4\u03cc\u03c1\u03b7\u03c2 \u03ba\u03b1\u03b9 \u03a3\u03c5\u03bd\u03b5\u03c1\u03b3\u03ac\u03c4\u03b5\u03c2 - \u0397\u03b3\u03bf\u03c5\u03bc\u03b5\u03bd\u03af\u03c4\u03c3\u03b1","article_publisher":"https:\/\/www.facebook.com\/sintorislaw\/","article_modified_time":"2023-06-28T06:21:59+00:00","og_image":[{"width":1600,"height":1067,"url":"https:\/\/sintorislaw.gr\/wp-content\/uploads\/2023\/04\/office-bg-1.jpg","type":"image\/jpeg"}],"twitter_card":"summary_large_image","twitter_misc":{"Gesch\u00e4tzte Lesezeit":"3\u00a0Minuten"},"schema":{"@context":"https:\/\/schema.org","@graph":[{"@type":"WebPage","@id":"https:\/\/sintorislaw.gr\/astiko-dikaio\/","url":"https:\/\/sintorislaw.gr\/astiko-dikaio\/","name":"Zivilrecht - Erbrecht, Familienrecht - Epirus - Korfu","isPartOf":{"@id":"https:\/\/sintorislaw.gr\/#website"},"datePublished":"2023-06-28T06:21:58+00:00","dateModified":"2023-06-28T06:21:59+00:00","description":"Wir bieten juristische Dienstleistungen im Bereich des griechischen Zivilrechts, mit Beratung, rechtliche Vertretung in Epirus, Thesprotia und Korfu.","breadcrumb":{"@id":"https:\/\/sintorislaw.gr\/astiko-dikaio\/#breadcrumb"},"inLanguage":"de","potentialAction":[{"@type":"ReadAction","target":["https:\/\/sintorislaw.gr\/astiko-dikaio\/"]}]},{"@type":"BreadcrumbList","@id":"https:\/\/sintorislaw.gr\/astiko-dikaio\/#breadcrumb","itemListElement":[{"@type":"ListItem","position":1,"name":"\u0391\u03c1\u03c7\u03b9\u03ba\u03ae","item":"https:\/\/sintorislaw.gr\/"},{"@type":"ListItem","position":2,"name":"\u0391\u03c3\u03c4\u03b9\u03ba\u03cc \u0394\u03af\u03ba\u03b1\u03b9\u03bf"}]},{"@type":"WebSite","@id":"https:\/\/sintorislaw.gr\/#website","url":"https:\/\/sintorislaw.gr\/","name":"Georgios und Konstantinos Sidoris und Partner - Igoumenitsa","description":"Anw\u00e4lte mit langj\u00e4hriger Erfahrung und wissenschaftlicher Ausbildung. Wir haben unseren Sitz in Igoumenitsa und sind in Ioannina und Korfu t\u00e4tig.","publisher":{"@id":"https:\/\/sintorislaw.gr\/#organization"},"alternateName":"\u0394\u03b9\u03ba\u03b7\u03b3\u03bf\u03c1\u03b9\u03ba\u03cc \u03b3\u03c1\u03b1\u03c6\u03b5\u03af\u03bf - \u03a3\u03b9\u03bd\u03c4\u03cc\u03c1\u03b7\u03c2 \u03ba\u03b1\u03b9 \u03a3\u03c5\u03bd\u03b5\u03c1\u03b3\u03ac\u03c4\u03b5\u03c2","potentialAction":[{"@type":"SearchAction","target":{"@type":"EntryPoint","urlTemplate":"https:\/\/sintorislaw.gr\/?s={search_term_string}"},"query-input":{"@type":"PropertyValueSpecification","valueRequired":true,"valueName":"search_term_string"}}],"inLanguage":"de"},{"@type":"Organization","@id":"https:\/\/sintorislaw.gr\/#organization","name":"Georgios und Konstantinos Sidoris und Partner - Igoumenitsa, Thesprotia","url":"https:\/\/sintorislaw.gr\/","logo":{"@type":"ImageObject","inLanguage":"de","@id":"https:\/\/sintorislaw.gr\/#\/schema\/logo\/image\/","url":"https:\/\/sintorislaw.gr\/wp-content\/uploads\/2023\/04\/cropped-favicon-sintorislaw.jpg","contentUrl":"https:\/\/sintorislaw.gr\/wp-content\/uploads\/2023\/04\/cropped-favicon-sintorislaw.jpg","width":512,"height":512,"caption":"\u0393\u03b5\u03ce\u03c1\u03b3\u03b9\u03bf\u03c2 \u03ba\u03b1\u03b9 \u039a\u03c9\u03bd\u03c3\u03c4\u03b1\u03bd\u03c4\u03af\u03bd\u03bf\u03c2 \u03a3\u03b9\u03bd\u03c4\u03cc\u03c1\u03b7\u03c2 \u03ba\u03b1\u03b9 \u03a3\u03c5\u03bd\u03b5\u03c1\u03b3\u03ac\u03c4\u03b5\u03c2 - \u0397\u03b3\u03bf\u03c5\u03bc\u03b5\u03bd\u03af\u03c4\u03c3\u03b1, \u0398\u03b5\u03c3\u03c0\u03c1\u03c9\u03c4\u03af\u03b1"},"image":{"@id":"https:\/\/sintorislaw.gr\/#\/schema\/logo\/image\/"},"sameAs":["https:\/\/www.facebook.com\/sintorislaw\/"]}]}},"_links":{"self":[{"href":"https:\/\/sintorislaw.gr\/de\/wp-json\/wp\/v2\/pages\/2084","targetHints":{"allow":["GET"]}}],"collection":[{"href":"https:\/\/sintorislaw.gr\/de\/wp-json\/wp\/v2\/pages"}],"about":[{"href":"https:\/\/sintorislaw.gr\/de\/wp-json\/wp\/v2\/types\/page"}],"author":[{"embeddable":true,"href":"https:\/\/sintorislaw.gr\/de\/wp-json\/wp\/v2\/users\/1"}],"replies":[{"embeddable":true,"href":"https:\/\/sintorislaw.gr\/de\/wp-json\/wp\/v2\/comments?post=2084"}],"version-history":[{"count":0,"href":"https:\/\/sintorislaw.gr\/de\/wp-json\/wp\/v2\/pages\/2084\/revisions"}],"wp:attachment":[{"href":"https:\/\/sintorislaw.gr\/de\/wp-json\/wp\/v2\/media?parent=2084"}],"curies":[{"name":"wp","href":"https:\/\/api.w.org\/{rel}","templated":true}]}}