{"id":1954,"date":"2023-06-09T17:53:45","date_gmt":"2023-06-09T14:53:45","guid":{"rendered":"https:\/\/sintorislaw.gr\/?page_id=1954"},"modified":"2023-07-13T11:10:50","modified_gmt":"2023-07-13T08:10:50","slug":"konstantin-b-sintoris","status":"publish","type":"page","link":"https:\/\/sintorislaw.gr\/de\/konstantin-b-sintoris\/","title":{"rendered":"Konstantinos V. Sidoris"},"content":{"rendered":"<div data-elementor-type=\"wp-page\" data-elementor-id=\"1954\" class=\"elementor elementor-1954\" data-elementor-post-type=\"page\">\n\t\t\t\t\t\t<section class=\"elementor-section elementor-top-section elementor-element elementor-element-0feb49d elementor-section-boxed elementor-section-height-default elementor-section-height-default\" data-id=\"0feb49d\" data-element_type=\"section\">\n\t\t\t\t\t\t<div class=\"elementor-container elementor-column-gap-default\">\n\t\t\t\t\t<div class=\"elementor-column elementor-col-100 elementor-top-column elementor-element elementor-element-adb972b\" data-id=\"adb972b\" data-element_type=\"column\">\n\t\t\t<div class=\"elementor-widget-wrap elementor-element-populated\">\n\t\t\t\t\t\t<section class=\"elementor-section elementor-inner-section elementor-element elementor-element-867a250 elementor-section-boxed elementor-section-height-default elementor-section-height-default\" data-id=\"867a250\" data-element_type=\"section\">\n\t\t\t\t\t\t<div class=\"elementor-container elementor-column-gap-default\">\n\t\t\t\t\t<div class=\"elementor-column elementor-col-50 elementor-inner-column elementor-element elementor-element-25592d4\" data-id=\"25592d4\" data-element_type=\"column\">\n\t\t\t<div class=\"elementor-widget-wrap elementor-element-populated\">\n\t\t\t\t\t\t<div class=\"elementor-element elementor-element-42d3f86 elementor-widget elementor-widget-image\" data-id=\"42d3f86\" data-element_type=\"widget\" data-widget_type=\"image.default\">\n\t\t\t\t<div class=\"elementor-widget-container\">\n\t\t\t\t\t\t\t\t\t\t\t\t<figure class=\"wp-caption\">\n\t\t\t\t\t\t\t\t\t\t<img loading=\"lazy\" decoding=\"async\" width=\"400\" height=\"300\" src=\"https:\/\/sintorislaw.gr\/wp-content\/uploads\/2023\/04\/konstantinos-sintoris-dikigoros.jpg\" class=\"attachment-large size-large wp-image-1566\" alt=\"Konstantinos sintoris dikigoros\" srcset=\"https:\/\/sintorislaw.gr\/wp-content\/uploads\/2023\/04\/konstantinos-sintoris-dikigoros.jpg 400w, https:\/\/sintorislaw.gr\/wp-content\/uploads\/2023\/04\/konstantinos-sintoris-dikigoros-300x225.jpg 300w\" sizes=\"auto, (max-width: 400px) 100vw, 400px\" \/>\t\t\t\t\t\t\t\t\t\t\t<figcaption class=\"widget-image-caption wp-caption-text\">Konstantinos V. Sidoris<\/figcaption>\n\t\t\t\t\t\t\t\t\t\t<\/figure>\n\t\t\t\t\t\t\t\t\t<\/div>\n\t\t\t\t<\/div>\n\t\t\t\t<div class=\"elementor-element elementor-element-66fe632 elementor-widget elementor-widget-cz_title\" data-id=\"66fe632\" data-element_type=\"widget\" data-widget_type=\"cz_title.default\">\n\t\t\t\t<div class=\"elementor-widget-container\">\n\t\t\t\t\t\t\r\n\t\t<div>\r\n\t\t\t<div class=\"cz_title clr cz_mobile_text_center cz_title_pos_center tac\"><a href=\"mailto:sintoris21@gmail.com\"><div class=\"cz_title_content\"><div class=\"cz_wpe_content\"><h3 style=\"text-align: center;\">E-Mail<\/h3><p style=\"text-align: center;\">sintoris21@gmail.com<\/p><\/div><\/div><\/a><\/div>\r\n\t\t<\/div>\r\n\t\t\r\n\t\t\t\t\t\t<\/div>\n\t\t\t\t<\/div>\n\t\t\t\t<div class=\"elementor-element elementor-element-deebb13 elementor-widget elementor-widget-cz_title\" data-id=\"deebb13\" data-element_type=\"widget\" data-widget_type=\"cz_title.default\">\n\t\t\t\t<div class=\"elementor-widget-container\">\n\t\t\t\t\t\t\r\n\t\t<div>\r\n\t\t\t<div class=\"cz_title clr cz_mobile_text_center cz_title_pos_center tac\"><a href=\"tel:+306932738296\"><div class=\"cz_title_content\"><div class=\"cz_wpe_content\"><h3 style=\"text-align: center;\">Telefon<\/h3><p style=\"text-align: center;\">+306932738296<\/p><\/div><\/div><\/a><\/div>\r\n\t\t<\/div>\r\n\t\t\r\n\t\t\t\t\t\t<\/div>\n\t\t\t\t<\/div>\n\t\t\t\t<div class=\"elementor-element elementor-element-1fb4c13 elementor-widget elementor-widget-cz_title\" data-id=\"1fb4c13\" data-element_type=\"widget\" data-widget_type=\"cz_title.default\">\n\t\t\t\t<div class=\"elementor-widget-container\">\n\t\t\t\t\t\t\r\n\t\t<div>\r\n\t\t\t<div class=\"cz_title clr cz_mobile_text_center cz_title_pos_center tac\"><a href=\"https:\/\/goo.gl\/maps\/3mUD9nmAFeeFh8wTA\"><div class=\"cz_title_content\"><div class=\"cz_wpe_content\"><h3 style=\"text-align: center;\"><span style=\"color: #000001;\">Adresse<\/span><\/h3><p style=\"text-align: center;\"><span style=\"font-size: 14px;\">29 Gregorios Lambrakis 29,<br \/>Igoumenitsa Thesprotia, 46100<\/span><\/p><\/div><\/div><\/a><\/div>\r\n\t\t<\/div>\r\n\t\t\r\n\t\t\t\t\t\t<\/div>\n\t\t\t\t<\/div>\n\t\t\t\t\t<\/div>\n\t\t<\/div>\n\t\t\t\t<div class=\"elementor-column elementor-col-50 elementor-inner-column elementor-element elementor-element-940179f\" data-id=\"940179f\" data-element_type=\"column\">\n\t\t\t<div class=\"elementor-widget-wrap elementor-element-populated\">\n\t\t\t\t\t\t<div class=\"elementor-element elementor-element-33afa29 elementor-widget elementor-widget-text-editor\" data-id=\"33afa29\" data-element_type=\"widget\" data-widget_type=\"text-editor.default\">\n\t\t\t\t<div class=\"elementor-widget-container\">\n\t\t\t\t\t\t\t\t\t<p><b>Rechtsanwalt<\/b><\/p><div><p>Er wurde 1961 in Karvounari in Thesprotien geboren und absolvierte das Gymnasium und Lyzeum von Paramythien, wo er mit Auszeichnung abschloss.<br \/>Er studierte an der juristischen Fakult\u00e4t von Thessaloniki, die er 1984 abschloss.<\/p><\/div><div><p>W\u00e4hrend seiner Studienzeit war er Mitglied der Jugend der PASP an der juristischen Fakult\u00e4t und Mitglied des Vorstands der Vereinigung der studentischen St\u00e4nde von Thessaloniki.<\/p><\/div><div><p>Er begann und beendete sein Referendariat bei der Anwaltskammer von Thessaloniki, wo er seine Zulassung als Rechtsanwalt erhielt.<\/p><\/div><div><p>Im Jahr 1987 wurde er zum Anwalt am Gericht erster Instanz von Thesprotia ernannt, und nachdem er alle R\u00e4nge durchlaufen hatte, wurde er zum Anwalt am Obersten Gerichtshof bef\u00f6rdert.\u00a0<\/p><\/div><div><p>Von 1999 bis 2002 war er Generalsekret\u00e4r der Anwaltskammer von Thesprotien.<\/p><\/div><div><p>Von 2004 bis 2017 wurde er f\u00fcr drei aufeinanderfolgende Amtszeiten zum Pr\u00e4sidenten der Anwaltskammer von Thesprotien gew\u00e4hlt und war w\u00e4hrend des gleichen Zeitraums Mitglied der Vollversammlung der Pr\u00e4sidenten der Anwaltskammern des Landes.<\/p><\/div><div><p>Bedeutende Unternehmen haben ihm ihre rechtliche Unterst\u00fctzung anvertraut, darunter die Aktiengesellschaft \"Bank Eurobank S.A.\", die Aktiengesellschaft f\u00fcr Versicherungen \"INTERAMERICAN S.A.\" die Versicherungsgesellschaft mit dem Namen \u00a0<span lang=\"EN-US\">POSEIDON<\/span> <span lang=\"EN-US\">AE<\/span> und der Verband der landwirtschaftlichen Genossenschaften von Thesprotia .<br \/><br \/><\/p><\/div><p>Fremdsprachen: Englisch<\/p>\t\t\t\t\t\t\t\t<\/div>\n\t\t\t\t<\/div>\n\t\t\t\t\t<\/div>\n\t\t<\/div>\n\t\t\t\t\t<\/div>\n\t\t<\/section>\n\t\t\t\t\t<\/div>\n\t\t<\/div>\n\t\t\t\t\t<\/div>\n\t\t<\/section>\n\t\t\t\t<section class=\"elementor-section elementor-top-section elementor-element elementor-element-21f5da7 elementor-section-boxed elementor-section-height-default elementor-section-height-default\" data-id=\"21f5da7\" data-element_type=\"section\">\n\t\t\t\t\t\t<div class=\"elementor-container elementor-column-gap-default\">\n\t\t\t\t\t<div class=\"elementor-column elementor-col-100 elementor-top-column elementor-element elementor-element-fd13d17\" data-id=\"fd13d17\" data-element_type=\"column\">\n\t\t\t<div class=\"elementor-widget-wrap\">\n\t\t\t\t\t\t\t<\/div>\n\t\t<\/div>\n\t\t\t\t\t<\/div>\n\t\t<\/section>\n\t\t\t\t<\/div>","protected":false},"excerpt":{"rendered":"<p>Konstantinos V. Sidoris E-Mail sintoris21@gmail.com Telefon +306932738296 Adresse 29 Gregorios Lambrakis, Igoumenitsa, Igoumenitsa ... <\/p>","protected":false},"author":1,"featured_media":0,"parent":0,"menu_order":0,"comment_status":"closed","ping_status":"closed","template":"","meta":{"footnotes":""},"class_list":["post-1954","page","type-page","status-publish","hentry"],"yoast_head":"<!-- This site is optimized with the Yoast SEO plugin v26.7 - https:\/\/yoast.com\/wordpress\/plugins\/seo\/ -->\n<title>\u039a\u03c9\u03bd\u03c3\u03c4\u03b1\u03bd\u03c4\u03af\u03bd\u03bf\u03c2 \u0392. \u03a3\u03b9\u03bd\u03c4\u03cc\u03c1\u03b7\u03c2 - \u0394\u03b9\u03ba\u03b7\u03b3\u03cc\u03c1\u03bf\u03c2 \u03c0\u03b1\u03c1&#039; \u0391\u03c1\u03b5\u03af\u03c9 \u03a0\u03ac\u03b3\u03c9<\/title>\n<meta name=\"description\" content=\"\u0393\u03b5\u03bd\u03bd\u03ae\u03b8\u03b7\u03ba\u03b5 \u03c3\u03c4\u03bf \u039a\u03b1\u03c1\u03b2\u03bf\u03c5\u03bd\u03ac\u03c1\u03b9 \u0398\u03b5\u03c3\u03c0\u03c1\u03c9\u03c4\u03af\u03b1\u03c2 \u03c4\u03bf \u03ad\u03c4\u03bf\u03c2 1961. \u03a3\u03c0\u03bf\u03cd\u03b4\u03b1\u03c3\u03b5 \u03c3\u03c4\u03b7\u03bd \u039d\u03bf\u03bc\u03b9\u03ba\u03ae \u03a3\u03c7\u03bf\u03bb\u03ae \u0398\u03b5\u03c3\u03c3\u03b1\u03bb\u03bf\u03bd\u03af\u03ba\u03b7\u03c2 \u03b1\u03c0\u03bf \u03c4\u03b7\u03bd \u03bf\u03c0\u03bf\u03af\u03b1 \u03b1\u03c0\u03bf\u03c6\u03bf\u03af\u03c4\u03b7\u03c3\u03b5 \u03c4\u03bf 1984.\" \/>\n<meta name=\"robots\" content=\"index, follow, max-snippet:-1, max-image-preview:large, max-video-preview:-1\" \/>\n<link rel=\"canonical\" href=\"https:\/\/sintorislaw.gr\/de\/konstantin-b-sintoris\/\" \/>\n<meta property=\"og:locale\" content=\"de_DE\" \/>\n<meta property=\"og:type\" content=\"article\" \/>\n<meta property=\"og:title\" content=\"\u039a\u03c9\u03bd\u03c3\u03c4\u03b1\u03bd\u03c4\u03af\u03bd\u03bf\u03c2 \u0392. \u03a3\u03b9\u03bd\u03c4\u03cc\u03c1\u03b7\u03c2 - \u0394\u03b9\u03ba\u03b7\u03b3\u03cc\u03c1\u03bf\u03c2 \u03c0\u03b1\u03c1&#039; \u0391\u03c1\u03b5\u03af\u03c9 \u03a0\u03ac\u03b3\u03c9\" \/>\n<meta property=\"og:description\" content=\"\u0393\u03b5\u03bd\u03bd\u03ae\u03b8\u03b7\u03ba\u03b5 \u03c3\u03c4\u03bf \u039a\u03b1\u03c1\u03b2\u03bf\u03c5\u03bd\u03ac\u03c1\u03b9 \u0398\u03b5\u03c3\u03c0\u03c1\u03c9\u03c4\u03af\u03b1\u03c2 \u03c4\u03bf \u03ad\u03c4\u03bf\u03c2 1961. \u03a3\u03c0\u03bf\u03cd\u03b4\u03b1\u03c3\u03b5 \u03c3\u03c4\u03b7\u03bd \u039d\u03bf\u03bc\u03b9\u03ba\u03ae \u03a3\u03c7\u03bf\u03bb\u03ae \u0398\u03b5\u03c3\u03c3\u03b1\u03bb\u03bf\u03bd\u03af\u03ba\u03b7\u03c2 \u03b1\u03c0\u03bf \u03c4\u03b7\u03bd \u03bf\u03c0\u03bf\u03af\u03b1 \u03b1\u03c0\u03bf\u03c6\u03bf\u03af\u03c4\u03b7\u03c3\u03b5 \u03c4\u03bf 1984.\" \/>\n<meta property=\"og:url\" content=\"https:\/\/sintorislaw.gr\/de\/konstantin-b-sintoris\/\" \/>\n<meta property=\"og:site_name\" content=\"\u0394\u03b9\u03ba\u03b7\u03b3\u03cc\u03c1\u03bf\u03b9 \u0393. \u03ba\u03b1\u03b9 \u039a. \u03a3\u03b9\u03bd\u03c4\u03cc\u03c1\u03b7\u03c2 \u03ba\u03b1\u03b9 \u03a3\u03c5\u03bd\u03b5\u03c1\u03b3\u03ac\u03c4\u03b5\u03c2 - \u0397\u03b3\u03bf\u03c5\u03bc\u03b5\u03bd\u03af\u03c4\u03c3\u03b1\" \/>\n<meta property=\"article:publisher\" content=\"https:\/\/www.facebook.com\/sintorislaw\/\" \/>\n<meta property=\"article:modified_time\" content=\"2023-07-13T08:10:50+00:00\" \/>\n<meta property=\"og:image\" content=\"https:\/\/sintorislaw.gr\/wp-content\/uploads\/2023\/04\/konstantinos-sintoris-dikigoros.jpg\" \/>\n<meta name=\"twitter:card\" content=\"summary_large_image\" \/>\n<meta name=\"twitter:label1\" content=\"Gesch\u00e4tzte Lesezeit\" \/>\n\t<meta name=\"twitter:data1\" content=\"2\u00a0Minuten\" \/>\n<script type=\"application\/ld+json\" class=\"yoast-schema-graph\">{\"@context\":\"https:\/\/schema.org\",\"@graph\":[{\"@type\":\"WebPage\",\"@id\":\"https:\/\/sintorislaw.gr\/konstantinos-b-sintoris\/\",\"url\":\"https:\/\/sintorislaw.gr\/konstantinos-b-sintoris\/\",\"name\":\"\u039a\u03c9\u03bd\u03c3\u03c4\u03b1\u03bd\u03c4\u03af\u03bd\u03bf\u03c2 \u0392. \u03a3\u03b9\u03bd\u03c4\u03cc\u03c1\u03b7\u03c2 - \u0394\u03b9\u03ba\u03b7\u03b3\u03cc\u03c1\u03bf\u03c2 \u03c0\u03b1\u03c1' \u0391\u03c1\u03b5\u03af\u03c9 \u03a0\u03ac\u03b3\u03c9\",\"isPartOf\":{\"@id\":\"https:\/\/sintorislaw.gr\/#website\"},\"primaryImageOfPage\":{\"@id\":\"https:\/\/sintorislaw.gr\/konstantinos-b-sintoris\/#primaryimage\"},\"image\":{\"@id\":\"https:\/\/sintorislaw.gr\/konstantinos-b-sintoris\/#primaryimage\"},\"thumbnailUrl\":\"https:\/\/sintorislaw.gr\/wp-content\/uploads\/2023\/04\/konstantinos-sintoris-dikigoros.jpg\",\"datePublished\":\"2023-06-09T14:53:45+00:00\",\"dateModified\":\"2023-07-13T08:10:50+00:00\",\"description\":\"\u0393\u03b5\u03bd\u03bd\u03ae\u03b8\u03b7\u03ba\u03b5 \u03c3\u03c4\u03bf \u039a\u03b1\u03c1\u03b2\u03bf\u03c5\u03bd\u03ac\u03c1\u03b9 \u0398\u03b5\u03c3\u03c0\u03c1\u03c9\u03c4\u03af\u03b1\u03c2 \u03c4\u03bf \u03ad\u03c4\u03bf\u03c2 1961. \u03a3\u03c0\u03bf\u03cd\u03b4\u03b1\u03c3\u03b5 \u03c3\u03c4\u03b7\u03bd \u039d\u03bf\u03bc\u03b9\u03ba\u03ae \u03a3\u03c7\u03bf\u03bb\u03ae \u0398\u03b5\u03c3\u03c3\u03b1\u03bb\u03bf\u03bd\u03af\u03ba\u03b7\u03c2 \u03b1\u03c0\u03bf \u03c4\u03b7\u03bd \u03bf\u03c0\u03bf\u03af\u03b1 \u03b1\u03c0\u03bf\u03c6\u03bf\u03af\u03c4\u03b7\u03c3\u03b5 \u03c4\u03bf 1984.\",\"breadcrumb\":{\"@id\":\"https:\/\/sintorislaw.gr\/konstantinos-b-sintoris\/#breadcrumb\"},\"inLanguage\":\"de\",\"potentialAction\":[{\"@type\":\"ReadAction\",\"target\":[\"https:\/\/sintorislaw.gr\/konstantinos-b-sintoris\/\"]}]},{\"@type\":\"ImageObject\",\"inLanguage\":\"de\",\"@id\":\"https:\/\/sintorislaw.gr\/konstantinos-b-sintoris\/#primaryimage\",\"url\":\"https:\/\/sintorislaw.gr\/wp-content\/uploads\/2023\/04\/konstantinos-sintoris-dikigoros.jpg\",\"contentUrl\":\"https:\/\/sintorislaw.gr\/wp-content\/uploads\/2023\/04\/konstantinos-sintoris-dikigoros.jpg\"},{\"@type\":\"BreadcrumbList\",\"@id\":\"https:\/\/sintorislaw.gr\/konstantinos-b-sintoris\/#breadcrumb\",\"itemListElement\":[{\"@type\":\"ListItem\",\"position\":1,\"name\":\"\u0391\u03c1\u03c7\u03b9\u03ba\u03ae\",\"item\":\"https:\/\/sintorislaw.gr\/\"},{\"@type\":\"ListItem\",\"position\":2,\"name\":\"\u039a\u03c9\u03bd\u03c3\u03c4\u03b1\u03bd\u03c4\u03af\u03bd\u03bf\u03c2 \u0392. \u03a3\u03b9\u03bd\u03c4\u03cc\u03c1\u03b7\u03c2\"}]},{\"@type\":\"WebSite\",\"@id\":\"https:\/\/sintorislaw.gr\/#website\",\"url\":\"https:\/\/sintorislaw.gr\/\",\"name\":\"\u0393\u03b5\u03ce\u03c1\u03b3\u03b9\u03bf\u03c2 \u03ba\u03b1\u03b9 \u039a\u03c9\u03bd\u03c3\u03c4\u03b1\u03bd\u03c4\u03af\u03bd\u03bf\u03c2 \u03a3\u03b9\u03bd\u03c4\u03cc\u03c1\u03b7\u03c2 \u03ba\u03b1\u03b9 \u03a3\u03c5\u03bd\u03b5\u03c1\u03b3\u03ac\u03c4\u03b5\u03c2 - \u0397\u03b3\u03bf\u03c5\u03bc\u03b5\u03bd\u03af\u03c4\u03c3\u03b1\",\"description\":\"\u0394\u03b9\u03ba\u03b7\u03b3\u03cc\u03c1\u03bf\u03b9 \u03bc\u03b5 \u03bc\u03b1\u03ba\u03c1\u03bf\u03c7\u03c1\u03cc\u03bd\u03b9\u03b1 \u03b5\u03bc\u03c0\u03b5\u03b9\u03c1\u03af\u03b1 \u03ba\u03b1\u03b9 \u03b5\u03c0\u03b9\u03c3\u03c4\u03b7\u03bc\u03bf\u03bd\u03b9\u03ba\u03ae \u03ba\u03b1\u03c4\u03ac\u03c1\u03c4\u03b9\u03c3\u03b7. \u039c\u03b5 \u03ad\u03b4\u03c1\u03b1 \u03c4\u03b7\u03bd \u0397\u03b3\u03bf\u03c5\u03bc\u03b5\u03bd\u03af\u03c4\u03c3\u03b1, \u03b4\u03c1\u03b1\u03c3\u03c4\u03b7\u03c1\u03b9\u03bf\u03c0\u03bf\u03b9\u03bf\u03cd\u03bc\u03b1\u03c3\u03c4\u03b5 \u03c3\u03c4\u03b1 \u0399\u03c9\u03ac\u03bd\u03bd\u03b9\u03bd\u03b1 \u03ba\u03b1\u03b9 \u03c4\u03b7\u03bd \u039a\u03ad\u03c1\u03ba\u03c5\u03c1\u03b1.\",\"publisher\":{\"@id\":\"https:\/\/sintorislaw.gr\/#organization\"},\"alternateName\":\"\u0394\u03b9\u03ba\u03b7\u03b3\u03bf\u03c1\u03b9\u03ba\u03cc \u03b3\u03c1\u03b1\u03c6\u03b5\u03af\u03bf - \u03a3\u03b9\u03bd\u03c4\u03cc\u03c1\u03b7\u03c2 \u03ba\u03b1\u03b9 \u03a3\u03c5\u03bd\u03b5\u03c1\u03b3\u03ac\u03c4\u03b5\u03c2\",\"potentialAction\":[{\"@type\":\"SearchAction\",\"target\":{\"@type\":\"EntryPoint\",\"urlTemplate\":\"https:\/\/sintorislaw.gr\/?s={search_term_string}\"},\"query-input\":{\"@type\":\"PropertyValueSpecification\",\"valueRequired\":true,\"valueName\":\"search_term_string\"}}],\"inLanguage\":\"de\"},{\"@type\":\"Organization\",\"@id\":\"https:\/\/sintorislaw.gr\/#organization\",\"name\":\"\u0393\u03b5\u03ce\u03c1\u03b3\u03b9\u03bf\u03c2 \u03ba\u03b1\u03b9 \u039a\u03c9\u03bd\u03c3\u03c4\u03b1\u03bd\u03c4\u03af\u03bd\u03bf\u03c2 \u03a3\u03b9\u03bd\u03c4\u03cc\u03c1\u03b7\u03c2 \u03ba\u03b1\u03b9 \u03a3\u03c5\u03bd\u03b5\u03c1\u03b3\u03ac\u03c4\u03b5\u03c2 - \u0397\u03b3\u03bf\u03c5\u03bc\u03b5\u03bd\u03af\u03c4\u03c3\u03b1, \u0398\u03b5\u03c3\u03c0\u03c1\u03c9\u03c4\u03af\u03b1\",\"url\":\"https:\/\/sintorislaw.gr\/\",\"logo\":{\"@type\":\"ImageObject\",\"inLanguage\":\"de\",\"@id\":\"https:\/\/sintorislaw.gr\/#\/schema\/logo\/image\/\",\"url\":\"https:\/\/sintorislaw.gr\/wp-content\/uploads\/2023\/04\/cropped-favicon-sintorislaw.jpg\",\"contentUrl\":\"https:\/\/sintorislaw.gr\/wp-content\/uploads\/2023\/04\/cropped-favicon-sintorislaw.jpg\",\"width\":512,\"height\":512,\"caption\":\"\u0393\u03b5\u03ce\u03c1\u03b3\u03b9\u03bf\u03c2 \u03ba\u03b1\u03b9 \u039a\u03c9\u03bd\u03c3\u03c4\u03b1\u03bd\u03c4\u03af\u03bd\u03bf\u03c2 \u03a3\u03b9\u03bd\u03c4\u03cc\u03c1\u03b7\u03c2 \u03ba\u03b1\u03b9 \u03a3\u03c5\u03bd\u03b5\u03c1\u03b3\u03ac\u03c4\u03b5\u03c2 - \u0397\u03b3\u03bf\u03c5\u03bc\u03b5\u03bd\u03af\u03c4\u03c3\u03b1, \u0398\u03b5\u03c3\u03c0\u03c1\u03c9\u03c4\u03af\u03b1\"},\"image\":{\"@id\":\"https:\/\/sintorislaw.gr\/#\/schema\/logo\/image\/\"},\"sameAs\":[\"https:\/\/www.facebook.com\/sintorislaw\/\"]}]}<\/script>\n<!-- \/ Yoast SEO plugin. -->","yoast_head_json":{"title":"Konstantinos V. Sidoris - Rechtsanwalt","description":"Er wurde 1961 in Karvounari in Thesprotien geboren. Er studierte an der juristischen Fakult\u00e4t von Thessaloniki, die er 1984 abschloss.","robots":{"index":"index","follow":"follow","max-snippet":"max-snippet:-1","max-image-preview":"max-image-preview:large","max-video-preview":"max-video-preview:-1"},"canonical":"https:\/\/sintorislaw.gr\/de\/konstantin-b-sintoris\/","og_locale":"de_DE","og_type":"article","og_title":"\u039a\u03c9\u03bd\u03c3\u03c4\u03b1\u03bd\u03c4\u03af\u03bd\u03bf\u03c2 \u0392. \u03a3\u03b9\u03bd\u03c4\u03cc\u03c1\u03b7\u03c2 - \u0394\u03b9\u03ba\u03b7\u03b3\u03cc\u03c1\u03bf\u03c2 \u03c0\u03b1\u03c1' \u0391\u03c1\u03b5\u03af\u03c9 \u03a0\u03ac\u03b3\u03c9","og_description":"\u0393\u03b5\u03bd\u03bd\u03ae\u03b8\u03b7\u03ba\u03b5 \u03c3\u03c4\u03bf \u039a\u03b1\u03c1\u03b2\u03bf\u03c5\u03bd\u03ac\u03c1\u03b9 \u0398\u03b5\u03c3\u03c0\u03c1\u03c9\u03c4\u03af\u03b1\u03c2 \u03c4\u03bf \u03ad\u03c4\u03bf\u03c2 1961. \u03a3\u03c0\u03bf\u03cd\u03b4\u03b1\u03c3\u03b5 \u03c3\u03c4\u03b7\u03bd \u039d\u03bf\u03bc\u03b9\u03ba\u03ae \u03a3\u03c7\u03bf\u03bb\u03ae \u0398\u03b5\u03c3\u03c3\u03b1\u03bb\u03bf\u03bd\u03af\u03ba\u03b7\u03c2 \u03b1\u03c0\u03bf \u03c4\u03b7\u03bd \u03bf\u03c0\u03bf\u03af\u03b1 \u03b1\u03c0\u03bf\u03c6\u03bf\u03af\u03c4\u03b7\u03c3\u03b5 \u03c4\u03bf 1984.","og_url":"https:\/\/sintorislaw.gr\/de\/konstantin-b-sintoris\/","og_site_name":"\u0394\u03b9\u03ba\u03b7\u03b3\u03cc\u03c1\u03bf\u03b9 \u0393. \u03ba\u03b1\u03b9 \u039a. \u03a3\u03b9\u03bd\u03c4\u03cc\u03c1\u03b7\u03c2 \u03ba\u03b1\u03b9 \u03a3\u03c5\u03bd\u03b5\u03c1\u03b3\u03ac\u03c4\u03b5\u03c2 - \u0397\u03b3\u03bf\u03c5\u03bc\u03b5\u03bd\u03af\u03c4\u03c3\u03b1","article_publisher":"https:\/\/www.facebook.com\/sintorislaw\/","article_modified_time":"2023-07-13T08:10:50+00:00","og_image":[{"url":"https:\/\/sintorislaw.gr\/wp-content\/uploads\/2023\/04\/konstantinos-sintoris-dikigoros.jpg","type":"","width":"","height":""}],"twitter_card":"summary_large_image","twitter_misc":{"Gesch\u00e4tzte Lesezeit":"2\u00a0Minuten"},"schema":{"@context":"https:\/\/schema.org","@graph":[{"@type":"WebPage","@id":"https:\/\/sintorislaw.gr\/konstantinos-b-sintoris\/","url":"https:\/\/sintorislaw.gr\/konstantinos-b-sintoris\/","name":"Konstantinos V. Sidoris - Rechtsanwalt","isPartOf":{"@id":"https:\/\/sintorislaw.gr\/#website"},"primaryImageOfPage":{"@id":"https:\/\/sintorislaw.gr\/konstantinos-b-sintoris\/#primaryimage"},"image":{"@id":"https:\/\/sintorislaw.gr\/konstantinos-b-sintoris\/#primaryimage"},"thumbnailUrl":"https:\/\/sintorislaw.gr\/wp-content\/uploads\/2023\/04\/konstantinos-sintoris-dikigoros.jpg","datePublished":"2023-06-09T14:53:45+00:00","dateModified":"2023-07-13T08:10:50+00:00","description":"Er wurde 1961 in Karvounari in Thesprotien geboren. Er studierte an der juristischen Fakult\u00e4t von Thessaloniki, die er 1984 abschloss.","breadcrumb":{"@id":"https:\/\/sintorislaw.gr\/konstantinos-b-sintoris\/#breadcrumb"},"inLanguage":"de","potentialAction":[{"@type":"ReadAction","target":["https:\/\/sintorislaw.gr\/konstantinos-b-sintoris\/"]}]},{"@type":"ImageObject","inLanguage":"de","@id":"https:\/\/sintorislaw.gr\/konstantinos-b-sintoris\/#primaryimage","url":"https:\/\/sintorislaw.gr\/wp-content\/uploads\/2023\/04\/konstantinos-sintoris-dikigoros.jpg","contentUrl":"https:\/\/sintorislaw.gr\/wp-content\/uploads\/2023\/04\/konstantinos-sintoris-dikigoros.jpg"},{"@type":"BreadcrumbList","@id":"https:\/\/sintorislaw.gr\/konstantinos-b-sintoris\/#breadcrumb","itemListElement":[{"@type":"ListItem","position":1,"name":"\u0391\u03c1\u03c7\u03b9\u03ba\u03ae","item":"https:\/\/sintorislaw.gr\/"},{"@type":"ListItem","position":2,"name":"\u039a\u03c9\u03bd\u03c3\u03c4\u03b1\u03bd\u03c4\u03af\u03bd\u03bf\u03c2 \u0392. \u03a3\u03b9\u03bd\u03c4\u03cc\u03c1\u03b7\u03c2"}]},{"@type":"WebSite","@id":"https:\/\/sintorislaw.gr\/#website","url":"https:\/\/sintorislaw.gr\/","name":"Georgios und Konstantinos Sidoris und Partner - Igoumenitsa","description":"Anw\u00e4lte mit langj\u00e4hriger Erfahrung und wissenschaftlicher Ausbildung. Wir haben unseren Sitz in Igoumenitsa und sind in Ioannina und Korfu t\u00e4tig.","publisher":{"@id":"https:\/\/sintorislaw.gr\/#organization"},"alternateName":"\u0394\u03b9\u03ba\u03b7\u03b3\u03bf\u03c1\u03b9\u03ba\u03cc \u03b3\u03c1\u03b1\u03c6\u03b5\u03af\u03bf - \u03a3\u03b9\u03bd\u03c4\u03cc\u03c1\u03b7\u03c2 \u03ba\u03b1\u03b9 \u03a3\u03c5\u03bd\u03b5\u03c1\u03b3\u03ac\u03c4\u03b5\u03c2","potentialAction":[{"@type":"SearchAction","target":{"@type":"EntryPoint","urlTemplate":"https:\/\/sintorislaw.gr\/?s={search_term_string}"},"query-input":{"@type":"PropertyValueSpecification","valueRequired":true,"valueName":"search_term_string"}}],"inLanguage":"de"},{"@type":"Organization","@id":"https:\/\/sintorislaw.gr\/#organization","name":"Georgios und Konstantinos Sidoris und Partner - Igoumenitsa, Thesprotia","url":"https:\/\/sintorislaw.gr\/","logo":{"@type":"ImageObject","inLanguage":"de","@id":"https:\/\/sintorislaw.gr\/#\/schema\/logo\/image\/","url":"https:\/\/sintorislaw.gr\/wp-content\/uploads\/2023\/04\/cropped-favicon-sintorislaw.jpg","contentUrl":"https:\/\/sintorislaw.gr\/wp-content\/uploads\/2023\/04\/cropped-favicon-sintorislaw.jpg","width":512,"height":512,"caption":"\u0393\u03b5\u03ce\u03c1\u03b3\u03b9\u03bf\u03c2 \u03ba\u03b1\u03b9 \u039a\u03c9\u03bd\u03c3\u03c4\u03b1\u03bd\u03c4\u03af\u03bd\u03bf\u03c2 \u03a3\u03b9\u03bd\u03c4\u03cc\u03c1\u03b7\u03c2 \u03ba\u03b1\u03b9 \u03a3\u03c5\u03bd\u03b5\u03c1\u03b3\u03ac\u03c4\u03b5\u03c2 - \u0397\u03b3\u03bf\u03c5\u03bc\u03b5\u03bd\u03af\u03c4\u03c3\u03b1, \u0398\u03b5\u03c3\u03c0\u03c1\u03c9\u03c4\u03af\u03b1"},"image":{"@id":"https:\/\/sintorislaw.gr\/#\/schema\/logo\/image\/"},"sameAs":["https:\/\/www.facebook.com\/sintorislaw\/"]}]}},"_links":{"self":[{"href":"https:\/\/sintorislaw.gr\/de\/wp-json\/wp\/v2\/pages\/1954","targetHints":{"allow":["GET"]}}],"collection":[{"href":"https:\/\/sintorislaw.gr\/de\/wp-json\/wp\/v2\/pages"}],"about":[{"href":"https:\/\/sintorislaw.gr\/de\/wp-json\/wp\/v2\/types\/page"}],"author":[{"embeddable":true,"href":"https:\/\/sintorislaw.gr\/de\/wp-json\/wp\/v2\/users\/1"}],"replies":[{"embeddable":true,"href":"https:\/\/sintorislaw.gr\/de\/wp-json\/wp\/v2\/comments?post=1954"}],"version-history":[{"count":0,"href":"https:\/\/sintorislaw.gr\/de\/wp-json\/wp\/v2\/pages\/1954\/revisions"}],"wp:attachment":[{"href":"https:\/\/sintorislaw.gr\/de\/wp-json\/wp\/v2\/media?parent=1954"}],"curies":[{"name":"wp","href":"https:\/\/api.w.org\/{rel}","templated":true}]}}