{"id":1932,"date":"2023-06-09T17:13:41","date_gmt":"2023-06-09T14:13:41","guid":{"rendered":"https:\/\/sintorislaw.gr\/?page_id=1932"},"modified":"2023-07-13T11:19:59","modified_gmt":"2023-07-13T08:19:59","slug":"giorgos-b-sintoris-dikigoros","status":"publish","type":"page","link":"https:\/\/sintorislaw.gr\/de\/giorgos-b-sintoris-dikigoros\/","title":{"rendered":"George V. Sidoris"},"content":{"rendered":"<div data-elementor-type=\"wp-page\" data-elementor-id=\"1932\" class=\"elementor elementor-1932\" data-elementor-post-type=\"page\">\n\t\t\t\t\t\t<section class=\"elementor-section elementor-top-section elementor-element elementor-element-0feb49d elementor-section-boxed elementor-section-height-default elementor-section-height-default\" data-id=\"0feb49d\" data-element_type=\"section\">\n\t\t\t\t\t\t<div class=\"elementor-container elementor-column-gap-default\">\n\t\t\t\t\t<div class=\"elementor-column elementor-col-100 elementor-top-column elementor-element elementor-element-adb972b\" data-id=\"adb972b\" data-element_type=\"column\">\n\t\t\t<div class=\"elementor-widget-wrap elementor-element-populated\">\n\t\t\t\t\t\t<section class=\"elementor-section elementor-inner-section elementor-element elementor-element-867a250 elementor-section-boxed elementor-section-height-default elementor-section-height-default\" data-id=\"867a250\" data-element_type=\"section\">\n\t\t\t\t\t\t<div class=\"elementor-container elementor-column-gap-default\">\n\t\t\t\t\t<div class=\"elementor-column elementor-col-50 elementor-inner-column elementor-element elementor-element-25592d4\" data-id=\"25592d4\" data-element_type=\"column\">\n\t\t\t<div class=\"elementor-widget-wrap elementor-element-populated\">\n\t\t\t\t\t\t<div class=\"elementor-element elementor-element-42d3f86 elementor-widget elementor-widget-image\" data-id=\"42d3f86\" data-element_type=\"widget\" data-widget_type=\"image.default\">\n\t\t\t\t<div class=\"elementor-widget-container\">\n\t\t\t\t\t\t\t\t\t\t\t\t<figure class=\"wp-caption\">\n\t\t\t\t\t\t\t\t\t\t<img loading=\"lazy\" decoding=\"async\" width=\"400\" height=\"300\" src=\"https:\/\/sintorislaw.gr\/wp-content\/uploads\/2023\/04\/georgios-sintoris-dikigoros.jpg\" class=\"attachment-large size-large wp-image-1565\" alt=\"Georgios sintoris dikigoros\" srcset=\"https:\/\/sintorislaw.gr\/wp-content\/uploads\/2023\/04\/georgios-sintoris-dikigoros.jpg 400w, https:\/\/sintorislaw.gr\/wp-content\/uploads\/2023\/04\/georgios-sintoris-dikigoros-300x225.jpg 300w\" sizes=\"auto, (max-width: 400px) 100vw, 400px\" \/>\t\t\t\t\t\t\t\t\t\t\t<figcaption class=\"widget-image-caption wp-caption-text\">George V. Sidoris <\/figcaption>\n\t\t\t\t\t\t\t\t\t\t<\/figure>\n\t\t\t\t\t\t\t\t\t<\/div>\n\t\t\t\t<\/div>\n\t\t\t\t<div class=\"elementor-element elementor-element-9903ab6 elementor-widget elementor-widget-cz_title\" data-id=\"9903ab6\" data-element_type=\"widget\" data-widget_type=\"cz_title.default\">\n\t\t\t\t<div class=\"elementor-widget-container\">\n\t\t\t\t\t\t\r\n\t\t<div>\r\n\t\t\t<div class=\"cz_title clr cz_mobile_text_center cz_title_pos_center tac\"><a href=\"mailto:sidorisgiorgos@gmail.com\"><div class=\"cz_title_content\"><div class=\"cz_wpe_content\"><h3 style=\"text-align: center;\">E-Mail<\/h3><p style=\"text-align: center;\">sidorisgiorgos@gmail.com<\/p><\/div><\/div><\/a><\/div>\r\n\t\t<\/div>\r\n\t\t\r\n\t\t\t\t\t\t<\/div>\n\t\t\t\t<\/div>\n\t\t\t\t<div class=\"elementor-element elementor-element-4e2aa3c elementor-widget elementor-widget-cz_title\" data-id=\"4e2aa3c\" data-element_type=\"widget\" data-widget_type=\"cz_title.default\">\n\t\t\t\t<div class=\"elementor-widget-container\">\n\t\t\t\t\t\t\r\n\t\t<div>\r\n\t\t\t<div class=\"cz_title clr cz_mobile_text_center cz_title_pos_center tac\"><a href=\"tel:+306944253331\"><div class=\"cz_title_content\"><div class=\"cz_wpe_content\"><h3 style=\"text-align: center;\">Telefon<\/h3><p style=\"text-align: center;\">+306944253331<\/p><\/div><\/div><\/a><\/div>\r\n\t\t<\/div>\r\n\t\t\r\n\t\t\t\t\t\t<\/div>\n\t\t\t\t<\/div>\n\t\t\t\t<div class=\"elementor-element elementor-element-c005fc3 elementor-widget elementor-widget-cz_title\" data-id=\"c005fc3\" data-element_type=\"widget\" data-widget_type=\"cz_title.default\">\n\t\t\t\t<div class=\"elementor-widget-container\">\n\t\t\t\t\t\t\r\n\t\t<div>\r\n\t\t\t<div class=\"cz_title clr cz_mobile_text_center cz_title_pos_center tac\"><a href=\"https:\/\/goo.gl\/maps\/3mUD9nmAFeeFh8wTA\"><div class=\"cz_title_content\"><div class=\"cz_wpe_content\"><h3 style=\"text-align: center;\"><span style=\"color: #000001;\">Adresse<\/span><\/h3><p style=\"text-align: center;\"><span style=\"font-size: 14px;\">29 Gregorios Lambrakis 29,<br \/>Igoumenitsa Thesprotia, 46100<\/span><\/p><\/div><\/div><\/a><\/div>\r\n\t\t<\/div>\r\n\t\t\r\n\t\t\t\t\t\t<\/div>\n\t\t\t\t<\/div>\n\t\t\t\t\t<\/div>\n\t\t<\/div>\n\t\t\t\t<div class=\"elementor-column elementor-col-50 elementor-inner-column elementor-element elementor-element-940179f\" data-id=\"940179f\" data-element_type=\"column\">\n\t\t\t<div class=\"elementor-widget-wrap elementor-element-populated\">\n\t\t\t\t\t\t<div class=\"elementor-element elementor-element-33afa29 elementor-widget elementor-widget-text-editor\" data-id=\"33afa29\" data-element_type=\"widget\" data-widget_type=\"text-editor.default\">\n\t\t\t\t<div class=\"elementor-widget-container\">\n\t\t\t\t\t\t\t\t\t<p><b>Rechtsanwalt<\/b><\/p><p>Er wurde 1959 in Karvounari in der ehemaligen Provinz Souli geboren. <br \/>Er studierte an der juristischen Fakult\u00e4t von Thessaloniki, die er 1980 abschloss. Im Jahr 1982 wurde er zum Rechtsanwalt in Thesprotia ernannt und ist bis heute Mitglied der Anwaltskammer, nachdem er zum Rechtsanwalt bef\u00f6rdert wurde. Von 1983 bis 2012 war er mit einer Unterbrechung in den Jahren 1990-1991 als Rechtsberater bei der Aktiengesellschaft \"Agrotiki Bank\" t\u00e4tig. Von 2012 bis 2013 war er Rechtsberater der Bankaktiengesellschaft \"Piraeus Bank\" und ist derzeit Rechtsberater der Gesellschaft \"ATE S.A.\" in Sonderliquidation.\u00a0<\/p><p>W\u00e4hrend seines Studiums war er Mitglied der PASP in den Studentenwohnheimen von Thessaloniki. In Igoumenitsa trat er der PASOK-Organisation Igoumenitsa bei und war ihr Sekret\u00e4r. In der Kommunalverwaltung war er seit 1986 Mitglied des Gemeinderats von Karvounari. Im Jahr 1999 wurde er in den Stadtrat von Igoumenitsa gew\u00e4hlt. Von 1999 bis 2000 war er stellvertretender B\u00fcrgermeister und von 2000 bis 2002 wurde er zum Vorsitzenden der Kulturorganisation der oben genannten Gemeinde gew\u00e4hlt. Von 2002 bis 2006 wurde er als Unabh\u00e4ngiger zum Vorsitzenden einer Kombination gew\u00e4hlt und hat seither nicht mehr an Wahlen teilgenommen.\u00a0<\/p><p>In den Jahren 1993 und 1996 kandidierte er als Abgeordneter der PASOK in der Pr\u00e4fektur Thesprotia. <br \/>Von 1984 bis 2004 war er Pr\u00e4sident der Epsa von Thesprotia.<br \/>Von 2000 bis 2008 war er gew\u00e4hltes Mitglied des Verwaltungsrats des Griechischen Fu\u00dfballverbands. Er war vier Jahre lang Vizepr\u00e4sident des EPA, Mitglied des Ausschusses f\u00fcr internationale Beziehungen, Leiter der UEFA-Lizenzierungsstelle und zwei Jahre lang UEFA-Beobachter. <br \/>Sprachen: Englisch<br \/>Vorl\u00e4ufige T\u00e4tigkeitsbereiche: Zivilrecht, Handelsrecht, Strafrecht, \u00d6ffentliches Recht, Sportrecht<\/p>\t\t\t\t\t\t\t\t<\/div>\n\t\t\t\t<\/div>\n\t\t\t\t\t<\/div>\n\t\t<\/div>\n\t\t\t\t\t<\/div>\n\t\t<\/section>\n\t\t\t\t\t<\/div>\n\t\t<\/div>\n\t\t\t\t\t<\/div>\n\t\t<\/section>\n\t\t\t\t<\/div>","protected":false},"excerpt":{"rendered":"<p>George V. Sidoris E-Mail sidorisgiorgos@gmail.com Telefon +306944253331 Adresse 29 Gregorios Lambrakis 29, Igoumenitsa, Igoumenitsa ... <\/p>","protected":false},"author":1,"featured_media":0,"parent":0,"menu_order":0,"comment_status":"closed","ping_status":"closed","template":"","meta":{"footnotes":""},"class_list":["post-1932","page","type-page","status-publish","hentry"],"yoast_head":"<!-- This site is optimized with the Yoast SEO plugin v26.7 - https:\/\/yoast.com\/wordpress\/plugins\/seo\/ -->\n<title>\u0393\u03b5\u03ce\u03c1\u03b3\u03b9\u03bf\u03c2 \u0392. \u03a3\u03b9\u03bd\u03c4\u03cc\u03c1\u03b7\u03c2 - \u0394\u03b9\u03ba\u03b7\u03b3\u03cc\u03c1\u03bf\u03c2 - \u0398\u03b5\u03c3\u03c0\u03c1\u03c4\u03c9\u03c4\u03af\u03b1 - \u0389\u03c0\u03b5\u03b9\u03c1\u03bf\u03c2<\/title>\n<meta name=\"description\" content=\"\u03a4\u03bf 1982 \u03b4\u03b9\u03bf\u03c1\u03af\u03c3\u03c4\u03b7\u03ba\u03b5 \u03b4\u03b9\u03ba\u03b7\u03b3\u03cc\u03c1\u03bf\u03c2 \u03c3\u03c4\u03b7\u03bd \u0398\u03b5\u03c3\u03c0\u03c1\u03c9\u03c4\u03af\u03b1, \u03b5\u03bd\u03ce \u03b5\u03af\u03bd\u03b1\u03b9 \u03bc\u03ad\u03bb\u03bf\u03c2 \u03c4\u03bf\u03c5 \u0394\u03b9\u03ba\u03b7\u03b3\u03bf\u03c1\u03b9\u03ba\u03bf\u03cd \u03a3\u03c5\u03bb\u03bb\u03cc\u03b3\u03bf\u03c5 \u03bc\u03ad\u03c7\u03c1\u03b9 \u03ba\u03b1\u03b9 \u03c3\u03ae\u03bc\u03b5\u03c1\u03b1, \u03c0\u03c1\u03bf\u03b1\u03c7\u03b8\u03b5\u03af\u03c2 \u03c3\u03b5 \u03b4\u03b9\u03ba\u03b7\u03b3\u03cc\u03c1\u03bf \u03a0\u03b1\u03c1\u0384\u0391\u03c1\u03b5\u03af\u03c9 \u03a0\u03ac\u03b3\u03c9.\" \/>\n<meta name=\"robots\" content=\"index, follow, max-snippet:-1, max-image-preview:large, max-video-preview:-1\" \/>\n<link rel=\"canonical\" href=\"https:\/\/sintorislaw.gr\/de\/giorgos-b-sintoris-dikigoros\/\" \/>\n<meta property=\"og:locale\" content=\"de_DE\" \/>\n<meta property=\"og:type\" content=\"article\" \/>\n<meta property=\"og:title\" content=\"\u0393\u03b5\u03ce\u03c1\u03b3\u03b9\u03bf\u03c2 \u0392. \u03a3\u03b9\u03bd\u03c4\u03cc\u03c1\u03b7\u03c2 - \u0394\u03b9\u03ba\u03b7\u03b3\u03cc\u03c1\u03bf\u03c2 - \u0398\u03b5\u03c3\u03c0\u03c1\u03c4\u03c9\u03c4\u03af\u03b1 - \u0389\u03c0\u03b5\u03b9\u03c1\u03bf\u03c2\" \/>\n<meta property=\"og:description\" content=\"\u03a4\u03bf 1982 \u03b4\u03b9\u03bf\u03c1\u03af\u03c3\u03c4\u03b7\u03ba\u03b5 \u03b4\u03b9\u03ba\u03b7\u03b3\u03cc\u03c1\u03bf\u03c2 \u03c3\u03c4\u03b7\u03bd \u0398\u03b5\u03c3\u03c0\u03c1\u03c9\u03c4\u03af\u03b1, \u03b5\u03bd\u03ce \u03b5\u03af\u03bd\u03b1\u03b9 \u03bc\u03ad\u03bb\u03bf\u03c2 \u03c4\u03bf\u03c5 \u0394\u03b9\u03ba\u03b7\u03b3\u03bf\u03c1\u03b9\u03ba\u03bf\u03cd \u03a3\u03c5\u03bb\u03bb\u03cc\u03b3\u03bf\u03c5 \u03bc\u03ad\u03c7\u03c1\u03b9 \u03ba\u03b1\u03b9 \u03c3\u03ae\u03bc\u03b5\u03c1\u03b1, \u03c0\u03c1\u03bf\u03b1\u03c7\u03b8\u03b5\u03af\u03c2 \u03c3\u03b5 \u03b4\u03b9\u03ba\u03b7\u03b3\u03cc\u03c1\u03bf \u03a0\u03b1\u03c1\u0384\u0391\u03c1\u03b5\u03af\u03c9 \u03a0\u03ac\u03b3\u03c9.\" \/>\n<meta property=\"og:url\" content=\"https:\/\/sintorislaw.gr\/de\/giorgos-b-sintoris-dikigoros\/\" \/>\n<meta property=\"og:site_name\" content=\"\u0394\u03b9\u03ba\u03b7\u03b3\u03cc\u03c1\u03bf\u03b9 \u0393. \u03ba\u03b1\u03b9 \u039a. \u03a3\u03b9\u03bd\u03c4\u03cc\u03c1\u03b7\u03c2 \u03ba\u03b1\u03b9 \u03a3\u03c5\u03bd\u03b5\u03c1\u03b3\u03ac\u03c4\u03b5\u03c2 - \u0397\u03b3\u03bf\u03c5\u03bc\u03b5\u03bd\u03af\u03c4\u03c3\u03b1\" \/>\n<meta property=\"article:publisher\" content=\"https:\/\/www.facebook.com\/sintorislaw\/\" \/>\n<meta property=\"article:modified_time\" content=\"2023-07-13T08:19:59+00:00\" \/>\n<meta property=\"og:image\" content=\"https:\/\/sintorislaw.gr\/wp-content\/uploads\/2023\/04\/georgios-sintoris-dikigoros.jpg\" \/>\n<meta name=\"twitter:card\" content=\"summary_large_image\" \/>\n<meta name=\"twitter:label1\" content=\"Gesch\u00e4tzte Lesezeit\" \/>\n\t<meta name=\"twitter:data1\" content=\"2\u00a0Minuten\" \/>\n<script type=\"application\/ld+json\" class=\"yoast-schema-graph\">{\"@context\":\"https:\/\/schema.org\",\"@graph\":[{\"@type\":\"WebPage\",\"@id\":\"https:\/\/sintorislaw.gr\/giorgos-b-sintoris-dikigoros\/\",\"url\":\"https:\/\/sintorislaw.gr\/giorgos-b-sintoris-dikigoros\/\",\"name\":\"\u0393\u03b5\u03ce\u03c1\u03b3\u03b9\u03bf\u03c2 \u0392. \u03a3\u03b9\u03bd\u03c4\u03cc\u03c1\u03b7\u03c2 - \u0394\u03b9\u03ba\u03b7\u03b3\u03cc\u03c1\u03bf\u03c2 - \u0398\u03b5\u03c3\u03c0\u03c1\u03c4\u03c9\u03c4\u03af\u03b1 - \u0389\u03c0\u03b5\u03b9\u03c1\u03bf\u03c2\",\"isPartOf\":{\"@id\":\"https:\/\/sintorislaw.gr\/#website\"},\"primaryImageOfPage\":{\"@id\":\"https:\/\/sintorislaw.gr\/giorgos-b-sintoris-dikigoros\/#primaryimage\"},\"image\":{\"@id\":\"https:\/\/sintorislaw.gr\/giorgos-b-sintoris-dikigoros\/#primaryimage\"},\"thumbnailUrl\":\"https:\/\/sintorislaw.gr\/wp-content\/uploads\/2023\/04\/georgios-sintoris-dikigoros.jpg\",\"datePublished\":\"2023-06-09T14:13:41+00:00\",\"dateModified\":\"2023-07-13T08:19:59+00:00\",\"description\":\"\u03a4\u03bf 1982 \u03b4\u03b9\u03bf\u03c1\u03af\u03c3\u03c4\u03b7\u03ba\u03b5 \u03b4\u03b9\u03ba\u03b7\u03b3\u03cc\u03c1\u03bf\u03c2 \u03c3\u03c4\u03b7\u03bd \u0398\u03b5\u03c3\u03c0\u03c1\u03c9\u03c4\u03af\u03b1, \u03b5\u03bd\u03ce \u03b5\u03af\u03bd\u03b1\u03b9 \u03bc\u03ad\u03bb\u03bf\u03c2 \u03c4\u03bf\u03c5 \u0394\u03b9\u03ba\u03b7\u03b3\u03bf\u03c1\u03b9\u03ba\u03bf\u03cd \u03a3\u03c5\u03bb\u03bb\u03cc\u03b3\u03bf\u03c5 \u03bc\u03ad\u03c7\u03c1\u03b9 \u03ba\u03b1\u03b9 \u03c3\u03ae\u03bc\u03b5\u03c1\u03b1, \u03c0\u03c1\u03bf\u03b1\u03c7\u03b8\u03b5\u03af\u03c2 \u03c3\u03b5 \u03b4\u03b9\u03ba\u03b7\u03b3\u03cc\u03c1\u03bf \u03a0\u03b1\u03c1\u0384\u0391\u03c1\u03b5\u03af\u03c9 \u03a0\u03ac\u03b3\u03c9.\",\"breadcrumb\":{\"@id\":\"https:\/\/sintorislaw.gr\/giorgos-b-sintoris-dikigoros\/#breadcrumb\"},\"inLanguage\":\"de\",\"potentialAction\":[{\"@type\":\"ReadAction\",\"target\":[\"https:\/\/sintorislaw.gr\/giorgos-b-sintoris-dikigoros\/\"]}]},{\"@type\":\"ImageObject\",\"inLanguage\":\"de\",\"@id\":\"https:\/\/sintorislaw.gr\/giorgos-b-sintoris-dikigoros\/#primaryimage\",\"url\":\"https:\/\/sintorislaw.gr\/wp-content\/uploads\/2023\/04\/georgios-sintoris-dikigoros.jpg\",\"contentUrl\":\"https:\/\/sintorislaw.gr\/wp-content\/uploads\/2023\/04\/georgios-sintoris-dikigoros.jpg\"},{\"@type\":\"BreadcrumbList\",\"@id\":\"https:\/\/sintorislaw.gr\/giorgos-b-sintoris-dikigoros\/#breadcrumb\",\"itemListElement\":[{\"@type\":\"ListItem\",\"position\":1,\"name\":\"\u0391\u03c1\u03c7\u03b9\u03ba\u03ae\",\"item\":\"https:\/\/sintorislaw.gr\/\"},{\"@type\":\"ListItem\",\"position\":2,\"name\":\"\u0393\u03b5\u03ce\u03c1\u03b3\u03b9\u03bf\u03c2 \u0392. \u03a3\u03b9\u03bd\u03c4\u03cc\u03c1\u03b7\u03c2\"}]},{\"@type\":\"WebSite\",\"@id\":\"https:\/\/sintorislaw.gr\/#website\",\"url\":\"https:\/\/sintorislaw.gr\/\",\"name\":\"\u0393\u03b5\u03ce\u03c1\u03b3\u03b9\u03bf\u03c2 \u03ba\u03b1\u03b9 \u039a\u03c9\u03bd\u03c3\u03c4\u03b1\u03bd\u03c4\u03af\u03bd\u03bf\u03c2 \u03a3\u03b9\u03bd\u03c4\u03cc\u03c1\u03b7\u03c2 \u03ba\u03b1\u03b9 \u03a3\u03c5\u03bd\u03b5\u03c1\u03b3\u03ac\u03c4\u03b5\u03c2 - \u0397\u03b3\u03bf\u03c5\u03bc\u03b5\u03bd\u03af\u03c4\u03c3\u03b1\",\"description\":\"\u0394\u03b9\u03ba\u03b7\u03b3\u03cc\u03c1\u03bf\u03b9 \u03bc\u03b5 \u03bc\u03b1\u03ba\u03c1\u03bf\u03c7\u03c1\u03cc\u03bd\u03b9\u03b1 \u03b5\u03bc\u03c0\u03b5\u03b9\u03c1\u03af\u03b1 \u03ba\u03b1\u03b9 \u03b5\u03c0\u03b9\u03c3\u03c4\u03b7\u03bc\u03bf\u03bd\u03b9\u03ba\u03ae \u03ba\u03b1\u03c4\u03ac\u03c1\u03c4\u03b9\u03c3\u03b7. \u039c\u03b5 \u03ad\u03b4\u03c1\u03b1 \u03c4\u03b7\u03bd \u0397\u03b3\u03bf\u03c5\u03bc\u03b5\u03bd\u03af\u03c4\u03c3\u03b1, \u03b4\u03c1\u03b1\u03c3\u03c4\u03b7\u03c1\u03b9\u03bf\u03c0\u03bf\u03b9\u03bf\u03cd\u03bc\u03b1\u03c3\u03c4\u03b5 \u03c3\u03c4\u03b1 \u0399\u03c9\u03ac\u03bd\u03bd\u03b9\u03bd\u03b1 \u03ba\u03b1\u03b9 \u03c4\u03b7\u03bd \u039a\u03ad\u03c1\u03ba\u03c5\u03c1\u03b1.\",\"publisher\":{\"@id\":\"https:\/\/sintorislaw.gr\/#organization\"},\"alternateName\":\"\u0394\u03b9\u03ba\u03b7\u03b3\u03bf\u03c1\u03b9\u03ba\u03cc \u03b3\u03c1\u03b1\u03c6\u03b5\u03af\u03bf - \u03a3\u03b9\u03bd\u03c4\u03cc\u03c1\u03b7\u03c2 \u03ba\u03b1\u03b9 \u03a3\u03c5\u03bd\u03b5\u03c1\u03b3\u03ac\u03c4\u03b5\u03c2\",\"potentialAction\":[{\"@type\":\"SearchAction\",\"target\":{\"@type\":\"EntryPoint\",\"urlTemplate\":\"https:\/\/sintorislaw.gr\/?s={search_term_string}\"},\"query-input\":{\"@type\":\"PropertyValueSpecification\",\"valueRequired\":true,\"valueName\":\"search_term_string\"}}],\"inLanguage\":\"de\"},{\"@type\":\"Organization\",\"@id\":\"https:\/\/sintorislaw.gr\/#organization\",\"name\":\"\u0393\u03b5\u03ce\u03c1\u03b3\u03b9\u03bf\u03c2 \u03ba\u03b1\u03b9 \u039a\u03c9\u03bd\u03c3\u03c4\u03b1\u03bd\u03c4\u03af\u03bd\u03bf\u03c2 \u03a3\u03b9\u03bd\u03c4\u03cc\u03c1\u03b7\u03c2 \u03ba\u03b1\u03b9 \u03a3\u03c5\u03bd\u03b5\u03c1\u03b3\u03ac\u03c4\u03b5\u03c2 - \u0397\u03b3\u03bf\u03c5\u03bc\u03b5\u03bd\u03af\u03c4\u03c3\u03b1, \u0398\u03b5\u03c3\u03c0\u03c1\u03c9\u03c4\u03af\u03b1\",\"url\":\"https:\/\/sintorislaw.gr\/\",\"logo\":{\"@type\":\"ImageObject\",\"inLanguage\":\"de\",\"@id\":\"https:\/\/sintorislaw.gr\/#\/schema\/logo\/image\/\",\"url\":\"https:\/\/sintorislaw.gr\/wp-content\/uploads\/2023\/04\/cropped-favicon-sintorislaw.jpg\",\"contentUrl\":\"https:\/\/sintorislaw.gr\/wp-content\/uploads\/2023\/04\/cropped-favicon-sintorislaw.jpg\",\"width\":512,\"height\":512,\"caption\":\"\u0393\u03b5\u03ce\u03c1\u03b3\u03b9\u03bf\u03c2 \u03ba\u03b1\u03b9 \u039a\u03c9\u03bd\u03c3\u03c4\u03b1\u03bd\u03c4\u03af\u03bd\u03bf\u03c2 \u03a3\u03b9\u03bd\u03c4\u03cc\u03c1\u03b7\u03c2 \u03ba\u03b1\u03b9 \u03a3\u03c5\u03bd\u03b5\u03c1\u03b3\u03ac\u03c4\u03b5\u03c2 - \u0397\u03b3\u03bf\u03c5\u03bc\u03b5\u03bd\u03af\u03c4\u03c3\u03b1, \u0398\u03b5\u03c3\u03c0\u03c1\u03c9\u03c4\u03af\u03b1\"},\"image\":{\"@id\":\"https:\/\/sintorislaw.gr\/#\/schema\/logo\/image\/\"},\"sameAs\":[\"https:\/\/www.facebook.com\/sintorislaw\/\"]}]}<\/script>\n<!-- \/ Yoast SEO plugin. -->","yoast_head_json":{"title":"George V. Sidoris - Rechtsanwalt - Thesptotia - Epirus","description":"Im Jahr 1982 wurde er zum Rechtsanwalt in Thesprotia ernannt und ist bis heute Mitglied der Anwaltskammer, nachdem er zum Attorney at Law bef\u00f6rdert wurde.","robots":{"index":"index","follow":"follow","max-snippet":"max-snippet:-1","max-image-preview":"max-image-preview:large","max-video-preview":"max-video-preview:-1"},"canonical":"https:\/\/sintorislaw.gr\/de\/giorgos-b-sintoris-dikigoros\/","og_locale":"de_DE","og_type":"article","og_title":"\u0393\u03b5\u03ce\u03c1\u03b3\u03b9\u03bf\u03c2 \u0392. \u03a3\u03b9\u03bd\u03c4\u03cc\u03c1\u03b7\u03c2 - \u0394\u03b9\u03ba\u03b7\u03b3\u03cc\u03c1\u03bf\u03c2 - \u0398\u03b5\u03c3\u03c0\u03c1\u03c4\u03c9\u03c4\u03af\u03b1 - \u0389\u03c0\u03b5\u03b9\u03c1\u03bf\u03c2","og_description":"\u03a4\u03bf 1982 \u03b4\u03b9\u03bf\u03c1\u03af\u03c3\u03c4\u03b7\u03ba\u03b5 \u03b4\u03b9\u03ba\u03b7\u03b3\u03cc\u03c1\u03bf\u03c2 \u03c3\u03c4\u03b7\u03bd \u0398\u03b5\u03c3\u03c0\u03c1\u03c9\u03c4\u03af\u03b1, \u03b5\u03bd\u03ce \u03b5\u03af\u03bd\u03b1\u03b9 \u03bc\u03ad\u03bb\u03bf\u03c2 \u03c4\u03bf\u03c5 \u0394\u03b9\u03ba\u03b7\u03b3\u03bf\u03c1\u03b9\u03ba\u03bf\u03cd \u03a3\u03c5\u03bb\u03bb\u03cc\u03b3\u03bf\u03c5 \u03bc\u03ad\u03c7\u03c1\u03b9 \u03ba\u03b1\u03b9 \u03c3\u03ae\u03bc\u03b5\u03c1\u03b1, \u03c0\u03c1\u03bf\u03b1\u03c7\u03b8\u03b5\u03af\u03c2 \u03c3\u03b5 \u03b4\u03b9\u03ba\u03b7\u03b3\u03cc\u03c1\u03bf \u03a0\u03b1\u03c1\u0384\u0391\u03c1\u03b5\u03af\u03c9 \u03a0\u03ac\u03b3\u03c9.","og_url":"https:\/\/sintorislaw.gr\/de\/giorgos-b-sintoris-dikigoros\/","og_site_name":"\u0394\u03b9\u03ba\u03b7\u03b3\u03cc\u03c1\u03bf\u03b9 \u0393. \u03ba\u03b1\u03b9 \u039a. \u03a3\u03b9\u03bd\u03c4\u03cc\u03c1\u03b7\u03c2 \u03ba\u03b1\u03b9 \u03a3\u03c5\u03bd\u03b5\u03c1\u03b3\u03ac\u03c4\u03b5\u03c2 - \u0397\u03b3\u03bf\u03c5\u03bc\u03b5\u03bd\u03af\u03c4\u03c3\u03b1","article_publisher":"https:\/\/www.facebook.com\/sintorislaw\/","article_modified_time":"2023-07-13T08:19:59+00:00","og_image":[{"url":"https:\/\/sintorislaw.gr\/wp-content\/uploads\/2023\/04\/georgios-sintoris-dikigoros.jpg","type":"","width":"","height":""}],"twitter_card":"summary_large_image","twitter_misc":{"Gesch\u00e4tzte Lesezeit":"2\u00a0Minuten"},"schema":{"@context":"https:\/\/schema.org","@graph":[{"@type":"WebPage","@id":"https:\/\/sintorislaw.gr\/giorgos-b-sintoris-dikigoros\/","url":"https:\/\/sintorislaw.gr\/giorgos-b-sintoris-dikigoros\/","name":"George V. Sidoris - Rechtsanwalt - Thesptotia - Epirus","isPartOf":{"@id":"https:\/\/sintorislaw.gr\/#website"},"primaryImageOfPage":{"@id":"https:\/\/sintorislaw.gr\/giorgos-b-sintoris-dikigoros\/#primaryimage"},"image":{"@id":"https:\/\/sintorislaw.gr\/giorgos-b-sintoris-dikigoros\/#primaryimage"},"thumbnailUrl":"https:\/\/sintorislaw.gr\/wp-content\/uploads\/2023\/04\/georgios-sintoris-dikigoros.jpg","datePublished":"2023-06-09T14:13:41+00:00","dateModified":"2023-07-13T08:19:59+00:00","description":"Im Jahr 1982 wurde er zum Rechtsanwalt in Thesprotia ernannt und ist bis heute Mitglied der Anwaltskammer, nachdem er zum Attorney at Law bef\u00f6rdert wurde.","breadcrumb":{"@id":"https:\/\/sintorislaw.gr\/giorgos-b-sintoris-dikigoros\/#breadcrumb"},"inLanguage":"de","potentialAction":[{"@type":"ReadAction","target":["https:\/\/sintorislaw.gr\/giorgos-b-sintoris-dikigoros\/"]}]},{"@type":"ImageObject","inLanguage":"de","@id":"https:\/\/sintorislaw.gr\/giorgos-b-sintoris-dikigoros\/#primaryimage","url":"https:\/\/sintorislaw.gr\/wp-content\/uploads\/2023\/04\/georgios-sintoris-dikigoros.jpg","contentUrl":"https:\/\/sintorislaw.gr\/wp-content\/uploads\/2023\/04\/georgios-sintoris-dikigoros.jpg"},{"@type":"BreadcrumbList","@id":"https:\/\/sintorislaw.gr\/giorgos-b-sintoris-dikigoros\/#breadcrumb","itemListElement":[{"@type":"ListItem","position":1,"name":"\u0391\u03c1\u03c7\u03b9\u03ba\u03ae","item":"https:\/\/sintorislaw.gr\/"},{"@type":"ListItem","position":2,"name":"\u0393\u03b5\u03ce\u03c1\u03b3\u03b9\u03bf\u03c2 \u0392. \u03a3\u03b9\u03bd\u03c4\u03cc\u03c1\u03b7\u03c2"}]},{"@type":"WebSite","@id":"https:\/\/sintorislaw.gr\/#website","url":"https:\/\/sintorislaw.gr\/","name":"Georgios und Konstantinos Sidoris und Partner - Igoumenitsa","description":"Anw\u00e4lte mit langj\u00e4hriger Erfahrung und wissenschaftlicher Ausbildung. Wir haben unseren Sitz in Igoumenitsa und sind in Ioannina und Korfu t\u00e4tig.","publisher":{"@id":"https:\/\/sintorislaw.gr\/#organization"},"alternateName":"\u0394\u03b9\u03ba\u03b7\u03b3\u03bf\u03c1\u03b9\u03ba\u03cc \u03b3\u03c1\u03b1\u03c6\u03b5\u03af\u03bf - \u03a3\u03b9\u03bd\u03c4\u03cc\u03c1\u03b7\u03c2 \u03ba\u03b1\u03b9 \u03a3\u03c5\u03bd\u03b5\u03c1\u03b3\u03ac\u03c4\u03b5\u03c2","potentialAction":[{"@type":"SearchAction","target":{"@type":"EntryPoint","urlTemplate":"https:\/\/sintorislaw.gr\/?s={search_term_string}"},"query-input":{"@type":"PropertyValueSpecification","valueRequired":true,"valueName":"search_term_string"}}],"inLanguage":"de"},{"@type":"Organization","@id":"https:\/\/sintorislaw.gr\/#organization","name":"Georgios und Konstantinos Sidoris und Partner - Igoumenitsa, Thesprotia","url":"https:\/\/sintorislaw.gr\/","logo":{"@type":"ImageObject","inLanguage":"de","@id":"https:\/\/sintorislaw.gr\/#\/schema\/logo\/image\/","url":"https:\/\/sintorislaw.gr\/wp-content\/uploads\/2023\/04\/cropped-favicon-sintorislaw.jpg","contentUrl":"https:\/\/sintorislaw.gr\/wp-content\/uploads\/2023\/04\/cropped-favicon-sintorislaw.jpg","width":512,"height":512,"caption":"\u0393\u03b5\u03ce\u03c1\u03b3\u03b9\u03bf\u03c2 \u03ba\u03b1\u03b9 \u039a\u03c9\u03bd\u03c3\u03c4\u03b1\u03bd\u03c4\u03af\u03bd\u03bf\u03c2 \u03a3\u03b9\u03bd\u03c4\u03cc\u03c1\u03b7\u03c2 \u03ba\u03b1\u03b9 \u03a3\u03c5\u03bd\u03b5\u03c1\u03b3\u03ac\u03c4\u03b5\u03c2 - \u0397\u03b3\u03bf\u03c5\u03bc\u03b5\u03bd\u03af\u03c4\u03c3\u03b1, \u0398\u03b5\u03c3\u03c0\u03c1\u03c9\u03c4\u03af\u03b1"},"image":{"@id":"https:\/\/sintorislaw.gr\/#\/schema\/logo\/image\/"},"sameAs":["https:\/\/www.facebook.com\/sintorislaw\/"]}]}},"_links":{"self":[{"href":"https:\/\/sintorislaw.gr\/de\/wp-json\/wp\/v2\/pages\/1932","targetHints":{"allow":["GET"]}}],"collection":[{"href":"https:\/\/sintorislaw.gr\/de\/wp-json\/wp\/v2\/pages"}],"about":[{"href":"https:\/\/sintorislaw.gr\/de\/wp-json\/wp\/v2\/types\/page"}],"author":[{"embeddable":true,"href":"https:\/\/sintorislaw.gr\/de\/wp-json\/wp\/v2\/users\/1"}],"replies":[{"embeddable":true,"href":"https:\/\/sintorislaw.gr\/de\/wp-json\/wp\/v2\/comments?post=1932"}],"version-history":[{"count":0,"href":"https:\/\/sintorislaw.gr\/de\/wp-json\/wp\/v2\/pages\/1932\/revisions"}],"wp:attachment":[{"href":"https:\/\/sintorislaw.gr\/de\/wp-json\/wp\/v2\/media?parent=1932"}],"curies":[{"name":"wp","href":"https:\/\/api.w.org\/{rel}","templated":true}]}}